{"id":25762,"date":"2025-06-12T13:59:09","date_gmt":"2025-06-12T11:59:09","guid":{"rendered":"https:\/\/winstage.at\/your-user-account\/"},"modified":"2026-01-15T13:28:42","modified_gmt":"2026-01-15T12:28:42","slug":"your-user-account","status":"publish","type":"page","link":"https:\/\/winstage.at\/en\/your-user-account\/","title":{"rendered":"Your User Account"},"content":{"rendered":"<div class=\"wpb-content-wrapper\"><p>[vc_row full_width=&#8221;stretch_row_content_no_spaces&#8221;][vc_column]        <section  class=\"content-part pt-xl-230 pt-md-180 pt-110 pb-md-100 pb-40 \">\n            <div class=\"container\">                    <div class=\"content-title font-65 mb-md-40 mb-25 wow fadeInUp\" data-wow-delay=\"0.2s\" data-wow-duration=\"0.6s\">\n                        <h1>Ihre Benutzerkonto<\/h1>\n                    <\/div>                    <div class=\"content-info font-weight-light mb-md-40 mb-25 wow fadeInUp\" data-wow-delay=\"0.2s\" data-wow-duration=\"0.6s\">\n                        <p>Bitte \u00fcberpr\u00fcfen Sie Ihre Eingabe und senden Sie die Daten zur \u00dcberpr\u00fcfung an uns.<\/p>\n                    <\/div>            <\/div>\n        <\/section>[\/vc_column][\/vc_row]<\/p>\n<\/div>","protected":false},"excerpt":{"rendered":"<p>[vc_row full_width=&#8221;stretch_row_content_no_spaces&#8221;][vc_column][\/vc_column][\/vc_row]<\/p>\n","protected":false},"author":1,"featured_media":0,"parent":0,"menu_order":0,"comment_status":"closed","ping_status":"closed","template":"","meta":{"_acf_changed":false,"iawp_total_views":0,"footnotes":""},"class_list":["post-25762","page","type-page","status-publish","hentry"],"acf":[],"_links":{"self":[{"href":"https:\/\/winstage.at\/en\/wp-json\/wp\/v2\/pages\/25762","targetHints":{"allow":["GET"]}}],"collection":[{"href":"https:\/\/winstage.at\/en\/wp-json\/wp\/v2\/pages"}],"about":[{"href":"https:\/\/winstage.at\/en\/wp-json\/wp\/v2\/types\/page"}],"author":[{"embeddable":true,"href":"https:\/\/winstage.at\/en\/wp-json\/wp\/v2\/users\/1"}],"replies":[{"embeddable":true,"href":"https:\/\/winstage.at\/en\/wp-json\/wp\/v2\/comments?post=25762"}],"version-history":[{"count":0,"href":"https:\/\/winstage.at\/en\/wp-json\/wp\/v2\/pages\/25762\/revisions"}],"wp:attachment":[{"href":"https:\/\/winstage.at\/en\/wp-json\/wp\/v2\/media?parent=25762"}],"curies":[{"name":"wp","href":"https:\/\/api.w.org\/{rel}","templated":true}]}}