{"id":26289,"date":"2025-10-15T12:27:30","date_gmt":"2025-10-15T10:27:30","guid":{"rendered":"https:\/\/winstage.at\/hochgeladene-objekte\/"},"modified":"2026-01-15T13:27:14","modified_gmt":"2026-01-15T12:27:14","slug":"hochgeladene-objekte","status":"publish","type":"page","link":"https:\/\/winstage.at\/en\/hochgeladene-objekte\/","title":{"rendered":"Hochgeladene Objekte"},"content":{"rendered":"<div class=\"wpb-content-wrapper\"><p>[vc_row full_width=&#8221;stretch_row_content_no_spaces&#8221;][vc_column]        \n        <section  class=\"content-part pt-xl-230 pt-md-180 pt-110 pb-md-100 pb-40 \">\n            <div class=\"container\">\n                <div class=\"content-title font-65 mb-md-60 mb-30 wow fadeInUp\" data-wow-delay=\"0.2s\" data-wow-duration=\"0.6s\">                        <h1>Hochgeladene Objekte<\/h1><p>Bitte \u00fcberpr\u00fcfen Sie Ihre Eingabe und senden Sie die Daten zur \u00dcberpr\u00fcfung an uns.<\/p>\n                <\/div>\n                <div class=\"contact-form wow fadeInUp\" data-wow-delay=\"0.2s\" data-wow-duration=\"0.6s\">                    <form class=\"winstage-ihre-eingabe-form\">\n                        <div class=\"submit-btn step-btn-outer\"><input type=\"hidden\" id=\"winstage_daten_save_security\" name=\"winstage_daten_save_security\" value=\"de8782418e\" \/><input type=\"hidden\" name=\"_wp_http_referer\" value=\"\/en\/wp-json\/wp\/v2\/pages\/26289\" \/>                            <input type=\"hidden\" name=\"cache\">\n                            <input type=\"hidden\" name=\"action\" id=\"winstage_daten_save\" value=\"winstage_daten_save\">                                <button type=\"submit\" class=\"btn btn-green btn-right-side\" id=\"winstage-daten-senden-btn\">Send data for verification and pay<\/button>                            <a href=\"https:\/\/winstage.at\/en\/object-descriptions\/\" class=\"btn btn-left-side\">Back<\/a>\n                        <\/div>\n                    <\/form>\n                    <div class=\"row mt-30\">\n                        <div class=\"col-lg-12 col-md-12 col-sm-12 col-12\">\n                            <div id=\"winstage-ihre-eingabe-messages\" class=\"winstage-form-messages\"><\/div>\n                        <\/div>\n                    <\/div>\n                <\/div>\n            <\/div>\n        <\/section>[\/vc_column][\/vc_row]<\/p>\n<\/div>","protected":false},"excerpt":{"rendered":"<p>[vc_row full_width=&#8221;stretch_row_content_no_spaces&#8221;][vc_column][\/vc_column][\/vc_row]<\/p>\n","protected":false},"author":1,"featured_media":0,"parent":0,"menu_order":0,"comment_status":"closed","ping_status":"closed","template":"","meta":{"_acf_changed":false,"iawp_total_views":0,"footnotes":""},"class_list":["post-26289","page","type-page","status-publish","hentry"],"acf":[],"_links":{"self":[{"href":"https:\/\/winstage.at\/en\/wp-json\/wp\/v2\/pages\/26289","targetHints":{"allow":["GET"]}}],"collection":[{"href":"https:\/\/winstage.at\/en\/wp-json\/wp\/v2\/pages"}],"about":[{"href":"https:\/\/winstage.at\/en\/wp-json\/wp\/v2\/types\/page"}],"author":[{"embeddable":true,"href":"https:\/\/winstage.at\/en\/wp-json\/wp\/v2\/users\/1"}],"replies":[{"embeddable":true,"href":"https:\/\/winstage.at\/en\/wp-json\/wp\/v2\/comments?post=26289"}],"version-history":[{"count":0,"href":"https:\/\/winstage.at\/en\/wp-json\/wp\/v2\/pages\/26289\/revisions"}],"wp:attachment":[{"href":"https:\/\/winstage.at\/en\/wp-json\/wp\/v2\/media?parent=26289"}],"curies":[{"name":"wp","href":"https:\/\/api.w.org\/{rel}","templated":true}]}}