{"id":31959,"date":"2025-12-16T10:20:21","date_gmt":"2025-12-16T09:20:21","guid":{"rendered":"https:\/\/winstage.at\/kuenstler-daten-vip\/"},"modified":"2026-01-15T13:26:35","modified_gmt":"2026-01-15T12:26:35","slug":"kuenstler-daten-vip","status":"publish","type":"page","link":"https:\/\/winstage.at\/en\/kuenstler-daten-vip\/","title":{"rendered":"K\u00fcnstler Daten VIP"},"content":{"rendered":"<div class=\"wpb-content-wrapper\"><p>[vc_row full_width=&#8221;stretch_row_content_no_spaces&#8221;][vc_column]        \n\n        <section  class=\"content-part pt-xl-230 pt-md-180 pt-110 pb-md-100 pb-40 \">\n            <div class=\"container\">                    <div class=\"content-title font-65 p-font-30 mb-md-60 mb-30 wow fadeInUp\" data-wow-delay=\"0.2s\" data-wow-duration=\"0.6s\">                            <h1>K\u00fcnstler Daten VPI<\/h1>                            <p>(nicht \u00f6ffentlich)<\/p>                    <\/div>                <div class=\"contact-form wow fadeInUp\" data-wow-delay=\"0.2s\" data-wow-duration=\"0.6s\"><p>Bitte geben Sie hier die Daten ein, die nur f\u00fcr WinStage ersichtlich sind.<\/p>\n                    <form class=\"winstage-kunstler-daten-form\">                        \n                        <div class=\"row\">\n                            <div class=\"col-lg-4 col-md-6 col-sm-12 col-12\">\n                                <div class=\"input-div\">\n                                    <input type=\"text\" name=\"user_vorname\" value=\"\" placeholder=\"First Name*\">\n                                <\/div>\n                            <\/div>\n                            <div class=\"col-lg-4 col-md-6 col-sm-12 col-12\">\n                                <div class=\"input-div\">\n                                    <input type=\"text\" name=\"user_nachname\" value=\"\" placeholder=\"Last Name*\">\n                                <\/div>\n                            <\/div>\n                            <div class=\"col-lg-4 col-md-6 col-sm-12 col-12\">\n                                <div class=\"input-div\">\n                                    <span class=\"geburtsdatum-icon\"><\/span>\n                                    <input type=\"text\" name=\"user_geburtsdatum\" value=\"\" placeholder=\"Date of Birth*\">\n                                <\/div>\n                            <\/div>\n                            <div class=\"col-lg-4 col-md-6 col-sm-12 col-12\">\n                                <div class=\"input-div\"><p class=\"form-row select-dropbox\" id=\"user_land_field\" data-priority=\"\"><span class=\"woocommerce-input-wrapper\"><select name=\"user_land\" id=\"user_land\" class=\"select \" data-allow_clear=\"true\" data-placeholder=\"Land\">\n\t\t\t\t\t\t\t<option value=\"\"  selected='selected'>Land<\/option><option value=\"AT\" >Austria<\/option><option value=\"DE\" >Germany<\/option><option value=\"AF\" >Afghanistan<\/option><option value=\"AX\" >\u00c5land Islands<\/option><option value=\"AL\" >Albania<\/option><option value=\"DZ\" >Algeria<\/option><option value=\"AS\" >American Samoa<\/option><option value=\"AD\" >Andorra<\/option><option value=\"AO\" >Angola<\/option><option value=\"AI\" >Anguilla<\/option><option value=\"AQ\" >Antarctica<\/option><option value=\"AG\" >Antigua and Barbuda<\/option><option value=\"AR\" >Argentina<\/option><option value=\"AM\" >Armenia<\/option><option value=\"AW\" >Aruba<\/option><option value=\"AU\" >Australia<\/option><option value=\"AZ\" >Azerbaijan<\/option><option value=\"BS\" >Bahamas<\/option><option value=\"BH\" >Bahrain<\/option><option value=\"BD\" >Bangladesh<\/option><option value=\"BB\" >Barbados<\/option><option value=\"BY\" >Belarus<\/option><option value=\"PW\" >Belau<\/option><option value=\"BE\" >Belgium<\/option><option value=\"BZ\" >Belize<\/option><option value=\"BJ\" >Benin<\/option><option value=\"BM\" >Bermuda<\/option><option value=\"BT\" >Bhutan<\/option><option value=\"BO\" >Bolivia<\/option><option value=\"BQ\" >Bonaire, Saint Eustatius and Saba<\/option><option value=\"BA\" >Bosnia and Herzegovina<\/option><option value=\"BW\" >Botswana<\/option><option value=\"BV\" >Bouvet Island<\/option><option value=\"BR\" >Brazil<\/option><option value=\"IO\" >British Indian Ocean Territory<\/option><option value=\"BN\" >Brunei<\/option><option value=\"BG\" >Bulgaria<\/option><option value=\"BF\" >Burkina Faso<\/option><option value=\"BI\" >Burundi<\/option><option value=\"KH\" >Cambodia<\/option><option value=\"CM\" >Cameroon<\/option><option value=\"CA\" >Canada<\/option><option value=\"CV\" >Cape Verde<\/option><option value=\"KY\" >Cayman Islands<\/option><option value=\"CF\" >Central African Republic<\/option><option value=\"TD\" >Chad<\/option><option value=\"CL\" >Chile<\/option><option value=\"CN\" >China<\/option><option value=\"CX\" >Christmas Island<\/option><option value=\"CC\" >Cocos (Keeling) Islands<\/option><option value=\"CO\" >Colombia<\/option><option value=\"KM\" >Comoros<\/option><option value=\"CG\" >Congo (Brazzaville)<\/option><option value=\"CD\" >Congo (Kinshasa)<\/option><option value=\"CK\" >Cook Islands<\/option><option value=\"CR\" >Costa Rica<\/option><option value=\"HR\" >Croatia<\/option><option value=\"CU\" >Cuba<\/option><option value=\"CW\" >Cura&ccedil;ao<\/option><option value=\"CY\" >Cyprus<\/option><option value=\"CZ\" >Czech Republic<\/option><option value=\"DK\" >Denmark<\/option><option value=\"DJ\" >Djibouti<\/option><option value=\"DM\" >Dominica<\/option><option value=\"DO\" >Dominican Republic<\/option><option value=\"EC\" >Ecuador<\/option><option value=\"EG\" >Egypt<\/option><option value=\"SV\" >El Salvador<\/option><option value=\"GQ\" >Equatorial Guinea<\/option><option value=\"ER\" >Eritrea<\/option><option value=\"EE\" >Estonia<\/option><option value=\"SZ\" >Eswatini<\/option><option value=\"ET\" >Ethiopia<\/option><option value=\"FK\" >Falkland Islands<\/option><option value=\"FO\" >Faroe Islands<\/option><option value=\"FJ\" >Fiji<\/option><option value=\"FI\" >Finland<\/option><option value=\"FR\" >France<\/option><option value=\"GF\" >French Guiana<\/option><option value=\"PF\" >French Polynesia<\/option><option value=\"TF\" >French Southern Territories<\/option><option value=\"GA\" >Gabon<\/option><option value=\"GM\" >Gambia<\/option><option value=\"GE\" >Georgia<\/option><option value=\"GH\" >Ghana<\/option><option value=\"GI\" >Gibraltar<\/option><option value=\"GR\" >Greece<\/option><option value=\"GL\" >Greenland<\/option><option value=\"GD\" >Grenada<\/option><option value=\"GP\" >Guadeloupe<\/option><option value=\"GU\" >Guam<\/option><option value=\"GT\" >Guatemala<\/option><option value=\"GG\" >Guernsey<\/option><option value=\"GN\" >Guinea<\/option><option value=\"GW\" >Guinea-Bissau<\/option><option value=\"GY\" >Guyana<\/option><option value=\"HT\" >Haiti<\/option><option value=\"HM\" >Heard Island and McDonald Islands<\/option><option value=\"HN\" >Honduras<\/option><option value=\"HK\" >Hong Kong<\/option><option value=\"HU\" >Hungary<\/option><option value=\"IS\" >Iceland<\/option><option value=\"IN\" >India<\/option><option value=\"ID\" >Indonesia<\/option><option value=\"IR\" >Iran<\/option><option value=\"IQ\" >Iraq<\/option><option value=\"IE\" >Ireland<\/option><option value=\"IM\" >Isle of Man<\/option><option value=\"IL\" >Israel<\/option><option value=\"IT\" >Italy<\/option><option value=\"CI\" >Ivory Coast<\/option><option value=\"JM\" >Jamaica<\/option><option value=\"JP\" >Japan<\/option><option value=\"JE\" >Jersey<\/option><option value=\"JO\" >Jordan<\/option><option value=\"KZ\" >Kazakhstan<\/option><option value=\"KE\" >Kenya<\/option><option value=\"KI\" >Kiribati<\/option><option value=\"XK\" >Kosovo<\/option><option value=\"KW\" >Kuwait<\/option><option value=\"KG\" >Kyrgyzstan<\/option><option value=\"LA\" >Laos<\/option><option value=\"LV\" >Latvia<\/option><option value=\"LB\" >Lebanon<\/option><option value=\"LS\" >Lesotho<\/option><option value=\"LR\" >Liberia<\/option><option value=\"LY\" >Libya<\/option><option value=\"LI\" >Liechtenstein<\/option><option value=\"LT\" >Lithuania<\/option><option value=\"LU\" >Luxembourg<\/option><option value=\"MO\" >Macao<\/option><option value=\"MG\" >Madagascar<\/option><option value=\"MW\" >Malawi<\/option><option value=\"MY\" >Malaysia<\/option><option value=\"MV\" >Maldives<\/option><option value=\"ML\" >Mali<\/option><option value=\"MT\" >Malta<\/option><option value=\"MH\" >Marshall Islands<\/option><option value=\"MQ\" >Martinique<\/option><option value=\"MR\" >Mauritania<\/option><option value=\"MU\" >Mauritius<\/option><option value=\"YT\" >Mayotte<\/option><option value=\"MX\" >Mexico<\/option><option value=\"FM\" >Micronesia<\/option><option value=\"MD\" >Moldova<\/option><option value=\"MC\" >Monaco<\/option><option value=\"MN\" >Mongolia<\/option><option value=\"ME\" >Montenegro<\/option><option value=\"MS\" >Montserrat<\/option><option value=\"MA\" >Morocco<\/option><option value=\"MZ\" >Mozambique<\/option><option value=\"MM\" >Myanmar<\/option><option value=\"NA\" >Namibia<\/option><option value=\"NR\" >Nauru<\/option><option value=\"NP\" >Nepal<\/option><option value=\"NL\" >Netherlands<\/option><option value=\"NC\" >New Caledonia<\/option><option value=\"NZ\" >New Zealand<\/option><option value=\"NI\" >Nicaragua<\/option><option value=\"NE\" >Niger<\/option><option value=\"NG\" >Nigeria<\/option><option value=\"NU\" >Niue<\/option><option value=\"NF\" >Norfolk Island<\/option><option value=\"KP\" >North Korea<\/option><option value=\"MK\" >North Macedonia<\/option><option value=\"MP\" >Northern Mariana Islands<\/option><option value=\"NO\" >Norway<\/option><option value=\"OM\" >Oman<\/option><option value=\"PK\" >Pakistan<\/option><option value=\"PS\" >Palestinian Territory<\/option><option value=\"PA\" >Panama<\/option><option value=\"PG\" >Papua New Guinea<\/option><option value=\"PY\" >Paraguay<\/option><option value=\"PE\" >Peru<\/option><option value=\"PH\" >Philippines<\/option><option value=\"PN\" >Pitcairn<\/option><option value=\"PL\" >Poland<\/option><option value=\"PT\" >Portugal<\/option><option value=\"PR\" >Puerto Rico<\/option><option value=\"QA\" >Qatar<\/option><option value=\"RE\" >Reunion<\/option><option value=\"RO\" >Romania<\/option><option value=\"RU\" >Russia<\/option><option value=\"RW\" >Rwanda<\/option><option value=\"ST\" >S&atilde;o Tom&eacute; and Pr&iacute;ncipe<\/option><option value=\"BL\" >Saint Barth&eacute;lemy<\/option><option value=\"SH\" >Saint Helena<\/option><option value=\"KN\" >Saint Kitts and Nevis<\/option><option value=\"LC\" >Saint Lucia<\/option><option value=\"SX\" >Saint Martin (Dutch part)<\/option><option value=\"MF\" >Saint Martin (French part)<\/option><option value=\"PM\" >Saint Pierre and Miquelon<\/option><option value=\"VC\" >Saint Vincent and the Grenadines<\/option><option value=\"WS\" >Samoa<\/option><option value=\"SM\" >San Marino<\/option><option value=\"SA\" >Saudi Arabia<\/option><option value=\"SN\" >Senegal<\/option><option value=\"RS\" >Serbia<\/option><option value=\"SC\" >Seychelles<\/option><option value=\"SL\" >Sierra Leone<\/option><option value=\"SG\" >Singapore<\/option><option value=\"SK\" >Slovakia<\/option><option value=\"SI\" >Slovenia<\/option><option value=\"SB\" >Solomon Islands<\/option><option value=\"SO\" >Somalia<\/option><option value=\"ZA\" >South Africa<\/option><option value=\"GS\" >South Georgia\/Sandwich Islands<\/option><option value=\"KR\" >South Korea<\/option><option value=\"SS\" >South Sudan<\/option><option value=\"ES\" >Spain<\/option><option value=\"LK\" >Sri Lanka<\/option><option value=\"SD\" >Sudan<\/option><option value=\"SR\" >Suriname<\/option><option value=\"SJ\" >Svalbard and Jan Mayen<\/option><option value=\"SE\" >Sweden<\/option><option value=\"CH\" >Switzerland<\/option><option value=\"SY\" >Syria<\/option><option value=\"TW\" >Taiwan<\/option><option value=\"TJ\" >Tajikistan<\/option><option value=\"TZ\" >Tanzania<\/option><option value=\"TH\" >Thailand<\/option><option value=\"TL\" >Timor-Leste<\/option><option value=\"TG\" >Togo<\/option><option value=\"TK\" >Tokelau<\/option><option value=\"TO\" >Tonga<\/option><option value=\"TT\" >Trinidad and Tobago<\/option><option value=\"TN\" >Tunisia<\/option><option value=\"TR\" >T\u00fcrkiye<\/option><option value=\"TM\" >Turkmenistan<\/option><option value=\"TC\" >Turks and Caicos Islands<\/option><option value=\"TV\" >Tuvalu<\/option><option value=\"UG\" >Uganda<\/option><option value=\"UA\" >Ukraine<\/option><option value=\"AE\" >United Arab Emirates<\/option><option value=\"GB\" >United Kingdom (UK)<\/option><option value=\"US\" >United States (US)<\/option><option value=\"UM\" >United States (US) Minor Outlying Islands<\/option><option value=\"UY\" >Uruguay<\/option><option value=\"UZ\" >Uzbekistan<\/option><option value=\"VU\" >Vanuatu<\/option><option value=\"VA\" >Vatican<\/option><option value=\"VE\" >Venezuela<\/option><option value=\"VN\" >Vietnam<\/option><option value=\"VG\" >Virgin Islands (British)<\/option><option value=\"VI\" >Virgin Islands (US)<\/option><option value=\"WF\" >Wallis and Futuna<\/option><option value=\"EH\" >Western Sahara<\/option><option value=\"YE\" >Yemen<\/option><option value=\"ZM\" >Zambia<\/option><option value=\"ZW\" >Zimbabwe<\/option>\n\t\t\t\t\t\t<\/select><\/span><\/p>                                <\/div>\n                            <\/div>\n                            <div class=\"col-lg-4 col-md-12 col-sm-12 col-12\">\n                                <div class=\"input-div\">\n                                    <input type=\"text\" name=\"user_rechnungsadresse\" value=\"\" placeholder=\"Rechnungsadresse\">\n                                <\/div>\n                            <\/div>\n                            <div class=\"col-lg-4 col-md-12 col-sm-12 col-12\">\n                                <div class=\"row\">\n                                    <div class=\"col-lg-5 col-md-6 col-sm-12 col-12\">\n                                        <div class=\"input-div\">\n                                            <input type=\"text\" name=\"user_plz\" value=\"\" placeholder=\"PLZ\">\n                                        <\/div>\n                                    <\/div>\n                                    <div class=\"col-lg-7 col-md-6 col-sm-12 col-12\">\n                                        <div class=\"input-div\">\n                                            <input type=\"text\" name=\"user_city\" value=\"\" placeholder=\"Ort\">\n                                        <\/div>\n                                    <\/div>\n                                <\/div>\n                            <\/div>\n                            <div class=\"col-lg-4 col-md-6 col-sm-12 col-12\">\n                                <div class=\"input-div\">\n                                    <input type=\"tel\" name=\"user_telefon\" value=\"\" placeholder=\"Phone\">\n                                <\/div>\n                            <\/div>\n                            <div class=\"col-lg-4 col-md-6 col-sm-12 col-12\">\n                                <div class=\"input-div\">\n                                    <input type=\"email\" name=\"user_email\" value=\"\" placeholder=\"Email*\">\n                                <\/div>\n                            <\/div>                                <div class=\"col-lg-4 col-md-6 col-sm-12 col-12\">\n                                    <div class=\"input-div\">\n                                        <input type=\"text\" name=\"username\" value=\"\" placeholder=\"Username*\">\n                                    <\/div>\n                                <\/div>\n                            <div class=\"col-12\">\n                                <div class=\"check-div\">\n                                    <label><input type=\"checkbox\" name=\"user_newsletter\" value=\"Ja\" > Subscribe to artist newsletter<\/label>\n                                <\/div>\n                            <\/div>\n                        <\/div>                            <div class=\"content-title font-65 p-font-30 mt-md-100 mt-60 mb-md-40 mb-20\">\n                                <p>Please choose a subscription:<\/p>\n                            <\/div>\n                            <div class=\"price-table-row abo-type-list\">                                \n                                <input type=\"hidden\" name=\"abo_type\" value=\"\">\n                                <div class=\"row\">\n                                    <div data-abo-value=\"starter\" class=\"abo-type-list-item col-lg-4 col-md-6 col-sm-12 col-12 \">\n                                        <div class=\"price-table\" style=\"background-image: url(https:\/\/winstage.at\/wp-content\/uploads\/2025\/10\/Ebene-9.png);\">\n                                            <div class=\"price-table-title\">\n                                                <h3>Luxury Starter<\/h3>\n                                            <\/div>\n                                            <div class=\"price-table-info\">\n                                                <ul>\n<li>Your own artist page on winstage.at<\/li>\n<li>Up to 10 exhibited works<\/li>\n<li>Art sales via WinStage.at<\/li>\n<li>0% sales commission<\/li>\n<li>1x link to your personal social media page<\/li>\n<li>Mention on our social media channels<\/li>\n<\/ul>\n                                            <\/div>\n                                            <div class=\"price-table-bottom\">\n                                                <div class=\"price-table-price\">\n                                                    \u20ac 99,00 <small>incl. VAT \/ year<\/small>                                                <\/div>\n                                            <\/div>\n                                        <\/div>\n                                    <\/div>\n                                    <div data-abo-value=\"pro\" class=\"abo-type-list-item col-lg-4 col-md-6 col-sm-12 col-12 \">\n                                        <div class=\"price-table\" style=\"background-image: url(https:\/\/winstage.at\/wp-content\/uploads\/2025\/10\/Ebene-8.png);\">\n                                            <div class=\"price-table-title\">\n                                                <h3>Luxury Pro<\/h3>\n                                            <\/div>\n                                            <div class=\"price-table-info\">\n                                                <ul>\n<li>Your own artist page on winstage.at<\/li>\n<li>Up to 20 exhibited works<\/li>\n<li>Art sales via WinStage.at<\/li>\n<li>0% sales commission<\/li>\n<li>1x link to your personal website, up to 3x links to your social media page<\/li>\n<li>Mention on our social media channels<\/li>\n<\/ul>\n                                            <\/div>\n                                            <div class=\"price-table-bottom\">\n                                                <div class=\"price-table-price\">\n                                                    \u20ac 179,00 <small>incl. VAT \/ year<\/small>                                                <\/div>\n                                            <\/div>\n                                        <\/div>\n                                    <\/div>\n                                    <div data-abo-value=\"pro_plus\" class=\"abo-type-list-item col-lg-4 col-md-6 col-sm-12 col-12 \">\n                                        <div class=\"price-table\" style=\"background-image: url(https:\/\/winstage.at\/wp-content\/uploads\/2025\/10\/Ebene-7.png);\">\n                                            <div class=\"price-table-title\">\n                                                <h3>Luxury Pro+<\/h3>\n                                            <\/div>\n                                            <div class=\"price-table-info\">\n                                                <ul>\n<li>Your own artist page on winstage.at<\/li>\n<li>Up to 30 exhibited works<\/li>\n<li>Art sales via WinStage.at<\/li>\n<li>0% sales commission<\/li>\n<li>1x link to your personal website, up to 3x links to your social media page<\/li>\n<li>Mention on our social media channels<\/li>\n<\/ul>\n                                            <\/div>\n                                            <div class=\"price-table-bottom\">\n                                                <div class=\"price-table-price\">\n                                                    \u20ac 249,00 <small>incl. VAT \/ year<\/small>                                                <\/div>\n                                            <\/div>\n                                        <\/div>\n                                    <\/div>\n                                <\/div>\n                            <\/div>                        <div class=\"row\">\n                            <div class=\"col-12\">\n                                <div class=\"check-div\"><br \/>\n                                    <label>\n                                        <input type=\"checkbox\" name=\"privacy_policy\" value=\"Ja\">\n                                        Ich habe die <a href=\"https:\/\/winstage.at\/agb\/\" target=\"_blank\" rel=\"noopener noreferrer\">AGB<\/a> und die <a href=\"https:\/\/winstage.at\/datenschutz\/\" target=\"_blank\" rel=\"noopener noreferrer\">Datenschutzerkl\u00e4rung<\/a> gelesen und akzeptiere sie                                    <\/label>\n                                <\/div>\n                            <\/div>\n                            <div class=\"col-12\">\n                                <br \/>\n                                <div class=\"check-div check-div-bottom-content\"><p><strong>Bitte beachten Sie:<\/strong><\/p>\n<p>Beim n\u00e4chsten Schritt sind Ihre \u00f6ffentlichen Daten auszuf\u00fcllen und Bilder der auszustellenden Objekte hochzuladen. Bitte schauen Sie sich daf\u00fcr nachfolgende Vorschaubilder an, wo Sie genau sehen, welche Daten, welche Bilder und welche Dateigr\u00f6\u00dfen und Bildabmessungen erlaubt sind.<\/p>\n<p><a href=\"https:\/\/winstage.at\/wp-content\/uploads\/2025\/10\/Preview_Winstage_Overview.jpg\" target=\"_blank\" rel=\"noopener\">K\u00fcnstler Vorschauseite<\/a> | <a href=\"https:\/\/winstage.at\/wp-content\/uploads\/2025\/10\/Winstage_Preview_Detailseite.jpg\" target=\"_blank\" rel=\"noopener\">K\u00fcnstler Detailseite<\/a> | <a href=\"https:\/\/winstage.at\/en\/artists\/\" target=\"_blank\" rel=\"noopener\">Live Ansicht auf winstage.atLive Ansicht auf winstage.at<\/a><\/p>\n                                <\/div>\n                            <\/div>\n                            <div class=\"col-12\">\n                                <div class=\"submit-btn\"><input type=\"hidden\" id=\"winstage_kunstler_daten_security\" name=\"winstage_kunstler_daten_security\" value=\"dd47ab78a1\" \/><input type=\"hidden\" name=\"_wp_http_referer\" value=\"\/en\/wp-json\/wp\/v2\/pages\/31959\" \/>                                    <input type=\"hidden\" name=\"action\" id=\"winstage_kunstler_daten\" value=\"winstage_kunstler_daten\">\n                                    <input type=\"hidden\" name=\"user_manage_by_admin\" value=\"true\">\n                                    <button type=\"submit\" class=\"btn btn-right-side\" id=\"winstage-kunstler-daten-btn\">Further<\/button>\n                                <\/div>\n                            <\/div>\n                        <\/div>\n                    <\/form>\n                    <div class=\"row mt-30\">\n                        <div class=\"col-lg-12 col-md-12 col-sm-12 col-12\">\n                            <div id=\"winstage-kunstler-daten-messages\" class=\"winstage-form-messages\"><\/div>\n                        <\/div>\n                    <\/div>\n                <\/div>\n            <\/div>\n        <\/section>[\/vc_column][\/vc_row]<\/p>\n<\/div>","protected":false},"excerpt":{"rendered":"<p>[vc_row full_width=&#8221;stretch_row_content_no_spaces&#8221;][vc_column][\/vc_column][\/vc_row]<\/p>\n","protected":false},"author":98,"featured_media":0,"parent":0,"menu_order":0,"comment_status":"closed","ping_status":"closed","template":"","meta":{"_acf_changed":false,"iawp_total_views":0,"footnotes":""},"class_list":["post-31959","page","type-page","status-publish","hentry"],"acf":[],"_links":{"self":[{"href":"https:\/\/winstage.at\/en\/wp-json\/wp\/v2\/pages\/31959","targetHints":{"allow":["GET"]}}],"collection":[{"href":"https:\/\/winstage.at\/en\/wp-json\/wp\/v2\/pages"}],"about":[{"href":"https:\/\/winstage.at\/en\/wp-json\/wp\/v2\/types\/page"}],"author":[{"embeddable":true,"href":"https:\/\/winstage.at\/en\/wp-json\/wp\/v2\/users\/98"}],"replies":[{"embeddable":true,"href":"https:\/\/winstage.at\/en\/wp-json\/wp\/v2\/comments?post=31959"}],"version-history":[{"count":0,"href":"https:\/\/winstage.at\/en\/wp-json\/wp\/v2\/pages\/31959\/revisions"}],"wp:attachment":[{"href":"https:\/\/winstage.at\/en\/wp-json\/wp\/v2\/media?parent=31959"}],"curies":[{"name":"wp","href":"https:\/\/api.w.org\/{rel}","templated":true}]}}