{"id":18813,"date":"2025-07-16T12:48:28","date_gmt":"2025-07-16T10:48:28","guid":{"rendered":"https:\/\/winstage.at\/?post_type=product&#038;p=18813"},"modified":"2025-12-17T15:44:11","modified_gmt":"2025-12-17T14:44:11","slug":"daniela-varga-zwischen-spiritueller-tiefe-und-malerischer-leichtigkeit","status":"publish","type":"product","link":"https:\/\/winstage.at\/en\/event\/daniela-varga-zwischen-spiritueller-tiefe-und-malerischer-leichtigkeit\/","title":{"rendered":"Daniela Varga &#8211; Zwischen spiritueller Tiefe und malerischer Leichtigkeit"},"content":{"rendered":"<p class=\"p1\"><b>Daniela Varga \u2013 <\/b><b>Zwischen spiritueller Tiefe und malerischer Leichtigkeit<\/b><\/p>\n<p class=\"p3\">Bis <span class=\"s1\"><b>11. Januar 2026<\/b><\/span> zeigt WinStage eine beeindruckende Einzelausstellung von <span class=\"s1\"><b><a href=\"https:\/\/winstage.at\/en\/kunstler\/daniela-varga\/\" target=\"_blank\" rel=\"noopener\">Daniela Varga<\/a>.<\/b><\/span><\/p>\n<p class=\"p1\"><b>Die K\u00fcnstlerin<\/b><b><\/b><\/p>\n<p class=\"p2\">Daniela Varga lebt und arbeitet in Nieder\u00f6sterreich. Seit vielen Jahren besch\u00e4ftigt sie sich mit kreativen Ausdrucksformen \u2013 ihre gro\u00dfe Leidenschaft gilt der Malerei. In ihren Arbeiten vereint sie spirituelle Symbolik mit abstrakter Dynamik und landschaftlicher Harmonie. Seit 2024 zeigt sie ihre Werke regelm\u00e4\u00dfig in Ausstellungen \u2013 unter anderem in Wien und Wiener Neustadt.<\/p>\n<p class=\"p1\"><b>Ihre Technik<\/b><b><\/b><\/p>\n<p class=\"p1\">Daniela Varga arbeitet facettenreich: Sie schafft kraftvolle <span class=\"s1\"><b>spirituell-abstrakte Bilder<\/b><\/span> mit intensiven Farben und dynamischer Fluid\u2011Art, ebenso wie <span class=\"s1\"><b>stimmungsvolle Landschafts\u2011 und Naturkompositionen<\/b><\/span>, die durch atmosph\u00e4risches Licht und Harmonie bestechen. Ihre k\u00fcnstlerische Bandbreite reicht von meditativen Symbolwelten bis zu expressiven Farbexplosionen \u2013 jedes Werk ist ein einzigartiger Ausdruck innerer Vielfalt.<\/p>\n<p class=\"p1\"><b>Thematische Tiefe<\/b><b><\/b><\/p>\n<p class=\"p1\">Daniela Vargas \u201eLebensenergie\u201c spiegelt sich in jedem Pinselstrich: Ihre Arbeiten sind von innerer Kraft, spiritueller Suche und \u00e4sthetischem Ausdruck gleicherma\u00dfen gepr\u00e4gt. Ob geometrisch-symbolisch, flie\u00dfend-abstrakt oder lyrisch-nat\u00fcrlich \u2013 ihre Malerei l\u00e4dt ein, innezuhalten und die transformative Vielfalt des Lebens zu sp\u00fcren.<\/p>\n<p class=\"p1\"><b>Ausstellungsdetails<\/b><b><\/b><\/p>\n<p class=\"p3\"><span class=\"s1\"><b>Titel:<\/b><\/span> Zwischen spiritueller Tiefe und malerischer Leichtigkeit by Daniela Varga<i><\/i><\/p>\n<p class=\"p3\"><span class=\"s1\"><b>Ort:<\/b><\/span> WinStage \u2013 The New Home of Art<\/p>\n<p class=\"p3\"><span class=\"s1\"><b>Adresse:<\/b><\/span> Wiener Stra\u00dfe \u2013 Werkstra\u00dfe 111, 2700 Wiener Neustadt<\/p>\n<p class=\"p3\"><span class=\"s1\"><b>Laufzeit:<\/b><\/span> bis 11. Januar 2026<\/p>\n<p class=\"p1\"><b>Eintritt:<\/b><span class=\"s2\"> frei<\/span><\/p>\n<p>&nbsp;<\/p>\n","protected":false},"excerpt":{"rendered":"<p>Daniela Varga \u2013 Zwischen spiritueller Tiefe und malerischer Leichtigkeit Bis 11. Januar 2026 zeigt WinStage&#8230;<\/p>\n","protected":false},"author":3,"featured_media":18814,"template":"","meta":{"_acf_changed":false,"iawp_total_views":2},"besichtigung":[],"filter_size":[],"filter_style":[],"filter_technique":[],"kunstler":[],"product_brand":[],"product_cat":[28],"product_tag":[],"class_list":{"0":"post-18813","1":"product","2":"type-product","3":"status-publish","4":"has-post-thumbnail","6":"product_cat-ausstellung","8":"first","9":"instock","10":"downloadable","11":"virtual","12":"purchasable","13":"product-type-simple"},"acf":[],"_links":{"self":[{"href":"https:\/\/winstage.at\/en\/wp-json\/wp\/v2\/product\/18813","targetHints":{"allow":["GET"]}}],"collection":[{"href":"https:\/\/winstage.at\/en\/wp-json\/wp\/v2\/product"}],"about":[{"href":"https:\/\/winstage.at\/en\/wp-json\/wp\/v2\/types\/product"}],"author":[{"embeddable":true,"href":"https:\/\/winstage.at\/en\/wp-json\/wp\/v2\/users\/3"}],"wp:featuredmedia":[{"embeddable":true,"href":"https:\/\/winstage.at\/en\/wp-json\/wp\/v2\/media\/18814"}],"wp:attachment":[{"href":"https:\/\/winstage.at\/en\/wp-json\/wp\/v2\/media?parent=18813"}],"wp:term":[{"taxonomy":"besichtigung","embeddable":true,"href":"https:\/\/winstage.at\/en\/wp-json\/wp\/v2\/besichtigung?post=18813"},{"taxonomy":"filter_size","embeddable":true,"href":"https:\/\/winstage.at\/en\/wp-json\/wp\/v2\/filter_size?post=18813"},{"taxonomy":"filter_style","embeddable":true,"href":"https:\/\/winstage.at\/en\/wp-json\/wp\/v2\/filter_style?post=18813"},{"taxonomy":"filter_technique","embeddable":true,"href":"https:\/\/winstage.at\/en\/wp-json\/wp\/v2\/filter_technique?post=18813"},{"taxonomy":"kunstler","embeddable":true,"href":"https:\/\/winstage.at\/en\/wp-json\/wp\/v2\/kunstler?post=18813"},{"taxonomy":"product_brand","embeddable":true,"href":"https:\/\/winstage.at\/en\/wp-json\/wp\/v2\/product_brand?post=18813"},{"taxonomy":"product_cat","embeddable":true,"href":"https:\/\/winstage.at\/en\/wp-json\/wp\/v2\/product_cat?post=18813"},{"taxonomy":"product_tag","embeddable":true,"href":"https:\/\/winstage.at\/en\/wp-json\/wp\/v2\/product_tag?post=18813"}],"curies":[{"name":"wp","href":"https:\/\/api.w.org\/{rel}","templated":true}]}}