{"id":21089,"date":"2025-10-04T14:42:08","date_gmt":"2025-10-04T12:42:08","guid":{"rendered":"https:\/\/winstage.at\/?post_type=product&#038;p=21089"},"modified":"2025-10-18T17:18:56","modified_gmt":"2025-10-18T15:18:56","slug":"vernissage-edeltraud-steurer","status":"publish","type":"product","link":"https:\/\/winstage.at\/en\/event\/vernissage-edeltraud-steurer\/","title":{"rendered":"Vernissage &#8211; Edeltraud Steurer"},"content":{"rendered":"<h2 class=\"p1\"><b>Liebe Kunstfreunde:innen,<\/b><b><\/b><\/h2>\n<p class=\"p1\">\u00fcber 18 Jahre lang war\u00a0<b>La Pelote<\/b>\u00a0unter der Leitung von\u00a0<b>Edeltraud Steurer<\/b>\u00a0die Adresse f\u00fcr K\u00fcnstler:innen in Wiener Neustadt. In einer Stadt, in der es sonst kaum Kunstfachhandel gab, hat sie mit ihrem Gesch\u00e4ft eine L\u00fccke geschlossen \u2013 und der Kunstszene damit unsch\u00e4tzbare Dienste geleistet.<\/p>\n<p class=\"p1\">Mit unerm\u00fcdlichem Engagement, Leidenschaft und Fachwissen hat sie nicht nur hochwertige Materialien angeboten, sondern auch unz\u00e4hlige Malkurse geleitet und damit vielen Menschen den Zugang zur Kunst er\u00f6ffnet. F\u00fcr viele war La Pelote mehr als ein Gesch\u00e4ft \u2013 es war ein Ort der Begegnung, Inspiration und Unterst\u00fctzung.<\/p>\n<p class=\"p1\">Nun verabschiedet sich Edeltraud Steurer in ihre wohlverdiente Pension. Gleichzeitig d\u00fcrfen wir verk\u00fcnden, dass WinStage La Pelote \u00fcbernommen hat. Damit bleibt ihre Arbeit nicht nur in Erinnerung, sondern findet eine Fortsetzung in neuer Form \u2013 eingebettet in das Home of Art.<\/p>\n<p class=\"p1\">\u2728 Lassen Sie uns gemeinsam Edeltraud Steurer f\u00fcr ihr jahrzehntelanges Wirken danken, ihre k\u00fcnstlerische Laufbahn feiern und gleichzeitig den Neubeginn von La Pelote powered by WinStage willkommen hei\u00dfen.<\/p>\n<h3 style=\"text-align: center;\"><\/h3>\n<h2 class=\"p1\" style=\"text-align: left;\"><em><b>SAMSTAG 11.10.2025<\/b><\/em><b><\/b><\/h2>\n<p class=\"p1\">\ud83c\udf1f<b> Programm<\/b><b><\/b><\/p>\n<p class=\"p1\"><b>\u2022 15:00 \u2013 15:30 | Prosecco-Empfang <\/b>\ud83e\udd42<\/p>\n<p class=\"p1\"><b>\u2022 15:30\u00a0 \u00a0 \u00a0 \u00a0 \u00a0 \u00a0 \u00a0 \u00a0 \u00a0| Offizielle Er\u00f6ffnungsrede<\/b><\/p>\n<p class=\"p1\"><b>\u2022 17:00 \u2013 17:45 | Vorf\u00fchrung AQUARYLIC\u00b9\u00a0mit Angelika Domenig<\/b><\/p>\n<p class=\"p1\"><b>\u2022 18:00 \u2013 18:30 | Vorf\u00fchrung GELIPLATTENDRUCK\u00b2 mit Edeltraud Steurer<\/b><b><\/b><\/p>\n<p class=\"p1\" style=\"text-align: left;\">\ud83c\udfa8<b><i> Ausstellung mit Werken von Edeltraud Steurer sowie einer Auswahl ihrer Kursteilnehmer:innen.<\/i><\/b><\/p>\n<p class=\"p1\" style=\"text-align: left;\">\ud83c\udf70<b><i> S\u00fc\u00dfe K\u00f6stlichkeiten von Alexandra Steurer<\/i><\/b><b><i><\/i><\/b><\/p>\n<h2 class=\"p1\" style=\"text-align: center;\"><b>Die Veranstaltung endet um 19Uhr<\/b><b><\/b><\/h2>\n<h3><\/h3>\n<h3 class=\"p3\" style=\"text-align: center;\"><b>Wir freuen uns, wenn Sie Teil dieses besonderen Tages sind !<\/b><b><\/b><\/h3>\n<p class=\"p1\"><b>\u00b9\u00a0 AQUARYLIC VORF\u00dcHRUNG<\/b><b><\/b><\/p>\n<p class=\"p1\">Angelika Domenig, Gr\u00fcnderin und K\u00fcnstlerin von Aquarylic, pr\u00e4sentiert pers\u00f6nlich die Besonderheiten der Aquarylic Color sowie die neuen Neonfarben. Als einziger \u00f6sterreichischer Hersteller von K\u00fcnstlerfarben im Kunstbereich geben wir spannende Einblicke in Farbrezepturen, Pigmentqualit\u00e4t sowie Anwendung und beantworten gerne Ihre Fragen.<\/p>\n<p class=\"p1\">Im Mittelpunkt stehen die vielf\u00e4ltigen Anwendungsm\u00f6glichkeiten und die speziellen Eigenschaften der Aquarylic Color: ein Farbmedium, das Leuchtkraft, Flie\u00dfverhalten und kreative Freiheit in einzigartiger Weise verbindet. Entdecken Sie live, was Aquarylic so besonders macht.<\/p>\n<p class=\"p1\"><b>\u00b2\u00a0GELIPLATE-DRUCKTECHNISCH\u00a0spielerisch drucken ohne Presse<\/b><b><\/b><\/p>\n<p class=\"p1\">Die Geliplate-Drucktechnik oder Monotypie er\u00f6ffnet eine faszinierende Welt kreativer Drucke \u2013 ganz ohne Druckpresse. Mithilfe einer flexiblen Gelplatte, Acrylfarben und einfachen Werkzeugen entstehen spontane, vielschichtige Bilder mit einzigartiger Textur und Tiefe.<\/p>\n<p class=\"p1\">In der Vorf\u00fchrung wird Schritt f\u00fcr Schritt gezeigt, wie die Geliplatte funktioniert:<\/p>\n<p class=\"p1\">Farbauftrag mit Rolle<\/p>\n<p class=\"p1\">Einsatz von Schablonen, Bl\u00e4ttern, Stoffen oder Holzstempel f\u00fcr Strukturen<\/p>\n<p class=\"p1\">\u2022 Abziehen des Drucks auf Papier<\/p>\n<p class=\"p1\">\u2022 M\u00f6glichkeiten zum Schichten und Kombinieren f\u00fcr spannende Effekte<\/p>\n<p class=\"p1\">Vorf\u00fchrung von Fototransfer<\/p>\n<p class=\"p1\">Jeder Druck ist ein Unikat \u2013 von zarten Farbverl\u00e4ufen bis zu kraftvollen Collagen. Die Technik eignet sich sowohl f\u00fcr Anf\u00e4nger*innen als auch f\u00fcr ge\u00fcbte K\u00fcnstler, die Freude am Experimentieren haben.<\/p>\n","protected":false},"excerpt":{"rendered":"<p>Liebe Kunstfreunde:innen, \u00fcber 18 Jahre lang war\u00a0La Pelote\u00a0unter der Leitung von\u00a0Edeltraud Steurer\u00a0die Adresse f\u00fcr K\u00fcnstler:innen&#8230;<\/p>\n","protected":false},"author":3,"featured_media":21091,"template":"","meta":{"_acf_changed":false,"iawp_total_views":10},"besichtigung":[39],"filter_size":[],"filter_style":[],"filter_technique":[],"kunstler":[],"product_brand":[],"product_cat":[29],"product_tag":[],"class_list":{"0":"post-21089","1":"product","2":"type-product","3":"status-publish","4":"has-post-thumbnail","6":"besichtigung-winstage","7":"product_cat-vernissage","9":"first","10":"instock","11":"downloadable","12":"virtual","13":"purchasable","14":"product-type-simple"},"acf":[],"_links":{"self":[{"href":"https:\/\/winstage.at\/en\/wp-json\/wp\/v2\/product\/21089","targetHints":{"allow":["GET"]}}],"collection":[{"href":"https:\/\/winstage.at\/en\/wp-json\/wp\/v2\/product"}],"about":[{"href":"https:\/\/winstage.at\/en\/wp-json\/wp\/v2\/types\/product"}],"author":[{"embeddable":true,"href":"https:\/\/winstage.at\/en\/wp-json\/wp\/v2\/users\/3"}],"wp:featuredmedia":[{"embeddable":true,"href":"https:\/\/winstage.at\/en\/wp-json\/wp\/v2\/media\/21091"}],"wp:attachment":[{"href":"https:\/\/winstage.at\/en\/wp-json\/wp\/v2\/media?parent=21089"}],"wp:term":[{"taxonomy":"besichtigung","embeddable":true,"href":"https:\/\/winstage.at\/en\/wp-json\/wp\/v2\/besichtigung?post=21089"},{"taxonomy":"filter_size","embeddable":true,"href":"https:\/\/winstage.at\/en\/wp-json\/wp\/v2\/filter_size?post=21089"},{"taxonomy":"filter_style","embeddable":true,"href":"https:\/\/winstage.at\/en\/wp-json\/wp\/v2\/filter_style?post=21089"},{"taxonomy":"filter_technique","embeddable":true,"href":"https:\/\/winstage.at\/en\/wp-json\/wp\/v2\/filter_technique?post=21089"},{"taxonomy":"kunstler","embeddable":true,"href":"https:\/\/winstage.at\/en\/wp-json\/wp\/v2\/kunstler?post=21089"},{"taxonomy":"product_brand","embeddable":true,"href":"https:\/\/winstage.at\/en\/wp-json\/wp\/v2\/product_brand?post=21089"},{"taxonomy":"product_cat","embeddable":true,"href":"https:\/\/winstage.at\/en\/wp-json\/wp\/v2\/product_cat?post=21089"},{"taxonomy":"product_tag","embeddable":true,"href":"https:\/\/winstage.at\/en\/wp-json\/wp\/v2\/product_tag?post=21089"}],"curies":[{"name":"wp","href":"https:\/\/api.w.org\/{rel}","templated":true}]}}