{"id":25647,"date":"2025-10-13T14:24:08","date_gmt":"2025-10-13T12:24:08","guid":{"rendered":"https:\/\/winstage.at\/?post_type=product&#038;p=25647"},"modified":"2025-10-13T14:24:08","modified_gmt":"2025-10-13T12:24:08","slug":"an-der-sunnseitn","status":"publish","type":"product","link":"https:\/\/winstage.at\/en\/event\/an-der-sunnseitn\/","title":{"rendered":"&#8220;An der Sunnseitn&#8221;"},"content":{"rendered":"<p>Sch\u00f6nes Wintergem\u00e4lde mit r\u00e4umlicher Tiefe, gerahmt in einem modernen Schattenfugenrahmen in Silber-Anthrazit.<\/p>\n","protected":false},"excerpt":{"rendered":"<p>Sch\u00f6nes Wintergem\u00e4lde mit r\u00e4umlicher Tiefe, gerahmt in einem modernen Schattenfugenrahmen in Silber-Anthrazit.<\/p>\n","protected":false},"author":90,"featured_media":25607,"template":"","meta":{"_acf_changed":false,"iawp_total_views":5},"besichtigung":[762],"filter_size":[],"filter_style":[856],"filter_technique":[30],"kunstler":[939],"product_brand":[],"product_cat":[15],"product_tag":[],"class_list":{"0":"post-25647","1":"product","2":"type-product","3":"status-publish","4":"has-post-thumbnail","6":"besichtigung-nur-online","7":"filter_style-gemaelde","8":"filter_technique-acryl","9":"kunstler-marco-zoller","10":"product_cat-uncategorized","12":"first","13":"instock","14":"shipping-taxable","15":"purchasable","16":"product-type-simple"},"acf":[],"_links":{"self":[{"href":"https:\/\/winstage.at\/en\/wp-json\/wp\/v2\/product\/25647","targetHints":{"allow":["GET"]}}],"collection":[{"href":"https:\/\/winstage.at\/en\/wp-json\/wp\/v2\/product"}],"about":[{"href":"https:\/\/winstage.at\/en\/wp-json\/wp\/v2\/types\/product"}],"author":[{"embeddable":true,"href":"https:\/\/winstage.at\/en\/wp-json\/wp\/v2\/users\/90"}],"wp:featuredmedia":[{"embeddable":true,"href":"https:\/\/winstage.at\/en\/wp-json\/wp\/v2\/media\/25607"}],"wp:attachment":[{"href":"https:\/\/winstage.at\/en\/wp-json\/wp\/v2\/media?parent=25647"}],"wp:term":[{"taxonomy":"besichtigung","embeddable":true,"href":"https:\/\/winstage.at\/en\/wp-json\/wp\/v2\/besichtigung?post=25647"},{"taxonomy":"filter_size","embeddable":true,"href":"https:\/\/winstage.at\/en\/wp-json\/wp\/v2\/filter_size?post=25647"},{"taxonomy":"filter_style","embeddable":true,"href":"https:\/\/winstage.at\/en\/wp-json\/wp\/v2\/filter_style?post=25647"},{"taxonomy":"filter_technique","embeddable":true,"href":"https:\/\/winstage.at\/en\/wp-json\/wp\/v2\/filter_technique?post=25647"},{"taxonomy":"kunstler","embeddable":true,"href":"https:\/\/winstage.at\/en\/wp-json\/wp\/v2\/kunstler?post=25647"},{"taxonomy":"product_brand","embeddable":true,"href":"https:\/\/winstage.at\/en\/wp-json\/wp\/v2\/product_brand?post=25647"},{"taxonomy":"product_cat","embeddable":true,"href":"https:\/\/winstage.at\/en\/wp-json\/wp\/v2\/product_cat?post=25647"},{"taxonomy":"product_tag","embeddable":true,"href":"https:\/\/winstage.at\/en\/wp-json\/wp\/v2\/product_tag?post=25647"}],"curies":[{"name":"wp","href":"https:\/\/api.w.org\/{rel}","templated":true}]}}