{"id":26429,"date":"2025-10-22T10:30:50","date_gmt":"2025-10-22T08:30:50","guid":{"rendered":"https:\/\/winstage.at\/?post_type=product&#038;p=26429"},"modified":"2025-10-22T10:30:51","modified_gmt":"2025-10-22T08:30:51","slug":"you-deserve-saskia-bischof","status":"publish","type":"product","link":"https:\/\/winstage.at\/en\/event\/you-deserve-saskia-bischof\/","title":{"rendered":"YOU DESERVE"},"content":{"rendered":"<p>Du musst nichts leisten, um genug zu sein&#8230; Du darfst gl\u00fccklich sein, ohne dich erst beweisen zu m\u00fcssen&#8230; Du verdienst Liebe, Erfolg, Frieden und all die bunten Momente, die dich lebendig f\u00fchlen lassen&#8230; Alles was du suchst, beginnt in dir selbst, denn du bist und warst es immer schon wert&#8230; you deserve, einfach weil du du bist&#8230;<\/p>\n","protected":false},"excerpt":{"rendered":"<p>Du musst nichts leisten, um genug zu sein&#8230; Du darfst gl\u00fccklich sein, ohne dich erst&#8230;<\/p>\n","protected":false},"author":100,"featured_media":26411,"template":"","meta":{"_acf_changed":false,"iawp_total_views":0},"besichtigung":[762],"filter_size":[34],"filter_style":[856],"filter_technique":[30],"kunstler":[1025],"product_brand":[],"product_cat":[944],"product_tag":[],"class_list":{"0":"post-26429","1":"product","2":"type-product","3":"status-publish","4":"has-post-thumbnail","6":"besichtigung-nur-online","7":"filter_size-l","8":"filter_style-gemaelde","9":"filter_technique-acryl","10":"kunstler-saskia-bischof","11":"product_cat-pro","13":"first","14":"instock","15":"shipping-taxable","16":"purchasable","17":"product-type-simple"},"acf":[],"_links":{"self":[{"href":"https:\/\/winstage.at\/en\/wp-json\/wp\/v2\/product\/26429","targetHints":{"allow":["GET"]}}],"collection":[{"href":"https:\/\/winstage.at\/en\/wp-json\/wp\/v2\/product"}],"about":[{"href":"https:\/\/winstage.at\/en\/wp-json\/wp\/v2\/types\/product"}],"author":[{"embeddable":true,"href":"https:\/\/winstage.at\/en\/wp-json\/wp\/v2\/users\/100"}],"wp:featuredmedia":[{"embeddable":true,"href":"https:\/\/winstage.at\/en\/wp-json\/wp\/v2\/media\/26411"}],"wp:attachment":[{"href":"https:\/\/winstage.at\/en\/wp-json\/wp\/v2\/media?parent=26429"}],"wp:term":[{"taxonomy":"besichtigung","embeddable":true,"href":"https:\/\/winstage.at\/en\/wp-json\/wp\/v2\/besichtigung?post=26429"},{"taxonomy":"filter_size","embeddable":true,"href":"https:\/\/winstage.at\/en\/wp-json\/wp\/v2\/filter_size?post=26429"},{"taxonomy":"filter_style","embeddable":true,"href":"https:\/\/winstage.at\/en\/wp-json\/wp\/v2\/filter_style?post=26429"},{"taxonomy":"filter_technique","embeddable":true,"href":"https:\/\/winstage.at\/en\/wp-json\/wp\/v2\/filter_technique?post=26429"},{"taxonomy":"kunstler","embeddable":true,"href":"https:\/\/winstage.at\/en\/wp-json\/wp\/v2\/kunstler?post=26429"},{"taxonomy":"product_brand","embeddable":true,"href":"https:\/\/winstage.at\/en\/wp-json\/wp\/v2\/product_brand?post=26429"},{"taxonomy":"product_cat","embeddable":true,"href":"https:\/\/winstage.at\/en\/wp-json\/wp\/v2\/product_cat?post=26429"},{"taxonomy":"product_tag","embeddable":true,"href":"https:\/\/winstage.at\/en\/wp-json\/wp\/v2\/product_tag?post=26429"}],"curies":[{"name":"wp","href":"https:\/\/api.w.org\/{rel}","templated":true}]}}