{"id":26434,"date":"2025-10-22T10:33:33","date_gmt":"2025-10-22T08:33:33","guid":{"rendered":"https:\/\/winstage.at\/?post_type=product&#038;p=26434"},"modified":"2025-11-24T10:14:58","modified_gmt":"2025-11-24T09:14:58","slug":"chasing-the-sun-saskia-bischof","status":"publish","type":"product","link":"https:\/\/winstage.at\/en\/event\/chasing-the-sun-saskia-bischof\/","title":{"rendered":"CHASING THE SUN"},"content":{"rendered":"<p>Wonach jagst du wirklich? Vielleicht nicht nach Dingen, sondern nach diesem einen Moment, wenn das Licht dich findet und die Welt f\u00fcr einen Augenblick stillsteht&#8230; Wenn W\u00e4rme dein Herz ber\u00fchrt und du einfach nur sp\u00fcrst: Jetzt. Genau hier. Das ist Gl\u00fcck!<\/p>\n","protected":false},"excerpt":{"rendered":"<p>Wonach jagst du wirklich? Vielleicht nicht nach Dingen, sondern nach diesem einen Moment, wenn das&#8230;<\/p>\n","protected":false},"author":100,"featured_media":26421,"template":"","meta":{"_acf_changed":false,"iawp_total_views":0},"besichtigung":[762],"filter_size":[34],"filter_style":[856],"filter_technique":[30],"kunstler":[1025],"product_brand":[],"product_cat":[944],"product_tag":[],"class_list":{"0":"post-26434","1":"product","2":"type-product","3":"status-publish","4":"has-post-thumbnail","6":"besichtigung-nur-online","7":"filter_size-l","8":"filter_style-gemaelde","9":"filter_technique-acryl","10":"kunstler-saskia-bischof","11":"product_cat-pro","13":"first","14":"outofstock","15":"shipping-taxable","16":"purchasable","17":"product-type-simple"},"acf":[],"_links":{"self":[{"href":"https:\/\/winstage.at\/en\/wp-json\/wp\/v2\/product\/26434","targetHints":{"allow":["GET"]}}],"collection":[{"href":"https:\/\/winstage.at\/en\/wp-json\/wp\/v2\/product"}],"about":[{"href":"https:\/\/winstage.at\/en\/wp-json\/wp\/v2\/types\/product"}],"author":[{"embeddable":true,"href":"https:\/\/winstage.at\/en\/wp-json\/wp\/v2\/users\/100"}],"wp:featuredmedia":[{"embeddable":true,"href":"https:\/\/winstage.at\/en\/wp-json\/wp\/v2\/media\/26421"}],"wp:attachment":[{"href":"https:\/\/winstage.at\/en\/wp-json\/wp\/v2\/media?parent=26434"}],"wp:term":[{"taxonomy":"besichtigung","embeddable":true,"href":"https:\/\/winstage.at\/en\/wp-json\/wp\/v2\/besichtigung?post=26434"},{"taxonomy":"filter_size","embeddable":true,"href":"https:\/\/winstage.at\/en\/wp-json\/wp\/v2\/filter_size?post=26434"},{"taxonomy":"filter_style","embeddable":true,"href":"https:\/\/winstage.at\/en\/wp-json\/wp\/v2\/filter_style?post=26434"},{"taxonomy":"filter_technique","embeddable":true,"href":"https:\/\/winstage.at\/en\/wp-json\/wp\/v2\/filter_technique?post=26434"},{"taxonomy":"kunstler","embeddable":true,"href":"https:\/\/winstage.at\/en\/wp-json\/wp\/v2\/kunstler?post=26434"},{"taxonomy":"product_brand","embeddable":true,"href":"https:\/\/winstage.at\/en\/wp-json\/wp\/v2\/product_brand?post=26434"},{"taxonomy":"product_cat","embeddable":true,"href":"https:\/\/winstage.at\/en\/wp-json\/wp\/v2\/product_cat?post=26434"},{"taxonomy":"product_tag","embeddable":true,"href":"https:\/\/winstage.at\/en\/wp-json\/wp\/v2\/product_tag?post=26434"}],"curies":[{"name":"wp","href":"https:\/\/api.w.org\/{rel}","templated":true}]}}