{"id":26435,"date":"2025-10-22T10:33:59","date_gmt":"2025-10-22T08:33:59","guid":{"rendered":"https:\/\/winstage.at\/?post_type=product&#038;p=26435"},"modified":"2025-11-24T10:15:07","modified_gmt":"2025-11-24T09:15:07","slug":"give-and-become-saskia-bischof","status":"publish","type":"product","link":"https:\/\/winstage.at\/en\/event\/give-and-become-saskia-bischof\/","title":{"rendered":"GIVE AND BECOME"},"content":{"rendered":"<p>Wenn du gibst, \u00f6ffnest du dich f\u00fcr Ver\u00e4nderung und Wachstum&#8230; Jede kleine Geste, die du teilst, kehrt auf ihre eigene Weise zu dir zur\u00fcck&#8230; Geben ist kein Verlust, sondern ein Weg, zu dir selbst zu finden&#8230; Indem du schenkst, entdeckst du, wer du wirklich bist.<\/p>\n","protected":false},"excerpt":{"rendered":"<p>Wenn du gibst, \u00f6ffnest du dich f\u00fcr Ver\u00e4nderung und Wachstum&#8230; Jede kleine Geste, die du&#8230;<\/p>\n","protected":false},"author":100,"featured_media":26423,"template":"","meta":{"_acf_changed":false,"iawp_total_views":0},"besichtigung":[762],"filter_size":[37],"filter_style":[856],"filter_technique":[30],"kunstler":[1025],"product_brand":[],"product_cat":[944],"product_tag":[],"class_list":{"0":"post-26435","1":"product","2":"type-product","3":"status-publish","4":"has-post-thumbnail","6":"besichtigung-nur-online","7":"filter_size-m","8":"filter_style-gemaelde","9":"filter_technique-acryl","10":"kunstler-saskia-bischof","11":"product_cat-pro","13":"first","14":"outofstock","15":"shipping-taxable","16":"purchasable","17":"product-type-simple"},"acf":[],"_links":{"self":[{"href":"https:\/\/winstage.at\/en\/wp-json\/wp\/v2\/product\/26435","targetHints":{"allow":["GET"]}}],"collection":[{"href":"https:\/\/winstage.at\/en\/wp-json\/wp\/v2\/product"}],"about":[{"href":"https:\/\/winstage.at\/en\/wp-json\/wp\/v2\/types\/product"}],"author":[{"embeddable":true,"href":"https:\/\/winstage.at\/en\/wp-json\/wp\/v2\/users\/100"}],"wp:featuredmedia":[{"embeddable":true,"href":"https:\/\/winstage.at\/en\/wp-json\/wp\/v2\/media\/26423"}],"wp:attachment":[{"href":"https:\/\/winstage.at\/en\/wp-json\/wp\/v2\/media?parent=26435"}],"wp:term":[{"taxonomy":"besichtigung","embeddable":true,"href":"https:\/\/winstage.at\/en\/wp-json\/wp\/v2\/besichtigung?post=26435"},{"taxonomy":"filter_size","embeddable":true,"href":"https:\/\/winstage.at\/en\/wp-json\/wp\/v2\/filter_size?post=26435"},{"taxonomy":"filter_style","embeddable":true,"href":"https:\/\/winstage.at\/en\/wp-json\/wp\/v2\/filter_style?post=26435"},{"taxonomy":"filter_technique","embeddable":true,"href":"https:\/\/winstage.at\/en\/wp-json\/wp\/v2\/filter_technique?post=26435"},{"taxonomy":"kunstler","embeddable":true,"href":"https:\/\/winstage.at\/en\/wp-json\/wp\/v2\/kunstler?post=26435"},{"taxonomy":"product_brand","embeddable":true,"href":"https:\/\/winstage.at\/en\/wp-json\/wp\/v2\/product_brand?post=26435"},{"taxonomy":"product_cat","embeddable":true,"href":"https:\/\/winstage.at\/en\/wp-json\/wp\/v2\/product_cat?post=26435"},{"taxonomy":"product_tag","embeddable":true,"href":"https:\/\/winstage.at\/en\/wp-json\/wp\/v2\/product_tag?post=26435"}],"curies":[{"name":"wp","href":"https:\/\/api.w.org\/{rel}","templated":true}]}}