{"id":27218,"date":"2025-11-05T10:24:44","date_gmt":"2025-11-05T09:24:44","guid":{"rendered":"https:\/\/winstage.at\/?post_type=product&#038;p=27218"},"modified":"2025-11-05T10:24:44","modified_gmt":"2025-11-05T09:24:44","slug":"zwischen-rueckzug-und-aufbruch-katja-reiter","status":"publish","type":"product","link":"https:\/\/winstage.at\/en\/event\/zwischen-rueckzug-und-aufbruch-katja-reiter\/","title":{"rendered":"Zwischen R\u00fcckzug und Aufbruch"},"content":{"rendered":"<p>Dieses gro\u00dfformatige Acrylbild erz\u00e4hlt von der Kraft der Natur, vom Schutz der W\u00e4lder und dem Ankommen im eigenen Inneren. Ein B\u00e4r inmitten des erwachenden Fr\u00fchlings, eine H\u00fctte in der Ferne, Licht zwischen B\u00e4umen \u2013 es ist ein Ort zwischen Ruhe und Bewegung.<\/p>\n","protected":false},"excerpt":{"rendered":"<p>Dieses gro\u00dfformatige Acrylbild erz\u00e4hlt von der Kraft der Natur, vom Schutz der W\u00e4lder und dem&#8230;<\/p>\n","protected":false},"author":116,"featured_media":27207,"template":"","meta":{"_acf_changed":false,"iawp_total_views":1},"besichtigung":[762],"filter_size":[34],"filter_style":[856],"filter_technique":[30],"kunstler":[1035],"product_brand":[],"product_cat":[943],"product_tag":[],"class_list":{"0":"post-27218","1":"product","2":"type-product","3":"status-publish","4":"has-post-thumbnail","6":"besichtigung-nur-online","7":"filter_size-l","8":"filter_style-gemaelde","9":"filter_technique-acryl","10":"kunstler-katja-reiter","11":"product_cat-starter","13":"first","14":"instock","15":"shipping-taxable","16":"purchasable","17":"product-type-simple"},"acf":[],"_links":{"self":[{"href":"https:\/\/winstage.at\/en\/wp-json\/wp\/v2\/product\/27218","targetHints":{"allow":["GET"]}}],"collection":[{"href":"https:\/\/winstage.at\/en\/wp-json\/wp\/v2\/product"}],"about":[{"href":"https:\/\/winstage.at\/en\/wp-json\/wp\/v2\/types\/product"}],"author":[{"embeddable":true,"href":"https:\/\/winstage.at\/en\/wp-json\/wp\/v2\/users\/116"}],"wp:featuredmedia":[{"embeddable":true,"href":"https:\/\/winstage.at\/en\/wp-json\/wp\/v2\/media\/27207"}],"wp:attachment":[{"href":"https:\/\/winstage.at\/en\/wp-json\/wp\/v2\/media?parent=27218"}],"wp:term":[{"taxonomy":"besichtigung","embeddable":true,"href":"https:\/\/winstage.at\/en\/wp-json\/wp\/v2\/besichtigung?post=27218"},{"taxonomy":"filter_size","embeddable":true,"href":"https:\/\/winstage.at\/en\/wp-json\/wp\/v2\/filter_size?post=27218"},{"taxonomy":"filter_style","embeddable":true,"href":"https:\/\/winstage.at\/en\/wp-json\/wp\/v2\/filter_style?post=27218"},{"taxonomy":"filter_technique","embeddable":true,"href":"https:\/\/winstage.at\/en\/wp-json\/wp\/v2\/filter_technique?post=27218"},{"taxonomy":"kunstler","embeddable":true,"href":"https:\/\/winstage.at\/en\/wp-json\/wp\/v2\/kunstler?post=27218"},{"taxonomy":"product_brand","embeddable":true,"href":"https:\/\/winstage.at\/en\/wp-json\/wp\/v2\/product_brand?post=27218"},{"taxonomy":"product_cat","embeddable":true,"href":"https:\/\/winstage.at\/en\/wp-json\/wp\/v2\/product_cat?post=27218"},{"taxonomy":"product_tag","embeddable":true,"href":"https:\/\/winstage.at\/en\/wp-json\/wp\/v2\/product_tag?post=27218"}],"curies":[{"name":"wp","href":"https:\/\/api.w.org\/{rel}","templated":true}]}}