{"id":27221,"date":"2025-11-05T10:22:44","date_gmt":"2025-11-05T09:22:44","guid":{"rendered":"https:\/\/winstage.at\/?post_type=product&#038;p=27221"},"modified":"2025-11-05T10:22:44","modified_gmt":"2025-11-05T09:22:44","slug":"fall-katja-reiter","status":"publish","type":"product","link":"https:\/\/winstage.at\/en\/event\/fall-katja-reiter\/","title":{"rendered":"FALL"},"content":{"rendered":"<p>Dieses Acrylbild zeigt eine herbstliche Bergh\u00fctte, eingebettet in goldene W\u00e4lder und klare Bergluft. Es erz\u00e4hlt von R\u00fcckzug, Geborgenheit und dem Zauber der Jahreszeiten. Warm, ruhig, detailverliebt \u2013 ein Ort, der einl\u00e4dt, l\u00e4nger zu verweilen.<\/p>\n","protected":false},"excerpt":{"rendered":"<p>Dieses Acrylbild zeigt eine herbstliche Bergh\u00fctte, eingebettet in goldene W\u00e4lder und klare Bergluft. Es erz\u00e4hlt&#8230;<\/p>\n","protected":false},"author":116,"featured_media":27213,"template":"","meta":{"_acf_changed":false,"iawp_total_views":1},"besichtigung":[762],"filter_size":[34],"filter_style":[856],"filter_technique":[30],"kunstler":[1035],"product_brand":[],"product_cat":[943],"product_tag":[],"class_list":{"0":"post-27221","1":"product","2":"type-product","3":"status-publish","4":"has-post-thumbnail","6":"besichtigung-nur-online","7":"filter_size-l","8":"filter_style-gemaelde","9":"filter_technique-acryl","10":"kunstler-katja-reiter","11":"product_cat-starter","13":"first","14":"instock","15":"shipping-taxable","16":"purchasable","17":"product-type-simple"},"acf":[],"_links":{"self":[{"href":"https:\/\/winstage.at\/en\/wp-json\/wp\/v2\/product\/27221","targetHints":{"allow":["GET"]}}],"collection":[{"href":"https:\/\/winstage.at\/en\/wp-json\/wp\/v2\/product"}],"about":[{"href":"https:\/\/winstage.at\/en\/wp-json\/wp\/v2\/types\/product"}],"author":[{"embeddable":true,"href":"https:\/\/winstage.at\/en\/wp-json\/wp\/v2\/users\/116"}],"wp:featuredmedia":[{"embeddable":true,"href":"https:\/\/winstage.at\/en\/wp-json\/wp\/v2\/media\/27213"}],"wp:attachment":[{"href":"https:\/\/winstage.at\/en\/wp-json\/wp\/v2\/media?parent=27221"}],"wp:term":[{"taxonomy":"besichtigung","embeddable":true,"href":"https:\/\/winstage.at\/en\/wp-json\/wp\/v2\/besichtigung?post=27221"},{"taxonomy":"filter_size","embeddable":true,"href":"https:\/\/winstage.at\/en\/wp-json\/wp\/v2\/filter_size?post=27221"},{"taxonomy":"filter_style","embeddable":true,"href":"https:\/\/winstage.at\/en\/wp-json\/wp\/v2\/filter_style?post=27221"},{"taxonomy":"filter_technique","embeddable":true,"href":"https:\/\/winstage.at\/en\/wp-json\/wp\/v2\/filter_technique?post=27221"},{"taxonomy":"kunstler","embeddable":true,"href":"https:\/\/winstage.at\/en\/wp-json\/wp\/v2\/kunstler?post=27221"},{"taxonomy":"product_brand","embeddable":true,"href":"https:\/\/winstage.at\/en\/wp-json\/wp\/v2\/product_brand?post=27221"},{"taxonomy":"product_cat","embeddable":true,"href":"https:\/\/winstage.at\/en\/wp-json\/wp\/v2\/product_cat?post=27221"},{"taxonomy":"product_tag","embeddable":true,"href":"https:\/\/winstage.at\/en\/wp-json\/wp\/v2\/product_tag?post=27221"}],"curies":[{"name":"wp","href":"https:\/\/api.w.org\/{rel}","templated":true}]}}