{"id":27859,"date":"2025-11-14T12:49:54","date_gmt":"2025-11-14T11:49:54","guid":{"rendered":"https:\/\/winstage.at\/?post_type=product&#038;p=27859"},"modified":"2025-11-14T12:55:51","modified_gmt":"2025-11-14T11:55:51","slug":"das-leben-katharina-labisch","status":"publish","type":"product","link":"https:\/\/winstage.at\/en\/event\/das-leben-katharina-labisch\/","title":{"rendered":"Das Leben"},"content":{"rendered":"<p>Dieses Bild fragt uns leise \u2013 und doch un\u00fcberh\u00f6rbar: <strong data-start=\"183\" data-end=\"228\">Warum glauben wir, wir h\u00e4tten immer Zeit?<\/strong><br data-start=\"228\" data-end=\"231\" \/>Zwischen einer \u00fcberm\u00e4chtigen Uhr, suchenden Augen und pulsierenden Farben sp\u00fcrt man, wie Momente entgleiten. Das Werk h\u00e4lt den Atem einer Sekunde fest, kurz bevor sie verschwindet \u2013 und erinnert uns daran, das <strong>Jetzt<\/strong> zu f\u00fchlen, bevor es geht.<\/p>\n","protected":false},"excerpt":{"rendered":"<p>Dieses Bild fragt uns leise \u2013 und doch un\u00fcberh\u00f6rbar: Warum glauben wir, wir h\u00e4tten immer&#8230;<\/p>\n","protected":false},"author":20,"featured_media":27841,"template":"","meta":{"_acf_changed":false,"iawp_total_views":0},"besichtigung":[762],"filter_size":[37],"filter_style":[856],"filter_technique":[30],"kunstler":[1041],"product_brand":[],"product_cat":[943],"product_tag":[],"class_list":{"0":"post-27859","1":"product","2":"type-product","3":"status-publish","4":"has-post-thumbnail","6":"besichtigung-nur-online","7":"filter_size-m","8":"filter_style-gemaelde","9":"filter_technique-acryl","10":"kunstler-katharina-labisch","11":"product_cat-starter","13":"first","14":"instock","15":"shipping-taxable","16":"purchasable","17":"product-type-simple"},"acf":[],"_links":{"self":[{"href":"https:\/\/winstage.at\/en\/wp-json\/wp\/v2\/product\/27859","targetHints":{"allow":["GET"]}}],"collection":[{"href":"https:\/\/winstage.at\/en\/wp-json\/wp\/v2\/product"}],"about":[{"href":"https:\/\/winstage.at\/en\/wp-json\/wp\/v2\/types\/product"}],"author":[{"embeddable":true,"href":"https:\/\/winstage.at\/en\/wp-json\/wp\/v2\/users\/20"}],"wp:featuredmedia":[{"embeddable":true,"href":"https:\/\/winstage.at\/en\/wp-json\/wp\/v2\/media\/27841"}],"wp:attachment":[{"href":"https:\/\/winstage.at\/en\/wp-json\/wp\/v2\/media?parent=27859"}],"wp:term":[{"taxonomy":"besichtigung","embeddable":true,"href":"https:\/\/winstage.at\/en\/wp-json\/wp\/v2\/besichtigung?post=27859"},{"taxonomy":"filter_size","embeddable":true,"href":"https:\/\/winstage.at\/en\/wp-json\/wp\/v2\/filter_size?post=27859"},{"taxonomy":"filter_style","embeddable":true,"href":"https:\/\/winstage.at\/en\/wp-json\/wp\/v2\/filter_style?post=27859"},{"taxonomy":"filter_technique","embeddable":true,"href":"https:\/\/winstage.at\/en\/wp-json\/wp\/v2\/filter_technique?post=27859"},{"taxonomy":"kunstler","embeddable":true,"href":"https:\/\/winstage.at\/en\/wp-json\/wp\/v2\/kunstler?post=27859"},{"taxonomy":"product_brand","embeddable":true,"href":"https:\/\/winstage.at\/en\/wp-json\/wp\/v2\/product_brand?post=27859"},{"taxonomy":"product_cat","embeddable":true,"href":"https:\/\/winstage.at\/en\/wp-json\/wp\/v2\/product_cat?post=27859"},{"taxonomy":"product_tag","embeddable":true,"href":"https:\/\/winstage.at\/en\/wp-json\/wp\/v2\/product_tag?post=27859"}],"curies":[{"name":"wp","href":"https:\/\/api.w.org\/{rel}","templated":true}]}}