{"id":28048,"date":"2025-11-15T10:37:40","date_gmt":"2025-11-15T09:37:40","guid":{"rendered":"https:\/\/winstage.at\/?post_type=product&#038;p=28048"},"modified":"2025-11-15T10:37:41","modified_gmt":"2025-11-15T09:37:41","slug":"der-rezeptionist-vom-exit-13-karl-winkler","status":"publish","type":"product","link":"https:\/\/winstage.at\/en\/event\/der-rezeptionist-vom-exit-13-karl-winkler\/","title":{"rendered":"&#8220;Der Rezeptionist vom Exit 13&#8221;"},"content":{"rendered":"<p>&#8220;Der Rezeptionist vom Exit 13&#8221; Ein einzigartiges, signiertes Unikat das in metaphysisch-surrealen Z\u00fcgen die Grenzen zwischen den Welten auslotet. &#8220;Der Rezeptionist vom Exit 13&#8221; erscheint als mystischer Pf\u00f6rtner, der den \u00dcbergang ins Jenseits oder eine andere Dimension bewacht. Die vielschichtige Landschaft des Bildes erz\u00e4hlt von der unabwendbaren Verg\u00e4nglichkeit des Lebens und des Seins, Schicht f\u00fcr Schicht l\u00f6st sich eine Realit\u00e4t auf. Doch aus dieser Aufl\u00f6sung entsteht die Verhei\u00dfung ewiger Erneuerung. Das Werk ist ein visuelles R\u00e4tsel, ein kryptisch symbolisierter, mehrdimensionaler Kreislauf. Es fordert den Betrachter heraus: Nur wer sich auf die verwirrende Komplexit\u00e4t und die zahlreichen Ein- und Ausg\u00e4nge einl\u00e4sst, wird die tiefere, verborgene Symbolik des K\u00fcnstlers erahnen und entschl\u00fcsseln k\u00f6nnen. Zu jedem Werk bekommt der K\u00e4ufer ein vom K\u00fcnstler gestaltetes und pers\u00f6nlich handschriftlich unterfertigtes, &#8220;Atelier-Zertifikat&#8221;.<\/p>\n","protected":false},"excerpt":{"rendered":"<p>&#8220;Der Rezeptionist vom Exit 13&#8221; Ein einzigartiges, signiertes Unikat das in metaphysisch-surrealen Z\u00fcgen die Grenzen&#8230;<\/p>\n","protected":false},"author":130,"featured_media":28045,"template":"","meta":{"_acf_changed":false,"iawp_total_views":2},"besichtigung":[762],"filter_size":[37],"filter_style":[856],"filter_technique":[30],"kunstler":[1048],"product_brand":[],"product_cat":[942],"product_tag":[],"class_list":{"0":"post-28048","1":"product","2":"type-product","3":"status-publish","4":"has-post-thumbnail","6":"besichtigung-nur-online","7":"filter_size-m","8":"filter_style-gemaelde","9":"filter_technique-acryl","10":"kunstler-k-winklers-punk-paint-kitchen","11":"product_cat-basic","13":"first","14":"instock","15":"shipping-taxable","16":"product-type-simple"},"acf":[],"_links":{"self":[{"href":"https:\/\/winstage.at\/en\/wp-json\/wp\/v2\/product\/28048","targetHints":{"allow":["GET"]}}],"collection":[{"href":"https:\/\/winstage.at\/en\/wp-json\/wp\/v2\/product"}],"about":[{"href":"https:\/\/winstage.at\/en\/wp-json\/wp\/v2\/types\/product"}],"author":[{"embeddable":true,"href":"https:\/\/winstage.at\/en\/wp-json\/wp\/v2\/users\/130"}],"wp:featuredmedia":[{"embeddable":true,"href":"https:\/\/winstage.at\/en\/wp-json\/wp\/v2\/media\/28045"}],"wp:attachment":[{"href":"https:\/\/winstage.at\/en\/wp-json\/wp\/v2\/media?parent=28048"}],"wp:term":[{"taxonomy":"besichtigung","embeddable":true,"href":"https:\/\/winstage.at\/en\/wp-json\/wp\/v2\/besichtigung?post=28048"},{"taxonomy":"filter_size","embeddable":true,"href":"https:\/\/winstage.at\/en\/wp-json\/wp\/v2\/filter_size?post=28048"},{"taxonomy":"filter_style","embeddable":true,"href":"https:\/\/winstage.at\/en\/wp-json\/wp\/v2\/filter_style?post=28048"},{"taxonomy":"filter_technique","embeddable":true,"href":"https:\/\/winstage.at\/en\/wp-json\/wp\/v2\/filter_technique?post=28048"},{"taxonomy":"kunstler","embeddable":true,"href":"https:\/\/winstage.at\/en\/wp-json\/wp\/v2\/kunstler?post=28048"},{"taxonomy":"product_brand","embeddable":true,"href":"https:\/\/winstage.at\/en\/wp-json\/wp\/v2\/product_brand?post=28048"},{"taxonomy":"product_cat","embeddable":true,"href":"https:\/\/winstage.at\/en\/wp-json\/wp\/v2\/product_cat?post=28048"},{"taxonomy":"product_tag","embeddable":true,"href":"https:\/\/winstage.at\/en\/wp-json\/wp\/v2\/product_tag?post=28048"}],"curies":[{"name":"wp","href":"https:\/\/api.w.org\/{rel}","templated":true}]}}