{"id":28368,"date":"2025-11-19T09:15:35","date_gmt":"2025-11-19T08:15:35","guid":{"rendered":"https:\/\/winstage.at\/?post_type=product&#038;p=28368"},"modified":"2025-11-19T09:15:35","modified_gmt":"2025-11-19T08:15:35","slug":"gabriel-harald-brandl","status":"publish","type":"product","link":"https:\/\/winstage.at\/en\/event\/gabriel-harald-brandl\/","title":{"rendered":"Gabriel"},"content":{"rendered":"<p>In biblischen Erz\u00e4hlungen werden Engel als m\u00e4nnliche Wesen umschrieben. K\u00fcnstlerische Darstellungen in Kirchen zeichenen weiche, weibliche Gestsltungsformen. Mit meinem Werk Gabriel m\u00f6chte ich diese Thematik frei nach dem Motto &#8220;was kannst du sehen&#8221; aufgreifen und zum nachdenken anregen. Ist die m\u00e4nnliche Umschreibung ausschlie\u00dflich der Vergangenheit und den Aufzeichnungen des Rollenbikdes der Frau dar\u00fcber geschuldet? Meine bewu\u00dft weibliche Auspr\u00e4gung ladet zum verweilen und nachdenken ein.<\/p>\n","protected":false},"excerpt":{"rendered":"<p>In biblischen Erz\u00e4hlungen werden Engel als m\u00e4nnliche Wesen umschrieben. K\u00fcnstlerische Darstellungen in Kirchen zeichenen weiche,&#8230;<\/p>\n","protected":false},"author":135,"featured_media":28366,"template":"","meta":{"_acf_changed":false,"iawp_total_views":0},"besichtigung":[762],"filter_size":[37],"filter_style":[856],"filter_technique":[30],"kunstler":[1053],"product_brand":[],"product_cat":[944],"product_tag":[],"class_list":{"0":"post-28368","1":"product","2":"type-product","3":"status-publish","4":"has-post-thumbnail","6":"besichtigung-nur-online","7":"filter_size-m","8":"filter_style-gemaelde","9":"filter_technique-acryl","10":"kunstler-harald-brandl","11":"product_cat-pro","13":"first","14":"instock","15":"shipping-taxable","16":"purchasable","17":"product-type-simple"},"acf":[],"_links":{"self":[{"href":"https:\/\/winstage.at\/en\/wp-json\/wp\/v2\/product\/28368","targetHints":{"allow":["GET"]}}],"collection":[{"href":"https:\/\/winstage.at\/en\/wp-json\/wp\/v2\/product"}],"about":[{"href":"https:\/\/winstage.at\/en\/wp-json\/wp\/v2\/types\/product"}],"author":[{"embeddable":true,"href":"https:\/\/winstage.at\/en\/wp-json\/wp\/v2\/users\/135"}],"wp:featuredmedia":[{"embeddable":true,"href":"https:\/\/winstage.at\/en\/wp-json\/wp\/v2\/media\/28366"}],"wp:attachment":[{"href":"https:\/\/winstage.at\/en\/wp-json\/wp\/v2\/media?parent=28368"}],"wp:term":[{"taxonomy":"besichtigung","embeddable":true,"href":"https:\/\/winstage.at\/en\/wp-json\/wp\/v2\/besichtigung?post=28368"},{"taxonomy":"filter_size","embeddable":true,"href":"https:\/\/winstage.at\/en\/wp-json\/wp\/v2\/filter_size?post=28368"},{"taxonomy":"filter_style","embeddable":true,"href":"https:\/\/winstage.at\/en\/wp-json\/wp\/v2\/filter_style?post=28368"},{"taxonomy":"filter_technique","embeddable":true,"href":"https:\/\/winstage.at\/en\/wp-json\/wp\/v2\/filter_technique?post=28368"},{"taxonomy":"kunstler","embeddable":true,"href":"https:\/\/winstage.at\/en\/wp-json\/wp\/v2\/kunstler?post=28368"},{"taxonomy":"product_brand","embeddable":true,"href":"https:\/\/winstage.at\/en\/wp-json\/wp\/v2\/product_brand?post=28368"},{"taxonomy":"product_cat","embeddable":true,"href":"https:\/\/winstage.at\/en\/wp-json\/wp\/v2\/product_cat?post=28368"},{"taxonomy":"product_tag","embeddable":true,"href":"https:\/\/winstage.at\/en\/wp-json\/wp\/v2\/product_tag?post=28368"}],"curies":[{"name":"wp","href":"https:\/\/api.w.org\/{rel}","templated":true}]}}