{"id":28498,"date":"2025-11-20T11:30:18","date_gmt":"2025-11-20T10:30:18","guid":{"rendered":"https:\/\/winstage.at\/?post_type=product&#038;p=28498"},"modified":"2025-11-20T11:30:19","modified_gmt":"2025-11-20T10:30:19","slug":"autumn-harald-brandl","status":"publish","type":"product","link":"https:\/\/winstage.at\/en\/event\/autumn-harald-brandl\/","title":{"rendered":"Autumn"},"content":{"rendered":"<p>Das Gem\u00e4lde Autumn steht in seiner Symbolik f\u00fcr den Herbst. Ein r\u00f6tlicher Sonnenaufgang, Nebelschwaden die sich verfl\u00fcchtigen, sich br\u00e4unlich verf\u00e4rbende Weiden und Str\u00e4ucher. Die letzten bunten Blumen, die ihre K\u00f6pfe der Sonne entgegen strecken. Der Herbst steht hier f\u00fcr mich als Platzhalter daf\u00fcr, da\u00df etwas sich dem Ende zuneigt. Etwas mu\u00df gehen, weichen, damit etwas neues entstehen kann.<\/p>\n","protected":false},"excerpt":{"rendered":"<p>Das Gem\u00e4lde Autumn steht in seiner Symbolik f\u00fcr den Herbst. Ein r\u00f6tlicher Sonnenaufgang, Nebelschwaden die&#8230;<\/p>\n","protected":false},"author":135,"featured_media":28496,"template":"","meta":{"_acf_changed":false,"iawp_total_views":0},"besichtigung":[762],"filter_size":[37],"filter_style":[856],"filter_technique":[30],"kunstler":[1053],"product_brand":[],"product_cat":[944],"product_tag":[],"class_list":{"0":"post-28498","1":"product","2":"type-product","3":"status-publish","4":"has-post-thumbnail","6":"besichtigung-nur-online","7":"filter_size-m","8":"filter_style-gemaelde","9":"filter_technique-acryl","10":"kunstler-harald-brandl","11":"product_cat-pro","13":"first","14":"instock","15":"shipping-taxable","16":"purchasable","17":"product-type-simple"},"acf":[],"_links":{"self":[{"href":"https:\/\/winstage.at\/en\/wp-json\/wp\/v2\/product\/28498","targetHints":{"allow":["GET"]}}],"collection":[{"href":"https:\/\/winstage.at\/en\/wp-json\/wp\/v2\/product"}],"about":[{"href":"https:\/\/winstage.at\/en\/wp-json\/wp\/v2\/types\/product"}],"author":[{"embeddable":true,"href":"https:\/\/winstage.at\/en\/wp-json\/wp\/v2\/users\/135"}],"wp:featuredmedia":[{"embeddable":true,"href":"https:\/\/winstage.at\/en\/wp-json\/wp\/v2\/media\/28496"}],"wp:attachment":[{"href":"https:\/\/winstage.at\/en\/wp-json\/wp\/v2\/media?parent=28498"}],"wp:term":[{"taxonomy":"besichtigung","embeddable":true,"href":"https:\/\/winstage.at\/en\/wp-json\/wp\/v2\/besichtigung?post=28498"},{"taxonomy":"filter_size","embeddable":true,"href":"https:\/\/winstage.at\/en\/wp-json\/wp\/v2\/filter_size?post=28498"},{"taxonomy":"filter_style","embeddable":true,"href":"https:\/\/winstage.at\/en\/wp-json\/wp\/v2\/filter_style?post=28498"},{"taxonomy":"filter_technique","embeddable":true,"href":"https:\/\/winstage.at\/en\/wp-json\/wp\/v2\/filter_technique?post=28498"},{"taxonomy":"kunstler","embeddable":true,"href":"https:\/\/winstage.at\/en\/wp-json\/wp\/v2\/kunstler?post=28498"},{"taxonomy":"product_brand","embeddable":true,"href":"https:\/\/winstage.at\/en\/wp-json\/wp\/v2\/product_brand?post=28498"},{"taxonomy":"product_cat","embeddable":true,"href":"https:\/\/winstage.at\/en\/wp-json\/wp\/v2\/product_cat?post=28498"},{"taxonomy":"product_tag","embeddable":true,"href":"https:\/\/winstage.at\/en\/wp-json\/wp\/v2\/product_tag?post=28498"}],"curies":[{"name":"wp","href":"https:\/\/api.w.org\/{rel}","templated":true}]}}