{"id":28507,"date":"2025-11-20T11:58:50","date_gmt":"2025-11-20T10:58:50","guid":{"rendered":"https:\/\/winstage.at\/?post_type=product&#038;p=28507"},"modified":"2025-11-20T11:58:51","modified_gmt":"2025-11-20T10:58:51","slug":"destroyed-love-harald-brandl","status":"publish","type":"product","link":"https:\/\/winstage.at\/en\/event\/destroyed-love-harald-brandl\/","title":{"rendered":"Destroyed love"},"content":{"rendered":"<p>Ein Klecks mit Trennlinie? Destroyed love verbildlicht hier die Trennung zweier Menschen, die Linie der Abstand. Nach geraumer Zeit geht eine Beziehung zu Bruch. Die Flie\u00dfelemente im Gem\u00e4lde stehen f\u00fcr die Trauer, den Schmerz und das Leid. Das surrounding wurde von mir so gestaltet, da\u00df es abh\u00e4ngig von Ausleuchtung oder dem nat\u00fcrlichen Lichteinfall unterschiedliche Farbauspr\u00e4gungen bietet, von tief schwarz bis hin zu einem satten Rotton. Das Bild sollte daher f\u00fcr seine Wirkung als Einzelobjekt an einer Wand stehen. Es korespondiert und harmoniert aber mit dem Bild Rose of peace.<\/p>\n","protected":false},"excerpt":{"rendered":"<p>Ein Klecks mit Trennlinie? Destroyed love verbildlicht hier die Trennung zweier Menschen, die Linie der&#8230;<\/p>\n","protected":false},"author":135,"featured_media":28501,"template":"","meta":{"_acf_changed":false,"iawp_total_views":0},"besichtigung":[762],"filter_size":[],"filter_style":[856],"filter_technique":[30],"kunstler":[1053],"product_brand":[],"product_cat":[944],"product_tag":[],"class_list":{"0":"post-28507","1":"product","2":"type-product","3":"status-publish","4":"has-post-thumbnail","6":"besichtigung-nur-online","7":"filter_style-gemaelde","8":"filter_technique-acryl","9":"kunstler-harald-brandl","10":"product_cat-pro","12":"first","13":"instock","14":"shipping-taxable","15":"purchasable","16":"product-type-simple"},"acf":[],"_links":{"self":[{"href":"https:\/\/winstage.at\/en\/wp-json\/wp\/v2\/product\/28507","targetHints":{"allow":["GET"]}}],"collection":[{"href":"https:\/\/winstage.at\/en\/wp-json\/wp\/v2\/product"}],"about":[{"href":"https:\/\/winstage.at\/en\/wp-json\/wp\/v2\/types\/product"}],"author":[{"embeddable":true,"href":"https:\/\/winstage.at\/en\/wp-json\/wp\/v2\/users\/135"}],"wp:featuredmedia":[{"embeddable":true,"href":"https:\/\/winstage.at\/en\/wp-json\/wp\/v2\/media\/28501"}],"wp:attachment":[{"href":"https:\/\/winstage.at\/en\/wp-json\/wp\/v2\/media?parent=28507"}],"wp:term":[{"taxonomy":"besichtigung","embeddable":true,"href":"https:\/\/winstage.at\/en\/wp-json\/wp\/v2\/besichtigung?post=28507"},{"taxonomy":"filter_size","embeddable":true,"href":"https:\/\/winstage.at\/en\/wp-json\/wp\/v2\/filter_size?post=28507"},{"taxonomy":"filter_style","embeddable":true,"href":"https:\/\/winstage.at\/en\/wp-json\/wp\/v2\/filter_style?post=28507"},{"taxonomy":"filter_technique","embeddable":true,"href":"https:\/\/winstage.at\/en\/wp-json\/wp\/v2\/filter_technique?post=28507"},{"taxonomy":"kunstler","embeddable":true,"href":"https:\/\/winstage.at\/en\/wp-json\/wp\/v2\/kunstler?post=28507"},{"taxonomy":"product_brand","embeddable":true,"href":"https:\/\/winstage.at\/en\/wp-json\/wp\/v2\/product_brand?post=28507"},{"taxonomy":"product_cat","embeddable":true,"href":"https:\/\/winstage.at\/en\/wp-json\/wp\/v2\/product_cat?post=28507"},{"taxonomy":"product_tag","embeddable":true,"href":"https:\/\/winstage.at\/en\/wp-json\/wp\/v2\/product_tag?post=28507"}],"curies":[{"name":"wp","href":"https:\/\/api.w.org\/{rel}","templated":true}]}}