{"id":28516,"date":"2025-11-20T12:02:44","date_gmt":"2025-11-20T11:02:44","guid":{"rendered":"https:\/\/winstage.at\/?post_type=product&#038;p=28516"},"modified":"2025-11-20T12:02:44","modified_gmt":"2025-11-20T11:02:44","slug":"karl-valentin-johann-acher","status":"publish","type":"product","link":"https:\/\/winstage.at\/en\/event\/karl-valentin-johann-acher\/","title":{"rendered":"Karl Valentin"},"content":{"rendered":"<p>Karl Valentin war ein deutscher Komiker, Volkss\u00e4nger, Autor und Filmproduzent (1882 -1948). Aus k\u00fcnstlerischer Sicht ist sein \u00e4u\u00dferes Erscheinungsbild sehr besonders und einzigartig. Dabei versuchte ich die Mimik und den Ausdruck des Komikers in meinem Gem\u00e4lde einzufangen. Valentin verwendete oft tiefgr\u00fcndige Spr\u00fcche und S\u00e4tze, einen davon habe ich im Bild verewigt.<\/p>\n","protected":false},"excerpt":{"rendered":"<p>Karl Valentin war ein deutscher Komiker, Volkss\u00e4nger, Autor und Filmproduzent (1882 -1948). Aus k\u00fcnstlerischer Sicht&#8230;<\/p>\n","protected":false},"author":137,"featured_media":28508,"template":"","meta":{"_acf_changed":false,"iawp_total_views":0},"besichtigung":[762],"filter_size":[],"filter_style":[856],"filter_technique":[103],"kunstler":[1057],"product_brand":[],"product_cat":[943],"product_tag":[],"class_list":{"0":"post-28516","1":"product","2":"type-product","3":"status-publish","4":"has-post-thumbnail","6":"besichtigung-nur-online","7":"filter_style-gemaelde","8":"filter_technique-mischtechnik","9":"kunstler-johann-acher","10":"product_cat-starter","12":"first","13":"instock","14":"shipping-taxable","15":"purchasable","16":"product-type-simple"},"acf":[],"_links":{"self":[{"href":"https:\/\/winstage.at\/en\/wp-json\/wp\/v2\/product\/28516","targetHints":{"allow":["GET"]}}],"collection":[{"href":"https:\/\/winstage.at\/en\/wp-json\/wp\/v2\/product"}],"about":[{"href":"https:\/\/winstage.at\/en\/wp-json\/wp\/v2\/types\/product"}],"author":[{"embeddable":true,"href":"https:\/\/winstage.at\/en\/wp-json\/wp\/v2\/users\/137"}],"wp:featuredmedia":[{"embeddable":true,"href":"https:\/\/winstage.at\/en\/wp-json\/wp\/v2\/media\/28508"}],"wp:attachment":[{"href":"https:\/\/winstage.at\/en\/wp-json\/wp\/v2\/media?parent=28516"}],"wp:term":[{"taxonomy":"besichtigung","embeddable":true,"href":"https:\/\/winstage.at\/en\/wp-json\/wp\/v2\/besichtigung?post=28516"},{"taxonomy":"filter_size","embeddable":true,"href":"https:\/\/winstage.at\/en\/wp-json\/wp\/v2\/filter_size?post=28516"},{"taxonomy":"filter_style","embeddable":true,"href":"https:\/\/winstage.at\/en\/wp-json\/wp\/v2\/filter_style?post=28516"},{"taxonomy":"filter_technique","embeddable":true,"href":"https:\/\/winstage.at\/en\/wp-json\/wp\/v2\/filter_technique?post=28516"},{"taxonomy":"kunstler","embeddable":true,"href":"https:\/\/winstage.at\/en\/wp-json\/wp\/v2\/kunstler?post=28516"},{"taxonomy":"product_brand","embeddable":true,"href":"https:\/\/winstage.at\/en\/wp-json\/wp\/v2\/product_brand?post=28516"},{"taxonomy":"product_cat","embeddable":true,"href":"https:\/\/winstage.at\/en\/wp-json\/wp\/v2\/product_cat?post=28516"},{"taxonomy":"product_tag","embeddable":true,"href":"https:\/\/winstage.at\/en\/wp-json\/wp\/v2\/product_tag?post=28516"}],"curies":[{"name":"wp","href":"https:\/\/api.w.org\/{rel}","templated":true}]}}