{"id":28522,"date":"2025-11-20T12:19:44","date_gmt":"2025-11-20T11:19:44","guid":{"rendered":"https:\/\/winstage.at\/?post_type=product&#038;p=28522"},"modified":"2025-11-20T12:19:45","modified_gmt":"2025-11-20T11:19:45","slug":"zeitfenster-johann-acher","status":"publish","type":"product","link":"https:\/\/winstage.at\/en\/event\/zeitfenster-johann-acher\/","title":{"rendered":"Zeitfenster"},"content":{"rendered":"<p>Hier stelle ich in meinem Gem\u00e4lde verschiedene Zeitepochen der Menschheit dar. In der linken Bildh\u00e4lfte sieht man den Anfang der Menschheit (Homo Sapiens), in der Bildmitte als Vertreter des Mittelalters den Ritter und f\u00fcr die Neuzeit die Punkerin. Alle 3 Personen stellen einen groben Abriss f\u00fcr die Zeitreise der Menschheit und deren Ver\u00e4nderung dar.<\/p>\n","protected":false},"excerpt":{"rendered":"<p>Hier stelle ich in meinem Gem\u00e4lde verschiedene Zeitepochen der Menschheit dar. In der linken Bildh\u00e4lfte&#8230;<\/p>\n","protected":false},"author":137,"featured_media":28520,"template":"","meta":{"_acf_changed":false,"iawp_total_views":0},"besichtigung":[762],"filter_size":[34],"filter_style":[856],"filter_technique":[102],"kunstler":[1057],"product_brand":[],"product_cat":[943],"product_tag":[],"class_list":{"0":"post-28522","1":"product","2":"type-product","3":"status-publish","4":"has-post-thumbnail","6":"besichtigung-nur-online","7":"filter_size-l","8":"filter_style-gemaelde","9":"filter_technique-malerei","10":"kunstler-johann-acher","11":"product_cat-starter","13":"first","14":"instock","15":"shipping-taxable","16":"purchasable","17":"product-type-simple"},"acf":[],"_links":{"self":[{"href":"https:\/\/winstage.at\/en\/wp-json\/wp\/v2\/product\/28522","targetHints":{"allow":["GET"]}}],"collection":[{"href":"https:\/\/winstage.at\/en\/wp-json\/wp\/v2\/product"}],"about":[{"href":"https:\/\/winstage.at\/en\/wp-json\/wp\/v2\/types\/product"}],"author":[{"embeddable":true,"href":"https:\/\/winstage.at\/en\/wp-json\/wp\/v2\/users\/137"}],"wp:featuredmedia":[{"embeddable":true,"href":"https:\/\/winstage.at\/en\/wp-json\/wp\/v2\/media\/28520"}],"wp:attachment":[{"href":"https:\/\/winstage.at\/en\/wp-json\/wp\/v2\/media?parent=28522"}],"wp:term":[{"taxonomy":"besichtigung","embeddable":true,"href":"https:\/\/winstage.at\/en\/wp-json\/wp\/v2\/besichtigung?post=28522"},{"taxonomy":"filter_size","embeddable":true,"href":"https:\/\/winstage.at\/en\/wp-json\/wp\/v2\/filter_size?post=28522"},{"taxonomy":"filter_style","embeddable":true,"href":"https:\/\/winstage.at\/en\/wp-json\/wp\/v2\/filter_style?post=28522"},{"taxonomy":"filter_technique","embeddable":true,"href":"https:\/\/winstage.at\/en\/wp-json\/wp\/v2\/filter_technique?post=28522"},{"taxonomy":"kunstler","embeddable":true,"href":"https:\/\/winstage.at\/en\/wp-json\/wp\/v2\/kunstler?post=28522"},{"taxonomy":"product_brand","embeddable":true,"href":"https:\/\/winstage.at\/en\/wp-json\/wp\/v2\/product_brand?post=28522"},{"taxonomy":"product_cat","embeddable":true,"href":"https:\/\/winstage.at\/en\/wp-json\/wp\/v2\/product_cat?post=28522"},{"taxonomy":"product_tag","embeddable":true,"href":"https:\/\/winstage.at\/en\/wp-json\/wp\/v2\/product_tag?post=28522"}],"curies":[{"name":"wp","href":"https:\/\/api.w.org\/{rel}","templated":true}]}}