{"id":28532,"date":"2025-11-20T12:46:04","date_gmt":"2025-11-20T11:46:04","guid":{"rendered":"https:\/\/winstage.at\/?post_type=product&#038;p=28532"},"modified":"2025-11-20T12:46:05","modified_gmt":"2025-11-20T11:46:05","slug":"affenbande-johann-acher","status":"publish","type":"product","link":"https:\/\/winstage.at\/en\/event\/affenbande-johann-acher\/","title":{"rendered":"Affenbande"},"content":{"rendered":"<p>Mein Gem\u00e4lde zeigt eine Horde Affen in ihren typischen Posen im freien Gel\u00e4nde. Der stehende Affe ist ihr Anf\u00fchrer, die anderen, vorderen Affen sind in geb\u00fcckter, dem\u00fctiger Haltung. Im Hintergrund sieht man noch jugendliche, ungest\u00fcme Affen. Mein Bild kann man auch als Parallele zu den Menschen sehen, hier kann der Betrachter sich seine eigene Meinung bilden.<\/p>\n","protected":false},"excerpt":{"rendered":"<p>Mein Gem\u00e4lde zeigt eine Horde Affen in ihren typischen Posen im freien Gel\u00e4nde. Der stehende&#8230;<\/p>\n","protected":false},"author":137,"featured_media":28530,"template":"","meta":{"_acf_changed":false,"iawp_total_views":1},"besichtigung":[762],"filter_size":[37],"filter_style":[856],"filter_technique":[102],"kunstler":[1057],"product_brand":[],"product_cat":[943],"product_tag":[],"class_list":{"0":"post-28532","1":"product","2":"type-product","3":"status-publish","4":"has-post-thumbnail","6":"besichtigung-nur-online","7":"filter_size-m","8":"filter_style-gemaelde","9":"filter_technique-malerei","10":"kunstler-johann-acher","11":"product_cat-starter","13":"first","14":"instock","15":"shipping-taxable","16":"purchasable","17":"product-type-simple"},"acf":[],"_links":{"self":[{"href":"https:\/\/winstage.at\/en\/wp-json\/wp\/v2\/product\/28532","targetHints":{"allow":["GET"]}}],"collection":[{"href":"https:\/\/winstage.at\/en\/wp-json\/wp\/v2\/product"}],"about":[{"href":"https:\/\/winstage.at\/en\/wp-json\/wp\/v2\/types\/product"}],"author":[{"embeddable":true,"href":"https:\/\/winstage.at\/en\/wp-json\/wp\/v2\/users\/137"}],"wp:featuredmedia":[{"embeddable":true,"href":"https:\/\/winstage.at\/en\/wp-json\/wp\/v2\/media\/28530"}],"wp:attachment":[{"href":"https:\/\/winstage.at\/en\/wp-json\/wp\/v2\/media?parent=28532"}],"wp:term":[{"taxonomy":"besichtigung","embeddable":true,"href":"https:\/\/winstage.at\/en\/wp-json\/wp\/v2\/besichtigung?post=28532"},{"taxonomy":"filter_size","embeddable":true,"href":"https:\/\/winstage.at\/en\/wp-json\/wp\/v2\/filter_size?post=28532"},{"taxonomy":"filter_style","embeddable":true,"href":"https:\/\/winstage.at\/en\/wp-json\/wp\/v2\/filter_style?post=28532"},{"taxonomy":"filter_technique","embeddable":true,"href":"https:\/\/winstage.at\/en\/wp-json\/wp\/v2\/filter_technique?post=28532"},{"taxonomy":"kunstler","embeddable":true,"href":"https:\/\/winstage.at\/en\/wp-json\/wp\/v2\/kunstler?post=28532"},{"taxonomy":"product_brand","embeddable":true,"href":"https:\/\/winstage.at\/en\/wp-json\/wp\/v2\/product_brand?post=28532"},{"taxonomy":"product_cat","embeddable":true,"href":"https:\/\/winstage.at\/en\/wp-json\/wp\/v2\/product_cat?post=28532"},{"taxonomy":"product_tag","embeddable":true,"href":"https:\/\/winstage.at\/en\/wp-json\/wp\/v2\/product_tag?post=28532"}],"curies":[{"name":"wp","href":"https:\/\/api.w.org\/{rel}","templated":true}]}}