{"id":28535,"date":"2025-11-20T12:46:18","date_gmt":"2025-11-20T11:46:18","guid":{"rendered":"https:\/\/winstage.at\/?post_type=product&#038;p=28535"},"modified":"2025-11-20T12:46:19","modified_gmt":"2025-11-20T11:46:19","slug":"blaue-baeume-am-seeufer-johann-acher","status":"publish","type":"product","link":"https:\/\/winstage.at\/en\/event\/blaue-baeume-am-seeufer-johann-acher\/","title":{"rendered":"blaue B\u00e4ume am Seeufer"},"content":{"rendered":"<p>Mein Gem\u00e4lde zeigt 2 blaue B\u00e4ume, die direkt am Seeufer stehen. Es ist eine Abendstimmung im Sommer. Das warme Licht der Abendsonne spiegelt sich im See und die abgewandte Seite der B\u00e4ume liegt im Schatten. Mein Gem\u00e4lde ist dem impressionistischem Stil nachempfunden und m\u00f6chte die augenblickliche, wundersch\u00f6ne Stimmung festhalten.<\/p>\n","protected":false},"excerpt":{"rendered":"<p>Mein Gem\u00e4lde zeigt 2 blaue B\u00e4ume, die direkt am Seeufer stehen. Es ist eine Abendstimmung&#8230;<\/p>\n","protected":false},"author":137,"featured_media":28533,"template":"","meta":{"_acf_changed":false,"iawp_total_views":0},"besichtigung":[762],"filter_size":[37],"filter_style":[856],"filter_technique":[103],"kunstler":[1057],"product_brand":[],"product_cat":[943],"product_tag":[],"class_list":{"0":"post-28535","1":"product","2":"type-product","3":"status-publish","4":"has-post-thumbnail","6":"besichtigung-nur-online","7":"filter_size-m","8":"filter_style-gemaelde","9":"filter_technique-mischtechnik","10":"kunstler-johann-acher","11":"product_cat-starter","13":"first","14":"instock","15":"shipping-taxable","16":"purchasable","17":"product-type-simple"},"acf":[],"_links":{"self":[{"href":"https:\/\/winstage.at\/en\/wp-json\/wp\/v2\/product\/28535","targetHints":{"allow":["GET"]}}],"collection":[{"href":"https:\/\/winstage.at\/en\/wp-json\/wp\/v2\/product"}],"about":[{"href":"https:\/\/winstage.at\/en\/wp-json\/wp\/v2\/types\/product"}],"author":[{"embeddable":true,"href":"https:\/\/winstage.at\/en\/wp-json\/wp\/v2\/users\/137"}],"wp:featuredmedia":[{"embeddable":true,"href":"https:\/\/winstage.at\/en\/wp-json\/wp\/v2\/media\/28533"}],"wp:attachment":[{"href":"https:\/\/winstage.at\/en\/wp-json\/wp\/v2\/media?parent=28535"}],"wp:term":[{"taxonomy":"besichtigung","embeddable":true,"href":"https:\/\/winstage.at\/en\/wp-json\/wp\/v2\/besichtigung?post=28535"},{"taxonomy":"filter_size","embeddable":true,"href":"https:\/\/winstage.at\/en\/wp-json\/wp\/v2\/filter_size?post=28535"},{"taxonomy":"filter_style","embeddable":true,"href":"https:\/\/winstage.at\/en\/wp-json\/wp\/v2\/filter_style?post=28535"},{"taxonomy":"filter_technique","embeddable":true,"href":"https:\/\/winstage.at\/en\/wp-json\/wp\/v2\/filter_technique?post=28535"},{"taxonomy":"kunstler","embeddable":true,"href":"https:\/\/winstage.at\/en\/wp-json\/wp\/v2\/kunstler?post=28535"},{"taxonomy":"product_brand","embeddable":true,"href":"https:\/\/winstage.at\/en\/wp-json\/wp\/v2\/product_brand?post=28535"},{"taxonomy":"product_cat","embeddable":true,"href":"https:\/\/winstage.at\/en\/wp-json\/wp\/v2\/product_cat?post=28535"},{"taxonomy":"product_tag","embeddable":true,"href":"https:\/\/winstage.at\/en\/wp-json\/wp\/v2\/product_tag?post=28535"}],"curies":[{"name":"wp","href":"https:\/\/api.w.org\/{rel}","templated":true}]}}