{"id":29135,"date":"2025-11-24T09:36:08","date_gmt":"2025-11-24T08:36:08","guid":{"rendered":"https:\/\/winstage.at\/?post_type=product&#038;p=29135"},"modified":"2025-11-24T09:36:09","modified_gmt":"2025-11-24T08:36:09","slug":"abendstimmung-am-see-ulrike-sallos-sohns","status":"publish","type":"product","link":"https:\/\/winstage.at\/en\/event\/abendstimmung-am-see-ulrike-sallos-sohns\/","title":{"rendered":"Abendstimmung am See"},"content":{"rendered":"<p>Das Bild ist auf starkem Papier mit Acrylfarben gemalt. Durch ein entsprechendes Passepartout und dem Rahmen l\u00e4sst sich die Gr\u00f6\u00dfe des Bildes variieren.<\/p>\n","protected":false},"excerpt":{"rendered":"<p>Das Bild ist auf starkem Papier mit Acrylfarben gemalt. Durch ein entsprechendes Passepartout und dem&#8230;<\/p>\n","protected":false},"author":146,"featured_media":29124,"template":"","meta":{"_acf_changed":false,"iawp_total_views":2},"besichtigung":[762],"filter_size":[37],"filter_style":[856],"filter_technique":[30],"kunstler":[1151],"product_brand":[],"product_cat":[944],"product_tag":[],"class_list":{"0":"post-29135","1":"product","2":"type-product","3":"status-publish","4":"has-post-thumbnail","6":"besichtigung-nur-online","7":"filter_size-m","8":"filter_style-gemaelde","9":"filter_technique-acryl","10":"kunstler-ulrike-sallos-sohns","11":"product_cat-pro","13":"first","14":"instock","15":"shipping-taxable","16":"purchasable","17":"product-type-simple"},"acf":[],"_links":{"self":[{"href":"https:\/\/winstage.at\/en\/wp-json\/wp\/v2\/product\/29135","targetHints":{"allow":["GET"]}}],"collection":[{"href":"https:\/\/winstage.at\/en\/wp-json\/wp\/v2\/product"}],"about":[{"href":"https:\/\/winstage.at\/en\/wp-json\/wp\/v2\/types\/product"}],"author":[{"embeddable":true,"href":"https:\/\/winstage.at\/en\/wp-json\/wp\/v2\/users\/146"}],"wp:featuredmedia":[{"embeddable":true,"href":"https:\/\/winstage.at\/en\/wp-json\/wp\/v2\/media\/29124"}],"wp:attachment":[{"href":"https:\/\/winstage.at\/en\/wp-json\/wp\/v2\/media?parent=29135"}],"wp:term":[{"taxonomy":"besichtigung","embeddable":true,"href":"https:\/\/winstage.at\/en\/wp-json\/wp\/v2\/besichtigung?post=29135"},{"taxonomy":"filter_size","embeddable":true,"href":"https:\/\/winstage.at\/en\/wp-json\/wp\/v2\/filter_size?post=29135"},{"taxonomy":"filter_style","embeddable":true,"href":"https:\/\/winstage.at\/en\/wp-json\/wp\/v2\/filter_style?post=29135"},{"taxonomy":"filter_technique","embeddable":true,"href":"https:\/\/winstage.at\/en\/wp-json\/wp\/v2\/filter_technique?post=29135"},{"taxonomy":"kunstler","embeddable":true,"href":"https:\/\/winstage.at\/en\/wp-json\/wp\/v2\/kunstler?post=29135"},{"taxonomy":"product_brand","embeddable":true,"href":"https:\/\/winstage.at\/en\/wp-json\/wp\/v2\/product_brand?post=29135"},{"taxonomy":"product_cat","embeddable":true,"href":"https:\/\/winstage.at\/en\/wp-json\/wp\/v2\/product_cat?post=29135"},{"taxonomy":"product_tag","embeddable":true,"href":"https:\/\/winstage.at\/en\/wp-json\/wp\/v2\/product_tag?post=29135"}],"curies":[{"name":"wp","href":"https:\/\/api.w.org\/{rel}","templated":true}]}}