{"id":29190,"date":"2025-11-24T09:29:32","date_gmt":"2025-11-24T08:29:32","guid":{"rendered":"https:\/\/winstage.at\/?post_type=product&#038;p=29190"},"modified":"2025-11-24T09:29:33","modified_gmt":"2025-11-24T08:29:33","slug":"gratitude-and-loyalty-jessica-gericke","status":"publish","type":"product","link":"https:\/\/winstage.at\/en\/event\/gratitude-and-loyalty-jessica-gericke\/","title":{"rendered":"Gratitude and Loyalty"},"content":{"rendered":"<p>Der Kranich als Symbol f\u00fcr Gl\u00fcck, Langlebigkeit und Loyalit\u00e4t schwebt vor einem blattgoldenen Himmel \u00fcber dem Berg Fuji.<\/p>\n","protected":false},"excerpt":{"rendered":"<p>Der Kranich als Symbol f\u00fcr Gl\u00fcck, Langlebigkeit und Loyalit\u00e4t schwebt vor einem blattgoldenen Himmel \u00fcber&#8230;<\/p>\n","protected":false},"author":154,"featured_media":29174,"template":"","meta":{"_acf_changed":false,"iawp_total_views":0},"besichtigung":[1058],"filter_size":[1063],"filter_style":[1059],"filter_technique":[1060],"kunstler":[1177],"product_brand":[],"product_cat":[1062],"product_tag":[],"class_list":{"0":"post-29190","1":"product","2":"type-product","3":"status-publish","4":"has-post-thumbnail","6":"besichtigung-nur-online","7":"filter_size-m","8":"filter_style-paintings","9":"filter_technique-acryl","10":"kunstler-jessica-keller","11":"product_cat-starter","13":"first","14":"instock","15":"shipping-taxable","16":"purchasable","17":"product-type-simple"},"acf":[],"_links":{"self":[{"href":"https:\/\/winstage.at\/en\/wp-json\/wp\/v2\/product\/29190","targetHints":{"allow":["GET"]}}],"collection":[{"href":"https:\/\/winstage.at\/en\/wp-json\/wp\/v2\/product"}],"about":[{"href":"https:\/\/winstage.at\/en\/wp-json\/wp\/v2\/types\/product"}],"author":[{"embeddable":true,"href":"https:\/\/winstage.at\/en\/wp-json\/wp\/v2\/users\/154"}],"wp:featuredmedia":[{"embeddable":true,"href":"https:\/\/winstage.at\/en\/wp-json\/wp\/v2\/media\/29174"}],"wp:attachment":[{"href":"https:\/\/winstage.at\/en\/wp-json\/wp\/v2\/media?parent=29190"}],"wp:term":[{"taxonomy":"besichtigung","embeddable":true,"href":"https:\/\/winstage.at\/en\/wp-json\/wp\/v2\/besichtigung?post=29190"},{"taxonomy":"filter_size","embeddable":true,"href":"https:\/\/winstage.at\/en\/wp-json\/wp\/v2\/filter_size?post=29190"},{"taxonomy":"filter_style","embeddable":true,"href":"https:\/\/winstage.at\/en\/wp-json\/wp\/v2\/filter_style?post=29190"},{"taxonomy":"filter_technique","embeddable":true,"href":"https:\/\/winstage.at\/en\/wp-json\/wp\/v2\/filter_technique?post=29190"},{"taxonomy":"kunstler","embeddable":true,"href":"https:\/\/winstage.at\/en\/wp-json\/wp\/v2\/kunstler?post=29190"},{"taxonomy":"product_brand","embeddable":true,"href":"https:\/\/winstage.at\/en\/wp-json\/wp\/v2\/product_brand?post=29190"},{"taxonomy":"product_cat","embeddable":true,"href":"https:\/\/winstage.at\/en\/wp-json\/wp\/v2\/product_cat?post=29190"},{"taxonomy":"product_tag","embeddable":true,"href":"https:\/\/winstage.at\/en\/wp-json\/wp\/v2\/product_tag?post=29190"}],"curies":[{"name":"wp","href":"https:\/\/api.w.org\/{rel}","templated":true}]}}