{"id":29329,"date":"2025-11-24T13:18:44","date_gmt":"2025-11-24T12:18:44","guid":{"rendered":"https:\/\/winstage.at\/?post_type=product&#038;p=29329"},"modified":"2025-11-24T13:18:45","modified_gmt":"2025-11-24T12:18:45","slug":"jelly-dome","status":"publish","type":"product","link":"https:\/\/winstage.at\/en\/event\/jelly-dome\/","title":{"rendered":"Jelly Dome"},"content":{"rendered":"<p>\u201ejelly dome\u201c \u2013 ein Tanz im tiefen Blau der Versuchung Unter der gl\u00e4sernen Haut des Wassers verliert die Welt ihre Grenzen. Alles ist Str\u00f6mung, Schweben, Ziehen. Die Figuren treiben in einem Raum, der zugleich wie ein Schutz wirkt und doch voller unsichtbarer Bedrohung pulsiert. Um sie herum schweben Quallen \u2013 lautlos, wundersch\u00f6n, gef\u00e4hrlich. Jede Bewegung k\u00f6nnte N\u00e4he bedeuten, oder Schmerz. In diesem fl\u00fcssigen Kosmos wird das Streben nach vermeintlichen Werten sichtbar: Eine Hand klammert sich an ein leuchtendes Rechteck, ein Symbol f\u00fcr Besitz, f\u00fcr Geld, f\u00fcr das, was man festhalten will, obwohl es sich im Wasser nie wirklich greifen l\u00e4sst. Alles, was gl\u00e4nzt, wird hier gleichzeitig zur Verlockung und Falle. \u201ejelly dome\u201c zeigt einen Zustand zwischen Gier und Orientierungslosigkeit, zwischen Sehnsucht und Selbstverlust. Ein Bild, das die Frage stellt: Was ist der Preis daf\u00fcr, im Strudel der Werte zu schwimmen, die uns versprochen wurden \u2013 und welcher Schmerz lauert in der Tiefe? Ein Werk, das flie\u00dft, brennt, und lange nachhallt.<\/p>\n","protected":false},"excerpt":{"rendered":"<p>\u201ejelly dome\u201c \u2013 ein Tanz im tiefen Blau der Versuchung Unter der gl\u00e4sernen Haut des&#8230;<\/p>\n","protected":false},"author":155,"featured_media":29274,"template":"","meta":{"_acf_changed":false,"iawp_total_views":0},"besichtigung":[762],"filter_size":[34],"filter_style":[856],"filter_technique":[30],"kunstler":[1178],"product_brand":[],"product_cat":[944],"product_tag":[],"class_list":{"0":"post-29329","1":"product","2":"type-product","3":"status-publish","4":"has-post-thumbnail","6":"besichtigung-nur-online","7":"filter_size-l","8":"filter_style-gemaelde","9":"filter_technique-acryl","10":"kunstler-joe-koestlinger","11":"product_cat-pro","13":"first","14":"instock","15":"shipping-taxable","16":"purchasable","17":"product-type-simple"},"acf":[],"_links":{"self":[{"href":"https:\/\/winstage.at\/en\/wp-json\/wp\/v2\/product\/29329","targetHints":{"allow":["GET"]}}],"collection":[{"href":"https:\/\/winstage.at\/en\/wp-json\/wp\/v2\/product"}],"about":[{"href":"https:\/\/winstage.at\/en\/wp-json\/wp\/v2\/types\/product"}],"author":[{"embeddable":true,"href":"https:\/\/winstage.at\/en\/wp-json\/wp\/v2\/users\/155"}],"wp:featuredmedia":[{"embeddable":true,"href":"https:\/\/winstage.at\/en\/wp-json\/wp\/v2\/media\/29274"}],"wp:attachment":[{"href":"https:\/\/winstage.at\/en\/wp-json\/wp\/v2\/media?parent=29329"}],"wp:term":[{"taxonomy":"besichtigung","embeddable":true,"href":"https:\/\/winstage.at\/en\/wp-json\/wp\/v2\/besichtigung?post=29329"},{"taxonomy":"filter_size","embeddable":true,"href":"https:\/\/winstage.at\/en\/wp-json\/wp\/v2\/filter_size?post=29329"},{"taxonomy":"filter_style","embeddable":true,"href":"https:\/\/winstage.at\/en\/wp-json\/wp\/v2\/filter_style?post=29329"},{"taxonomy":"filter_technique","embeddable":true,"href":"https:\/\/winstage.at\/en\/wp-json\/wp\/v2\/filter_technique?post=29329"},{"taxonomy":"kunstler","embeddable":true,"href":"https:\/\/winstage.at\/en\/wp-json\/wp\/v2\/kunstler?post=29329"},{"taxonomy":"product_brand","embeddable":true,"href":"https:\/\/winstage.at\/en\/wp-json\/wp\/v2\/product_brand?post=29329"},{"taxonomy":"product_cat","embeddable":true,"href":"https:\/\/winstage.at\/en\/wp-json\/wp\/v2\/product_cat?post=29329"},{"taxonomy":"product_tag","embeddable":true,"href":"https:\/\/winstage.at\/en\/wp-json\/wp\/v2\/product_tag?post=29329"}],"curies":[{"name":"wp","href":"https:\/\/api.w.org\/{rel}","templated":true}]}}