{"id":29331,"date":"2025-11-24T13:19:04","date_gmt":"2025-11-24T12:19:04","guid":{"rendered":"https:\/\/winstage.at\/?post_type=product&#038;p=29331"},"modified":"2025-11-24T13:19:04","modified_gmt":"2025-11-24T12:19:04","slug":"die-perle-von-atlantis-joe-koestlinger","status":"publish","type":"product","link":"https:\/\/winstage.at\/en\/event\/die-perle-von-atlantis-joe-koestlinger\/","title":{"rendered":"Die Perle von Atlantis"},"content":{"rendered":"<p>Die Perle von Atlantis Sie taucht aus den Tiefen der Legenden auf \u2013 geheimnisvoll, stark und doch verletzlich. Dieses Werk tr\u00e4gt die Magie einer l\u00e4ngst verlorenen Welt in sich, eingefangen in Farben und Formen. Was siehst du in ihrem Blick? Hoffnung? St\u00e4rke? Oder die Erinnerung an eine versunkene Wahrheit? \ud83d\udcad Schreib mir deine Gedanken in die Kommentare \u2013 jede Interpretation bringt die Geschichte weiter ans Licht.<\/p>\n","protected":false},"excerpt":{"rendered":"<p>Die Perle von Atlantis Sie taucht aus den Tiefen der Legenden auf \u2013 geheimnisvoll, stark&#8230;<\/p>\n","protected":false},"author":155,"featured_media":29278,"template":"","meta":{"_acf_changed":false,"iawp_total_views":0},"besichtigung":[762],"filter_size":[37],"filter_style":[856],"filter_technique":[30],"kunstler":[1178],"product_brand":[],"product_cat":[944],"product_tag":[],"class_list":{"0":"post-29331","1":"product","2":"type-product","3":"status-publish","4":"has-post-thumbnail","6":"besichtigung-nur-online","7":"filter_size-m","8":"filter_style-gemaelde","9":"filter_technique-acryl","10":"kunstler-joe-koestlinger","11":"product_cat-pro","13":"first","14":"instock","15":"shipping-taxable","16":"purchasable","17":"product-type-simple"},"acf":[],"_links":{"self":[{"href":"https:\/\/winstage.at\/en\/wp-json\/wp\/v2\/product\/29331","targetHints":{"allow":["GET"]}}],"collection":[{"href":"https:\/\/winstage.at\/en\/wp-json\/wp\/v2\/product"}],"about":[{"href":"https:\/\/winstage.at\/en\/wp-json\/wp\/v2\/types\/product"}],"author":[{"embeddable":true,"href":"https:\/\/winstage.at\/en\/wp-json\/wp\/v2\/users\/155"}],"wp:featuredmedia":[{"embeddable":true,"href":"https:\/\/winstage.at\/en\/wp-json\/wp\/v2\/media\/29278"}],"wp:attachment":[{"href":"https:\/\/winstage.at\/en\/wp-json\/wp\/v2\/media?parent=29331"}],"wp:term":[{"taxonomy":"besichtigung","embeddable":true,"href":"https:\/\/winstage.at\/en\/wp-json\/wp\/v2\/besichtigung?post=29331"},{"taxonomy":"filter_size","embeddable":true,"href":"https:\/\/winstage.at\/en\/wp-json\/wp\/v2\/filter_size?post=29331"},{"taxonomy":"filter_style","embeddable":true,"href":"https:\/\/winstage.at\/en\/wp-json\/wp\/v2\/filter_style?post=29331"},{"taxonomy":"filter_technique","embeddable":true,"href":"https:\/\/winstage.at\/en\/wp-json\/wp\/v2\/filter_technique?post=29331"},{"taxonomy":"kunstler","embeddable":true,"href":"https:\/\/winstage.at\/en\/wp-json\/wp\/v2\/kunstler?post=29331"},{"taxonomy":"product_brand","embeddable":true,"href":"https:\/\/winstage.at\/en\/wp-json\/wp\/v2\/product_brand?post=29331"},{"taxonomy":"product_cat","embeddable":true,"href":"https:\/\/winstage.at\/en\/wp-json\/wp\/v2\/product_cat?post=29331"},{"taxonomy":"product_tag","embeddable":true,"href":"https:\/\/winstage.at\/en\/wp-json\/wp\/v2\/product_tag?post=29331"}],"curies":[{"name":"wp","href":"https:\/\/api.w.org\/{rel}","templated":true}]}}