{"id":29390,"date":"2025-11-27T19:08:54","date_gmt":"2025-11-27T18:08:54","guid":{"rendered":"https:\/\/winstage.at\/?post_type=product&#038;p=29390"},"modified":"2025-11-27T19:08:55","modified_gmt":"2025-11-27T18:08:55","slug":"krafttier-libelle-inge-gruendel-pfaff","status":"publish","type":"product","link":"https:\/\/winstage.at\/en\/event\/krafttier-libelle-inge-gruendel-pfaff\/","title":{"rendered":"Krafttier Libelle"},"content":{"rendered":"<p>In meinem Werk verbinde ich die Stile des Pop-Art und Realismus um eine tiefgr\u00fcndige Botschaft zu vermitteln. Durch die Verwendung von Acrylfarben habe ich eine lebendige und dynamische Darstellung einer Libelle geschaffen, die sanft auf einer menschlichen Kinderhand landet. Die Komposition spielt mit dem Kontrast von Bewegung und Stillstand, symbolisiert durch die fl\u00fcchtige Sch\u00f6nheit der Libelle im Kontext menschlicher Ber\u00fchrung. Diese Szene repr\u00e4sentiert die fragile Verbindung zwischen Mensch und Natur, die Betrachter zum Nachdenken \u00fcber ihre eigene Rolle in der Umwelt anregen soll. Das Bild strahlt eine Energie der Ruhe und Ehrfurcht aus, die in jedem Raum eine Atmosph\u00e4re der Besinnlichkeit schaffen kann<\/p>\n","protected":false},"excerpt":{"rendered":"<p>In meinem Werk verbinde ich die Stile des Pop-Art und Realismus um eine tiefgr\u00fcndige Botschaft&#8230;<\/p>\n","protected":false},"author":160,"featured_media":29383,"template":"","meta":{"_acf_changed":false,"iawp_total_views":0},"besichtigung":[1058],"filter_size":[1063],"filter_style":[1059],"filter_technique":[1086],"kunstler":[1189],"product_brand":[],"product_cat":[1130],"product_tag":[],"class_list":{"0":"post-29390","1":"product","2":"type-product","3":"status-publish","4":"has-post-thumbnail","6":"besichtigung-nur-online","7":"filter_size-m","8":"filter_style-paintings","9":"filter_technique-mixed-media","10":"kunstler-inge-gruendel-pfaff","11":"product_cat-pro","13":"first","14":"instock","15":"shipping-taxable","16":"purchasable","17":"product-type-simple"},"acf":[],"_links":{"self":[{"href":"https:\/\/winstage.at\/en\/wp-json\/wp\/v2\/product\/29390","targetHints":{"allow":["GET"]}}],"collection":[{"href":"https:\/\/winstage.at\/en\/wp-json\/wp\/v2\/product"}],"about":[{"href":"https:\/\/winstage.at\/en\/wp-json\/wp\/v2\/types\/product"}],"author":[{"embeddable":true,"href":"https:\/\/winstage.at\/en\/wp-json\/wp\/v2\/users\/160"}],"wp:featuredmedia":[{"embeddable":true,"href":"https:\/\/winstage.at\/en\/wp-json\/wp\/v2\/media\/29383"}],"wp:attachment":[{"href":"https:\/\/winstage.at\/en\/wp-json\/wp\/v2\/media?parent=29390"}],"wp:term":[{"taxonomy":"besichtigung","embeddable":true,"href":"https:\/\/winstage.at\/en\/wp-json\/wp\/v2\/besichtigung?post=29390"},{"taxonomy":"filter_size","embeddable":true,"href":"https:\/\/winstage.at\/en\/wp-json\/wp\/v2\/filter_size?post=29390"},{"taxonomy":"filter_style","embeddable":true,"href":"https:\/\/winstage.at\/en\/wp-json\/wp\/v2\/filter_style?post=29390"},{"taxonomy":"filter_technique","embeddable":true,"href":"https:\/\/winstage.at\/en\/wp-json\/wp\/v2\/filter_technique?post=29390"},{"taxonomy":"kunstler","embeddable":true,"href":"https:\/\/winstage.at\/en\/wp-json\/wp\/v2\/kunstler?post=29390"},{"taxonomy":"product_brand","embeddable":true,"href":"https:\/\/winstage.at\/en\/wp-json\/wp\/v2\/product_brand?post=29390"},{"taxonomy":"product_cat","embeddable":true,"href":"https:\/\/winstage.at\/en\/wp-json\/wp\/v2\/product_cat?post=29390"},{"taxonomy":"product_tag","embeddable":true,"href":"https:\/\/winstage.at\/en\/wp-json\/wp\/v2\/product_tag?post=29390"}],"curies":[{"name":"wp","href":"https:\/\/api.w.org\/{rel}","templated":true}]}}