{"id":29433,"date":"2025-11-27T19:08:36","date_gmt":"2025-11-27T18:08:36","guid":{"rendered":"https:\/\/winstage.at\/?post_type=product&#038;p=29433"},"modified":"2025-11-27T19:08:37","modified_gmt":"2025-11-27T18:08:37","slug":"bee-hope-inge-gruendel-pfaff","status":"publish","type":"product","link":"https:\/\/winstage.at\/en\/event\/bee-hope-inge-gruendel-pfaff\/","title":{"rendered":"Bee Hope"},"content":{"rendered":"<p>In meinem Werk habe ich die vibrierende Energie und die symbolische Bedeutung der Biene genutzt, um Hoffnung und Erneuerung darzustellen. Die leuchtenden Farben und der dynamische Stil bringen die Lebendigkeit und Wichtigkeit der Natur in jedes Zuhause. Es vermittelt ein Gef\u00fchl der Bewunderung und Achtsamkeit f\u00fcr die kleinen Wunder unseres Planeten und regt dazu an, die Umwelt zu sch\u00e4tzen und zu sch\u00fctzen.<\/p>\n","protected":false},"excerpt":{"rendered":"<p>In meinem Werk habe ich die vibrierende Energie und die symbolische Bedeutung der Biene genutzt,&#8230;<\/p>\n","protected":false},"author":160,"featured_media":29431,"template":"","meta":{"_acf_changed":false,"iawp_total_views":0},"besichtigung":[762],"filter_size":[37],"filter_style":[856],"filter_technique":[103],"kunstler":[1188],"product_brand":[],"product_cat":[944],"product_tag":[],"class_list":{"0":"post-29433","1":"product","2":"type-product","3":"status-publish","4":"has-post-thumbnail","6":"besichtigung-nur-online","7":"filter_size-m","8":"filter_style-gemaelde","9":"filter_technique-mischtechnik","10":"kunstler-inge-gruendel-pfaff","11":"product_cat-pro","13":"first","14":"instock","15":"shipping-taxable","16":"purchasable","17":"product-type-simple"},"acf":[],"_links":{"self":[{"href":"https:\/\/winstage.at\/en\/wp-json\/wp\/v2\/product\/29433","targetHints":{"allow":["GET"]}}],"collection":[{"href":"https:\/\/winstage.at\/en\/wp-json\/wp\/v2\/product"}],"about":[{"href":"https:\/\/winstage.at\/en\/wp-json\/wp\/v2\/types\/product"}],"author":[{"embeddable":true,"href":"https:\/\/winstage.at\/en\/wp-json\/wp\/v2\/users\/160"}],"wp:featuredmedia":[{"embeddable":true,"href":"https:\/\/winstage.at\/en\/wp-json\/wp\/v2\/media\/29431"}],"wp:attachment":[{"href":"https:\/\/winstage.at\/en\/wp-json\/wp\/v2\/media?parent=29433"}],"wp:term":[{"taxonomy":"besichtigung","embeddable":true,"href":"https:\/\/winstage.at\/en\/wp-json\/wp\/v2\/besichtigung?post=29433"},{"taxonomy":"filter_size","embeddable":true,"href":"https:\/\/winstage.at\/en\/wp-json\/wp\/v2\/filter_size?post=29433"},{"taxonomy":"filter_style","embeddable":true,"href":"https:\/\/winstage.at\/en\/wp-json\/wp\/v2\/filter_style?post=29433"},{"taxonomy":"filter_technique","embeddable":true,"href":"https:\/\/winstage.at\/en\/wp-json\/wp\/v2\/filter_technique?post=29433"},{"taxonomy":"kunstler","embeddable":true,"href":"https:\/\/winstage.at\/en\/wp-json\/wp\/v2\/kunstler?post=29433"},{"taxonomy":"product_brand","embeddable":true,"href":"https:\/\/winstage.at\/en\/wp-json\/wp\/v2\/product_brand?post=29433"},{"taxonomy":"product_cat","embeddable":true,"href":"https:\/\/winstage.at\/en\/wp-json\/wp\/v2\/product_cat?post=29433"},{"taxonomy":"product_tag","embeddable":true,"href":"https:\/\/winstage.at\/en\/wp-json\/wp\/v2\/product_tag?post=29433"}],"curies":[{"name":"wp","href":"https:\/\/api.w.org\/{rel}","templated":true}]}}