{"id":29494,"date":"2025-11-26T10:24:48","date_gmt":"2025-11-26T09:24:48","guid":{"rendered":"https:\/\/winstage.at\/?post_type=product&#038;p=29494"},"modified":"2025-11-26T10:24:49","modified_gmt":"2025-11-26T09:24:49","slug":"zone-f570-marc-jordi-fischer","status":"publish","type":"product","link":"https:\/\/winstage.at\/en\/event\/zone-f570-marc-jordi-fischer\/","title":{"rendered":"Zone F570"},"content":{"rendered":"<p>Meine Philosophie ist es, Fotografie auf das Wesentliche zu reduzieren. Bei \u201cZone F570&#8243; und den weiteren Bildern meiner Serie Gr\u00fcn war es mein Ziel, die Landschaften auf ihre gr\u00fcnen Farbt\u00f6ne zu reduzieren und sonst nur Grauabstufungen abzubilden.<\/p>\n","protected":false},"excerpt":{"rendered":"<p>Meine Philosophie ist es, Fotografie auf das Wesentliche zu reduzieren. Bei \u201cZone F570&#8243; und den&#8230;<\/p>\n","protected":false},"author":161,"featured_media":29474,"template":"","meta":{"_acf_changed":false,"iawp_total_views":0},"besichtigung":[1058],"filter_size":[1063],"filter_style":[1068],"filter_technique":[1078],"kunstler":[1202],"product_brand":[],"product_cat":[1062],"product_tag":[],"class_list":{"0":"post-29494","1":"product","2":"type-product","3":"status-publish","4":"has-post-thumbnail","6":"besichtigung-nur-online","7":"filter_size-m","8":"filter_style-photography","9":"filter_technique-photography","10":"kunstler-marc-jordi-fischer","11":"product_cat-starter","13":"first","14":"instock","15":"shipping-taxable","16":"purchasable","17":"product-type-simple"},"acf":[],"_links":{"self":[{"href":"https:\/\/winstage.at\/en\/wp-json\/wp\/v2\/product\/29494","targetHints":{"allow":["GET"]}}],"collection":[{"href":"https:\/\/winstage.at\/en\/wp-json\/wp\/v2\/product"}],"about":[{"href":"https:\/\/winstage.at\/en\/wp-json\/wp\/v2\/types\/product"}],"author":[{"embeddable":true,"href":"https:\/\/winstage.at\/en\/wp-json\/wp\/v2\/users\/161"}],"wp:featuredmedia":[{"embeddable":true,"href":"https:\/\/winstage.at\/en\/wp-json\/wp\/v2\/media\/29474"}],"wp:attachment":[{"href":"https:\/\/winstage.at\/en\/wp-json\/wp\/v2\/media?parent=29494"}],"wp:term":[{"taxonomy":"besichtigung","embeddable":true,"href":"https:\/\/winstage.at\/en\/wp-json\/wp\/v2\/besichtigung?post=29494"},{"taxonomy":"filter_size","embeddable":true,"href":"https:\/\/winstage.at\/en\/wp-json\/wp\/v2\/filter_size?post=29494"},{"taxonomy":"filter_style","embeddable":true,"href":"https:\/\/winstage.at\/en\/wp-json\/wp\/v2\/filter_style?post=29494"},{"taxonomy":"filter_technique","embeddable":true,"href":"https:\/\/winstage.at\/en\/wp-json\/wp\/v2\/filter_technique?post=29494"},{"taxonomy":"kunstler","embeddable":true,"href":"https:\/\/winstage.at\/en\/wp-json\/wp\/v2\/kunstler?post=29494"},{"taxonomy":"product_brand","embeddable":true,"href":"https:\/\/winstage.at\/en\/wp-json\/wp\/v2\/product_brand?post=29494"},{"taxonomy":"product_cat","embeddable":true,"href":"https:\/\/winstage.at\/en\/wp-json\/wp\/v2\/product_cat?post=29494"},{"taxonomy":"product_tag","embeddable":true,"href":"https:\/\/winstage.at\/en\/wp-json\/wp\/v2\/product_tag?post=29494"}],"curies":[{"name":"wp","href":"https:\/\/api.w.org\/{rel}","templated":true}]}}