{"id":29650,"date":"2025-11-27T13:40:46","date_gmt":"2025-11-27T12:40:46","guid":{"rendered":"https:\/\/winstage.at\/?post_type=product&#038;p=29650"},"modified":"2025-11-27T13:40:47","modified_gmt":"2025-11-27T12:40:47","slug":"lhotel-ii-joachim-bergauer","status":"publish","type":"product","link":"https:\/\/winstage.at\/en\/event\/lhotel-ii-joachim-bergauer\/","title":{"rendered":"L\u00b4Hotel II"},"content":{"rendered":"<p>Die Frau steht nackt in der Wanne, frontal, in ruhiger St\u00e4rke. Die Szene wirkt wie ein altes Reinigungsritual \u2013 gleichzeitig modern und archaisch. Das Interieur mit br\u00f6ckelnder Wand und grober Textur verst\u00e4rkt die H\u00e4rte des Moments. Der schwarze Stoff an der Wand wirkt wie ein umgedrehtes Kleid, ein Echo von Identit\u00e4t. \u201eL\u00b4Hotel VII\u201c zeigt Nacktheit nicht als Provokation, sondern als Klarheit: ein K\u00f6rper im Zustand reinen Seins. Selbstbewusst, verletzlich, unmittelbar.<\/p>\n","protected":false},"excerpt":{"rendered":"<p>Die Frau steht nackt in der Wanne, frontal, in ruhiger St\u00e4rke. Die Szene wirkt wie&#8230;<\/p>\n","protected":false},"author":164,"featured_media":29612,"template":"","meta":{"_acf_changed":false,"iawp_total_views":0},"besichtigung":[1058],"filter_size":[1064],"filter_style":[1068],"filter_technique":[1078],"kunstler":[1206],"product_brand":[],"product_cat":[1062],"product_tag":[],"class_list":{"0":"post-29650","1":"product","2":"type-product","3":"status-publish","4":"has-post-thumbnail","6":"besichtigung-nur-online","7":"filter_size-l","8":"filter_style-photography","9":"filter_technique-photography","10":"kunstler-joachim-bergauer","11":"product_cat-starter","13":"first","14":"instock","15":"shipping-taxable","16":"product-type-simple"},"acf":[],"_links":{"self":[{"href":"https:\/\/winstage.at\/en\/wp-json\/wp\/v2\/product\/29650","targetHints":{"allow":["GET"]}}],"collection":[{"href":"https:\/\/winstage.at\/en\/wp-json\/wp\/v2\/product"}],"about":[{"href":"https:\/\/winstage.at\/en\/wp-json\/wp\/v2\/types\/product"}],"author":[{"embeddable":true,"href":"https:\/\/winstage.at\/en\/wp-json\/wp\/v2\/users\/164"}],"wp:featuredmedia":[{"embeddable":true,"href":"https:\/\/winstage.at\/en\/wp-json\/wp\/v2\/media\/29612"}],"wp:attachment":[{"href":"https:\/\/winstage.at\/en\/wp-json\/wp\/v2\/media?parent=29650"}],"wp:term":[{"taxonomy":"besichtigung","embeddable":true,"href":"https:\/\/winstage.at\/en\/wp-json\/wp\/v2\/besichtigung?post=29650"},{"taxonomy":"filter_size","embeddable":true,"href":"https:\/\/winstage.at\/en\/wp-json\/wp\/v2\/filter_size?post=29650"},{"taxonomy":"filter_style","embeddable":true,"href":"https:\/\/winstage.at\/en\/wp-json\/wp\/v2\/filter_style?post=29650"},{"taxonomy":"filter_technique","embeddable":true,"href":"https:\/\/winstage.at\/en\/wp-json\/wp\/v2\/filter_technique?post=29650"},{"taxonomy":"kunstler","embeddable":true,"href":"https:\/\/winstage.at\/en\/wp-json\/wp\/v2\/kunstler?post=29650"},{"taxonomy":"product_brand","embeddable":true,"href":"https:\/\/winstage.at\/en\/wp-json\/wp\/v2\/product_brand?post=29650"},{"taxonomy":"product_cat","embeddable":true,"href":"https:\/\/winstage.at\/en\/wp-json\/wp\/v2\/product_cat?post=29650"},{"taxonomy":"product_tag","embeddable":true,"href":"https:\/\/winstage.at\/en\/wp-json\/wp\/v2\/product_tag?post=29650"}],"curies":[{"name":"wp","href":"https:\/\/api.w.org\/{rel}","templated":true}]}}