{"id":29653,"date":"2025-11-27T19:05:41","date_gmt":"2025-11-27T18:05:41","guid":{"rendered":"https:\/\/winstage.at\/?post_type=product&#038;p=29653"},"modified":"2025-11-27T19:05:41","modified_gmt":"2025-11-27T18:05:41","slug":"krokud-harald-brandl","status":"publish","type":"product","link":"https:\/\/winstage.at\/en\/event\/krokud-harald-brandl\/","title":{"rendered":"Krokud"},"content":{"rendered":"<p>Crocus ist inspirierd vom Fr\u00fchlingserwachen. Der Himmel ist noch tief blau eingef\u00e4rbt und erst langsam erw\u00e4rmt sich die Erde wieder. Die ersten Pflanzen suchen ihren Weg aus der Erde ins Licht der Sonne. Der Crocuskopf wurde in Flie\u00dftechnik konzipiert. Es stellt die Zerbrechlichkeit, das Weiche dar. Der schwere Weg ins Licht. Das Aufbl\u00fchen und Strahlen, wenn es geschafft ist<\/p>\n","protected":false},"excerpt":{"rendered":"<p>Crocus ist inspirierd vom Fr\u00fchlingserwachen. Der Himmel ist noch tief blau eingef\u00e4rbt und erst langsam&#8230;<\/p>\n","protected":false},"author":135,"featured_media":29651,"template":"","meta":{"_acf_changed":false,"iawp_total_views":0},"besichtigung":[762],"filter_size":[37],"filter_style":[856],"filter_technique":[30],"kunstler":[1053],"product_brand":[],"product_cat":[944],"product_tag":[],"class_list":{"0":"post-29653","1":"product","2":"type-product","3":"status-publish","4":"has-post-thumbnail","6":"besichtigung-nur-online","7":"filter_size-m","8":"filter_style-gemaelde","9":"filter_technique-acryl","10":"kunstler-harald-brandl","11":"product_cat-pro","13":"first","14":"instock","15":"shipping-taxable","16":"purchasable","17":"product-type-simple"},"acf":[],"_links":{"self":[{"href":"https:\/\/winstage.at\/en\/wp-json\/wp\/v2\/product\/29653","targetHints":{"allow":["GET"]}}],"collection":[{"href":"https:\/\/winstage.at\/en\/wp-json\/wp\/v2\/product"}],"about":[{"href":"https:\/\/winstage.at\/en\/wp-json\/wp\/v2\/types\/product"}],"author":[{"embeddable":true,"href":"https:\/\/winstage.at\/en\/wp-json\/wp\/v2\/users\/135"}],"wp:featuredmedia":[{"embeddable":true,"href":"https:\/\/winstage.at\/en\/wp-json\/wp\/v2\/media\/29651"}],"wp:attachment":[{"href":"https:\/\/winstage.at\/en\/wp-json\/wp\/v2\/media?parent=29653"}],"wp:term":[{"taxonomy":"besichtigung","embeddable":true,"href":"https:\/\/winstage.at\/en\/wp-json\/wp\/v2\/besichtigung?post=29653"},{"taxonomy":"filter_size","embeddable":true,"href":"https:\/\/winstage.at\/en\/wp-json\/wp\/v2\/filter_size?post=29653"},{"taxonomy":"filter_style","embeddable":true,"href":"https:\/\/winstage.at\/en\/wp-json\/wp\/v2\/filter_style?post=29653"},{"taxonomy":"filter_technique","embeddable":true,"href":"https:\/\/winstage.at\/en\/wp-json\/wp\/v2\/filter_technique?post=29653"},{"taxonomy":"kunstler","embeddable":true,"href":"https:\/\/winstage.at\/en\/wp-json\/wp\/v2\/kunstler?post=29653"},{"taxonomy":"product_brand","embeddable":true,"href":"https:\/\/winstage.at\/en\/wp-json\/wp\/v2\/product_brand?post=29653"},{"taxonomy":"product_cat","embeddable":true,"href":"https:\/\/winstage.at\/en\/wp-json\/wp\/v2\/product_cat?post=29653"},{"taxonomy":"product_tag","embeddable":true,"href":"https:\/\/winstage.at\/en\/wp-json\/wp\/v2\/product_tag?post=29653"}],"curies":[{"name":"wp","href":"https:\/\/api.w.org\/{rel}","templated":true}]}}