{"id":29661,"date":"2025-11-27T19:04:58","date_gmt":"2025-11-27T18:04:58","guid":{"rendered":"https:\/\/winstage.at\/?post_type=product&#038;p=29661"},"modified":"2025-11-27T19:04:58","modified_gmt":"2025-11-27T18:04:58","slug":"geometric-reflections-alexandra-pasing","status":"publish","type":"product","link":"https:\/\/winstage.at\/en\/event\/geometric-reflections-alexandra-pasing\/","title":{"rendered":"Geometric Reflections"},"content":{"rendered":"<p>Dieses abstrakte Kunstwerk verbindet harmonisch geometrische Pr\u00e4zision mit frei flie\u00dfender Farbbewegung. Feine Farbschlieren und leichte Tropfeffekte verleihen dem Bild eine lebendige, fast tr\u00e4umerische Dynamik. Im unteren Teil setzt ein kraftvolles Muster aus orange-blauen Dreiecken einen markanten, modernen Kontrast. Die klare Geometrie trifft hier auf eine ruhige t\u00fcrkisfarbene Fl\u00e4che \u2013 ein Zusammenspiel, das Spannung und Ruhe zugleich vermittelt. \u201eGeometric Reflections\u201c ist ein Blickfang f\u00fcr moderne Wohn- und Arbeitsr\u00e4ume und spricht alle an, die Stil, Farbe und Struktur in einem einzigartigen Kunstwerk vereint sehen m\u00f6chten.<\/p>\n","protected":false},"excerpt":{"rendered":"<p>Dieses abstrakte Kunstwerk verbindet harmonisch geometrische Pr\u00e4zision mit frei flie\u00dfender Farbbewegung. Feine Farbschlieren und leichte&#8230;<\/p>\n","protected":false},"author":159,"featured_media":29659,"template":"","meta":{"_acf_changed":false,"iawp_total_views":0},"besichtigung":[762],"filter_size":[37],"filter_style":[856],"filter_technique":[30],"kunstler":[1186],"product_brand":[],"product_cat":[943],"product_tag":[],"class_list":{"0":"post-29661","1":"product","2":"type-product","3":"status-publish","4":"has-post-thumbnail","6":"besichtigung-nur-online","7":"filter_size-m","8":"filter_style-gemaelde","9":"filter_technique-acryl","10":"kunstler-alexandra-pasing","11":"product_cat-starter","13":"first","14":"instock","15":"shipping-taxable","16":"purchasable","17":"product-type-simple"},"acf":[],"_links":{"self":[{"href":"https:\/\/winstage.at\/en\/wp-json\/wp\/v2\/product\/29661","targetHints":{"allow":["GET"]}}],"collection":[{"href":"https:\/\/winstage.at\/en\/wp-json\/wp\/v2\/product"}],"about":[{"href":"https:\/\/winstage.at\/en\/wp-json\/wp\/v2\/types\/product"}],"author":[{"embeddable":true,"href":"https:\/\/winstage.at\/en\/wp-json\/wp\/v2\/users\/159"}],"wp:featuredmedia":[{"embeddable":true,"href":"https:\/\/winstage.at\/en\/wp-json\/wp\/v2\/media\/29659"}],"wp:attachment":[{"href":"https:\/\/winstage.at\/en\/wp-json\/wp\/v2\/media?parent=29661"}],"wp:term":[{"taxonomy":"besichtigung","embeddable":true,"href":"https:\/\/winstage.at\/en\/wp-json\/wp\/v2\/besichtigung?post=29661"},{"taxonomy":"filter_size","embeddable":true,"href":"https:\/\/winstage.at\/en\/wp-json\/wp\/v2\/filter_size?post=29661"},{"taxonomy":"filter_style","embeddable":true,"href":"https:\/\/winstage.at\/en\/wp-json\/wp\/v2\/filter_style?post=29661"},{"taxonomy":"filter_technique","embeddable":true,"href":"https:\/\/winstage.at\/en\/wp-json\/wp\/v2\/filter_technique?post=29661"},{"taxonomy":"kunstler","embeddable":true,"href":"https:\/\/winstage.at\/en\/wp-json\/wp\/v2\/kunstler?post=29661"},{"taxonomy":"product_brand","embeddable":true,"href":"https:\/\/winstage.at\/en\/wp-json\/wp\/v2\/product_brand?post=29661"},{"taxonomy":"product_cat","embeddable":true,"href":"https:\/\/winstage.at\/en\/wp-json\/wp\/v2\/product_cat?post=29661"},{"taxonomy":"product_tag","embeddable":true,"href":"https:\/\/winstage.at\/en\/wp-json\/wp\/v2\/product_tag?post=29661"}],"curies":[{"name":"wp","href":"https:\/\/api.w.org\/{rel}","templated":true}]}}