{"id":29802,"date":"2025-11-27T14:26:00","date_gmt":"2025-11-27T13:26:00","guid":{"rendered":"https:\/\/winstage.at\/?post_type=product&#038;p=29802"},"modified":"2025-11-27T14:26:01","modified_gmt":"2025-11-27T13:26:01","slug":"lhotel-i-joachim-bergauer","status":"publish","type":"product","link":"https:\/\/winstage.at\/en\/event\/lhotel-i-joachim-bergauer\/","title":{"rendered":"L\u00b4Hotel I"},"content":{"rendered":"<p>L\u2019Hotel I Ein Hotelzimmer wei\u00df immer mehr \u00fcber uns, als wir ihm verraten wollen. In diesem Bild bleibt der Mensch fast vollst\u00e4ndig unter der Decke verschwunden \u2013 sichtbar sind nur zwei Beine, l\u00e4ssig erhoben wie ein Gedanke, der beschlossen hat, heute nicht mehr aufzustehen. Es ist eine Pose zwischen Hingabe und Ironie: ein stilles \u201eIch bin da\u201c und gleichzeitig ein \u201eLasst mich in Ruhe\u201c. Der Spiegel verweigert das Gesicht und zeigt stattdessen Raum, Geschichte und ein bisschen Wahrheit. Identit\u00e4t scheint hier \u00fcberbewertet. Das zerw\u00fchlte Bett erz\u00e4hlt von N\u00e4he, vielleicht von Liebe, vielleicht nur von schlechtem Schlaf \u2013 Hotels urteilen nicht. Die br\u00f6ckelnde Wand erinnert daran, dass Sch\u00f6nheit selten perfekt ist und Intimit\u00e4t oft dort entsteht, wo etwas bereits Risse hat.<\/p>\n","protected":false},"excerpt":{"rendered":"<p>L\u2019Hotel I Ein Hotelzimmer wei\u00df immer mehr \u00fcber uns, als wir ihm verraten wollen. In&#8230;<\/p>\n","protected":false},"author":164,"featured_media":29800,"template":"","meta":{"_acf_changed":false,"iawp_total_views":0},"besichtigung":[762],"filter_size":[34],"filter_style":[888],"filter_technique":[97],"kunstler":[1205],"product_brand":[],"product_cat":[943],"product_tag":[],"class_list":{"0":"post-29802","1":"product","2":"type-product","3":"status-publish","4":"has-post-thumbnail","6":"besichtigung-nur-online","7":"filter_size-l","8":"filter_style-fotografie","9":"filter_technique-fotografie","10":"kunstler-joachim-bergauer","11":"product_cat-starter","13":"first","14":"instock","15":"shipping-taxable","16":"purchasable","17":"product-type-simple"},"acf":[],"_links":{"self":[{"href":"https:\/\/winstage.at\/en\/wp-json\/wp\/v2\/product\/29802","targetHints":{"allow":["GET"]}}],"collection":[{"href":"https:\/\/winstage.at\/en\/wp-json\/wp\/v2\/product"}],"about":[{"href":"https:\/\/winstage.at\/en\/wp-json\/wp\/v2\/types\/product"}],"author":[{"embeddable":true,"href":"https:\/\/winstage.at\/en\/wp-json\/wp\/v2\/users\/164"}],"wp:featuredmedia":[{"embeddable":true,"href":"https:\/\/winstage.at\/en\/wp-json\/wp\/v2\/media\/29800"}],"wp:attachment":[{"href":"https:\/\/winstage.at\/en\/wp-json\/wp\/v2\/media?parent=29802"}],"wp:term":[{"taxonomy":"besichtigung","embeddable":true,"href":"https:\/\/winstage.at\/en\/wp-json\/wp\/v2\/besichtigung?post=29802"},{"taxonomy":"filter_size","embeddable":true,"href":"https:\/\/winstage.at\/en\/wp-json\/wp\/v2\/filter_size?post=29802"},{"taxonomy":"filter_style","embeddable":true,"href":"https:\/\/winstage.at\/en\/wp-json\/wp\/v2\/filter_style?post=29802"},{"taxonomy":"filter_technique","embeddable":true,"href":"https:\/\/winstage.at\/en\/wp-json\/wp\/v2\/filter_technique?post=29802"},{"taxonomy":"kunstler","embeddable":true,"href":"https:\/\/winstage.at\/en\/wp-json\/wp\/v2\/kunstler?post=29802"},{"taxonomy":"product_brand","embeddable":true,"href":"https:\/\/winstage.at\/en\/wp-json\/wp\/v2\/product_brand?post=29802"},{"taxonomy":"product_cat","embeddable":true,"href":"https:\/\/winstage.at\/en\/wp-json\/wp\/v2\/product_cat?post=29802"},{"taxonomy":"product_tag","embeddable":true,"href":"https:\/\/winstage.at\/en\/wp-json\/wp\/v2\/product_tag?post=29802"}],"curies":[{"name":"wp","href":"https:\/\/api.w.org\/{rel}","templated":true}]}}