{"id":29805,"date":"2025-11-27T14:26:59","date_gmt":"2025-11-27T13:26:59","guid":{"rendered":"https:\/\/winstage.at\/?post_type=product&#038;p=29805"},"modified":"2025-11-27T14:27:00","modified_gmt":"2025-11-27T13:27:00","slug":"lhotel-ix-joachim-bergauer","status":"publish","type":"product","link":"https:\/\/winstage.at\/en\/event\/lhotel-ix-joachim-bergauer\/","title":{"rendered":"L\u00b4Hotel IX"},"content":{"rendered":"<p>L\u2019Hotel IX Wer hat beschlossen, dass Ordnung oben stehen muss und Hingabe unten liegt? Warum warten zwei Tassen auf Bedeutung, w\u00e4hrend Milch sich l\u00e4ngst auf den Weg gemacht hat? Ist das Flie\u00dfen ein Zufall \u2013 oder die ehrlichste Form von Entscheidung? Wer ist dieser K\u00f6rper, der ruht, w\u00e4hrend die Welt \u00fcber ihm aus der Fassung ger\u00e4t? Ist Schlaf ein R\u00fcckzug oder eine stille Form von Widerstand? Wann wird Nahrung zu Geste, und F\u00fcrsorge zu Absurdit\u00e4t? Warum irritiert uns das Unkontrollierte mehr als die M\u00fcdigkeit des Menschen? Ist Sinn dort, wo etwas erkl\u00e4rt wird \u2013 oder dort, wo es einfach geschieht? Was sagt es \u00fcber uns, dass wir im Chaos Bedeutung suchen? Ist dieses Zimmer nur ein Ort \u2013 oder ein Zeuge? Beobachten wir das Bild, oder fragt es uns l\u00e4ngst zur\u00fcck: Wann hast du zuletzt losgelassen und nichts mehr festhalten wollen?<\/p>\n","protected":false},"excerpt":{"rendered":"<p>L\u2019Hotel IX Wer hat beschlossen, dass Ordnung oben stehen muss und Hingabe unten liegt? Warum&#8230;<\/p>\n","protected":false},"author":164,"featured_media":29803,"template":"","meta":{"_acf_changed":false,"iawp_total_views":0},"besichtigung":[762],"filter_size":[34],"filter_style":[888],"filter_technique":[97],"kunstler":[1205],"product_brand":[],"product_cat":[943],"product_tag":[],"class_list":{"0":"post-29805","1":"product","2":"type-product","3":"status-publish","4":"has-post-thumbnail","6":"besichtigung-nur-online","7":"filter_size-l","8":"filter_style-fotografie","9":"filter_technique-fotografie","10":"kunstler-joachim-bergauer","11":"product_cat-starter","13":"first","14":"instock","15":"shipping-taxable","16":"purchasable","17":"product-type-simple"},"acf":[],"_links":{"self":[{"href":"https:\/\/winstage.at\/en\/wp-json\/wp\/v2\/product\/29805","targetHints":{"allow":["GET"]}}],"collection":[{"href":"https:\/\/winstage.at\/en\/wp-json\/wp\/v2\/product"}],"about":[{"href":"https:\/\/winstage.at\/en\/wp-json\/wp\/v2\/types\/product"}],"author":[{"embeddable":true,"href":"https:\/\/winstage.at\/en\/wp-json\/wp\/v2\/users\/164"}],"wp:featuredmedia":[{"embeddable":true,"href":"https:\/\/winstage.at\/en\/wp-json\/wp\/v2\/media\/29803"}],"wp:attachment":[{"href":"https:\/\/winstage.at\/en\/wp-json\/wp\/v2\/media?parent=29805"}],"wp:term":[{"taxonomy":"besichtigung","embeddable":true,"href":"https:\/\/winstage.at\/en\/wp-json\/wp\/v2\/besichtigung?post=29805"},{"taxonomy":"filter_size","embeddable":true,"href":"https:\/\/winstage.at\/en\/wp-json\/wp\/v2\/filter_size?post=29805"},{"taxonomy":"filter_style","embeddable":true,"href":"https:\/\/winstage.at\/en\/wp-json\/wp\/v2\/filter_style?post=29805"},{"taxonomy":"filter_technique","embeddable":true,"href":"https:\/\/winstage.at\/en\/wp-json\/wp\/v2\/filter_technique?post=29805"},{"taxonomy":"kunstler","embeddable":true,"href":"https:\/\/winstage.at\/en\/wp-json\/wp\/v2\/kunstler?post=29805"},{"taxonomy":"product_brand","embeddable":true,"href":"https:\/\/winstage.at\/en\/wp-json\/wp\/v2\/product_brand?post=29805"},{"taxonomy":"product_cat","embeddable":true,"href":"https:\/\/winstage.at\/en\/wp-json\/wp\/v2\/product_cat?post=29805"},{"taxonomy":"product_tag","embeddable":true,"href":"https:\/\/winstage.at\/en\/wp-json\/wp\/v2\/product_tag?post=29805"}],"curies":[{"name":"wp","href":"https:\/\/api.w.org\/{rel}","templated":true}]}}