{"id":29810,"date":"2025-11-27T14:27:42","date_gmt":"2025-11-27T13:27:42","guid":{"rendered":"https:\/\/winstage.at\/?post_type=product&#038;p=29810"},"modified":"2025-11-27T14:27:43","modified_gmt":"2025-11-27T13:27:43","slug":"lhotel-vii-joachim-bergauer","status":"publish","type":"product","link":"https:\/\/winstage.at\/en\/event\/lhotel-vii-joachim-bergauer\/","title":{"rendered":"L\u00b4Hotel VII"},"content":{"rendered":"<p>Anmut erscheint hier nicht als Pose, sondern als Spannung. Der K\u00f6rper ist geformt, kontrolliert, stilisiert \u2013 die Natur dagegen w\u00e4chst unbeirrbar \u00fcber Haut und Objekt. Stil erhebt, Natur \u00fcberwuchert. Sch\u00f6nheit entsteht genau dort, wo Kontrolle kurz nachgibt und Wachstum beginnt.<\/p>\n","protected":false},"excerpt":{"rendered":"<p>Anmut erscheint hier nicht als Pose, sondern als Spannung. Der K\u00f6rper ist geformt, kontrolliert, stilisiert&#8230;<\/p>\n","protected":false},"author":164,"featured_media":29808,"template":"","meta":{"_acf_changed":false,"iawp_total_views":0},"besichtigung":[762],"filter_size":[34],"filter_style":[888],"filter_technique":[97],"kunstler":[1205],"product_brand":[],"product_cat":[943],"product_tag":[],"class_list":{"0":"post-29810","1":"product","2":"type-product","3":"status-publish","4":"has-post-thumbnail","6":"besichtigung-nur-online","7":"filter_size-l","8":"filter_style-fotografie","9":"filter_technique-fotografie","10":"kunstler-joachim-bergauer","11":"product_cat-starter","13":"first","14":"instock","15":"shipping-taxable","16":"purchasable","17":"product-type-simple"},"acf":[],"_links":{"self":[{"href":"https:\/\/winstage.at\/en\/wp-json\/wp\/v2\/product\/29810","targetHints":{"allow":["GET"]}}],"collection":[{"href":"https:\/\/winstage.at\/en\/wp-json\/wp\/v2\/product"}],"about":[{"href":"https:\/\/winstage.at\/en\/wp-json\/wp\/v2\/types\/product"}],"author":[{"embeddable":true,"href":"https:\/\/winstage.at\/en\/wp-json\/wp\/v2\/users\/164"}],"wp:featuredmedia":[{"embeddable":true,"href":"https:\/\/winstage.at\/en\/wp-json\/wp\/v2\/media\/29808"}],"wp:attachment":[{"href":"https:\/\/winstage.at\/en\/wp-json\/wp\/v2\/media?parent=29810"}],"wp:term":[{"taxonomy":"besichtigung","embeddable":true,"href":"https:\/\/winstage.at\/en\/wp-json\/wp\/v2\/besichtigung?post=29810"},{"taxonomy":"filter_size","embeddable":true,"href":"https:\/\/winstage.at\/en\/wp-json\/wp\/v2\/filter_size?post=29810"},{"taxonomy":"filter_style","embeddable":true,"href":"https:\/\/winstage.at\/en\/wp-json\/wp\/v2\/filter_style?post=29810"},{"taxonomy":"filter_technique","embeddable":true,"href":"https:\/\/winstage.at\/en\/wp-json\/wp\/v2\/filter_technique?post=29810"},{"taxonomy":"kunstler","embeddable":true,"href":"https:\/\/winstage.at\/en\/wp-json\/wp\/v2\/kunstler?post=29810"},{"taxonomy":"product_brand","embeddable":true,"href":"https:\/\/winstage.at\/en\/wp-json\/wp\/v2\/product_brand?post=29810"},{"taxonomy":"product_cat","embeddable":true,"href":"https:\/\/winstage.at\/en\/wp-json\/wp\/v2\/product_cat?post=29810"},{"taxonomy":"product_tag","embeddable":true,"href":"https:\/\/winstage.at\/en\/wp-json\/wp\/v2\/product_tag?post=29810"}],"curies":[{"name":"wp","href":"https:\/\/api.w.org\/{rel}","templated":true}]}}