{"id":30032,"date":"2025-12-01T09:36:26","date_gmt":"2025-12-01T08:36:26","guid":{"rendered":"https:\/\/winstage.at\/?post_type=product&#038;p=30032"},"modified":"2025-12-01T09:36:26","modified_gmt":"2025-12-01T08:36:26","slug":"der-fluss-des-lebens-rolf-cordes","status":"publish","type":"product","link":"https:\/\/winstage.at\/en\/event\/der-fluss-des-lebens-rolf-cordes\/","title":{"rendered":"Der Flu\u00df des Lebens"},"content":{"rendered":"<p>&#8220;Rolfs Schwarzwei\u00dffotografie verwandelt eine vertraute Szene in ein fesselndes visuelles Gedicht \u00fcber Pr\u00e4senz und Verg\u00e4nglichkeit. Die geschichtete Komposition \u2013 glasartiges Wasser oben, das schwache Gel\u00e4nder, das weiche Mittelband der Wellen und der gezackte \u00dcberlauf, kr\u00f6nt von rauschendem Schaum \u2013 erzeugt einen starken horizontalen Rhythmus. Die beiden schattenhaften Figuren werden zu stillen Protagonisten, die eine Erz\u00e4hlung andeuten, ohne die elegante Abstraktion des Bildes zu st\u00f6ren. Was besonders gut funktioniert, ist das Gleichgewicht aus klarer Geometrie und fl\u00fcssiger Bewegung: Tiefe, tonale Anker im Beton kontrastieren wundersch\u00f6n mit dem leuchtenden Wei\u00df des Wassers und lenken das Auge in einem bewussten Fluss. Der erh\u00f6hte Blickwinkel und der pr\u00e4zise Beschnitt zeigen sorgf\u00e4ltige Kontrolle, w\u00e4hrend die monochrome Wahl Stimmung und Form verst\u00e4rkt und das St\u00fcck sowohl nachdenklich als auch einpr\u00e4gsam macht.&#8221; The ARTBOXY Curator Team<\/p>\n","protected":false},"excerpt":{"rendered":"<p>&#8220;Rolfs Schwarzwei\u00dffotografie verwandelt eine vertraute Szene in ein fesselndes visuelles Gedicht \u00fcber Pr\u00e4senz und Verg\u00e4nglichkeit&#8230;.<\/p>\n","protected":false},"author":169,"featured_media":29950,"template":"","meta":{"_acf_changed":false,"iawp_total_views":0},"besichtigung":[762],"filter_size":[34],"filter_style":[888],"filter_technique":[97],"kunstler":[1215],"product_brand":[],"product_cat":[944],"product_tag":[],"class_list":{"0":"post-30032","1":"product","2":"type-product","3":"status-publish","4":"has-post-thumbnail","6":"besichtigung-nur-online","7":"filter_size-l","8":"filter_style-fotografie","9":"filter_technique-fotografie","10":"kunstler-rolf-cordes","11":"product_cat-pro","13":"first","14":"instock","15":"shipping-taxable","16":"purchasable","17":"product-type-simple"},"acf":[],"_links":{"self":[{"href":"https:\/\/winstage.at\/en\/wp-json\/wp\/v2\/product\/30032","targetHints":{"allow":["GET"]}}],"collection":[{"href":"https:\/\/winstage.at\/en\/wp-json\/wp\/v2\/product"}],"about":[{"href":"https:\/\/winstage.at\/en\/wp-json\/wp\/v2\/types\/product"}],"author":[{"embeddable":true,"href":"https:\/\/winstage.at\/en\/wp-json\/wp\/v2\/users\/169"}],"wp:featuredmedia":[{"embeddable":true,"href":"https:\/\/winstage.at\/en\/wp-json\/wp\/v2\/media\/29950"}],"wp:attachment":[{"href":"https:\/\/winstage.at\/en\/wp-json\/wp\/v2\/media?parent=30032"}],"wp:term":[{"taxonomy":"besichtigung","embeddable":true,"href":"https:\/\/winstage.at\/en\/wp-json\/wp\/v2\/besichtigung?post=30032"},{"taxonomy":"filter_size","embeddable":true,"href":"https:\/\/winstage.at\/en\/wp-json\/wp\/v2\/filter_size?post=30032"},{"taxonomy":"filter_style","embeddable":true,"href":"https:\/\/winstage.at\/en\/wp-json\/wp\/v2\/filter_style?post=30032"},{"taxonomy":"filter_technique","embeddable":true,"href":"https:\/\/winstage.at\/en\/wp-json\/wp\/v2\/filter_technique?post=30032"},{"taxonomy":"kunstler","embeddable":true,"href":"https:\/\/winstage.at\/en\/wp-json\/wp\/v2\/kunstler?post=30032"},{"taxonomy":"product_brand","embeddable":true,"href":"https:\/\/winstage.at\/en\/wp-json\/wp\/v2\/product_brand?post=30032"},{"taxonomy":"product_cat","embeddable":true,"href":"https:\/\/winstage.at\/en\/wp-json\/wp\/v2\/product_cat?post=30032"},{"taxonomy":"product_tag","embeddable":true,"href":"https:\/\/winstage.at\/en\/wp-json\/wp\/v2\/product_tag?post=30032"}],"curies":[{"name":"wp","href":"https:\/\/api.w.org\/{rel}","templated":true}]}}