{"id":30033,"date":"2025-12-01T09:34:47","date_gmt":"2025-12-01T08:34:47","guid":{"rendered":"https:\/\/winstage.at\/?post_type=product&#038;p=30033"},"modified":"2025-12-01T09:34:48","modified_gmt":"2025-12-01T08:34:48","slug":"kunst-am-tejo-teil-1-rolf-cordes","status":"publish","type":"product","link":"https:\/\/winstage.at\/en\/event\/kunst-am-tejo-teil-1-rolf-cordes\/","title":{"rendered":"Kunst am Tejo &#8211; Teil 1"},"content":{"rendered":"<p>Die komplexe Komposition der feinen unterschiedlichen Strukturen entsteht durch das ged\u00e4mpfte Licht, dem feinen Luftzug und den diversen Schatten. Die lange Br\u00fccke \u00fcber den Fluss scheint auf den Pollern mit den M\u00f6wen zu ruhen.<\/p>\n","protected":false},"excerpt":{"rendered":"<p>Die komplexe Komposition der feinen unterschiedlichen Strukturen entsteht durch das ged\u00e4mpfte Licht, dem feinen Luftzug&#8230;<\/p>\n","protected":false},"author":169,"featured_media":29954,"template":"","meta":{"_acf_changed":false,"iawp_total_views":0},"besichtigung":[762],"filter_size":[37],"filter_style":[888],"filter_technique":[97],"kunstler":[1215],"product_brand":[],"product_cat":[944],"product_tag":[],"class_list":{"0":"post-30033","1":"product","2":"type-product","3":"status-publish","4":"has-post-thumbnail","6":"besichtigung-nur-online","7":"filter_size-m","8":"filter_style-fotografie","9":"filter_technique-fotografie","10":"kunstler-rolf-cordes","11":"product_cat-pro","13":"first","14":"instock","15":"shipping-taxable","16":"purchasable","17":"product-type-simple"},"acf":[],"_links":{"self":[{"href":"https:\/\/winstage.at\/en\/wp-json\/wp\/v2\/product\/30033","targetHints":{"allow":["GET"]}}],"collection":[{"href":"https:\/\/winstage.at\/en\/wp-json\/wp\/v2\/product"}],"about":[{"href":"https:\/\/winstage.at\/en\/wp-json\/wp\/v2\/types\/product"}],"author":[{"embeddable":true,"href":"https:\/\/winstage.at\/en\/wp-json\/wp\/v2\/users\/169"}],"wp:featuredmedia":[{"embeddable":true,"href":"https:\/\/winstage.at\/en\/wp-json\/wp\/v2\/media\/29954"}],"wp:attachment":[{"href":"https:\/\/winstage.at\/en\/wp-json\/wp\/v2\/media?parent=30033"}],"wp:term":[{"taxonomy":"besichtigung","embeddable":true,"href":"https:\/\/winstage.at\/en\/wp-json\/wp\/v2\/besichtigung?post=30033"},{"taxonomy":"filter_size","embeddable":true,"href":"https:\/\/winstage.at\/en\/wp-json\/wp\/v2\/filter_size?post=30033"},{"taxonomy":"filter_style","embeddable":true,"href":"https:\/\/winstage.at\/en\/wp-json\/wp\/v2\/filter_style?post=30033"},{"taxonomy":"filter_technique","embeddable":true,"href":"https:\/\/winstage.at\/en\/wp-json\/wp\/v2\/filter_technique?post=30033"},{"taxonomy":"kunstler","embeddable":true,"href":"https:\/\/winstage.at\/en\/wp-json\/wp\/v2\/kunstler?post=30033"},{"taxonomy":"product_brand","embeddable":true,"href":"https:\/\/winstage.at\/en\/wp-json\/wp\/v2\/product_brand?post=30033"},{"taxonomy":"product_cat","embeddable":true,"href":"https:\/\/winstage.at\/en\/wp-json\/wp\/v2\/product_cat?post=30033"},{"taxonomy":"product_tag","embeddable":true,"href":"https:\/\/winstage.at\/en\/wp-json\/wp\/v2\/product_tag?post=30033"}],"curies":[{"name":"wp","href":"https:\/\/api.w.org\/{rel}","templated":true}]}}