{"id":30034,"date":"2025-12-01T09:34:58","date_gmt":"2025-12-01T08:34:58","guid":{"rendered":"https:\/\/winstage.at\/?post_type=product&#038;p=30034"},"modified":"2025-12-01T09:34:59","modified_gmt":"2025-12-01T08:34:59","slug":"kunst-am-tejo-teil-2-rolf-cordes","status":"publish","type":"product","link":"https:\/\/winstage.at\/en\/event\/kunst-am-tejo-teil-2-rolf-cordes\/","title":{"rendered":"Kunst am Tejo &#8211; Teil 2"},"content":{"rendered":"<p>In der Ferne ist das gegen\u00fcberliegende Ufer zu erahnen. Die Ebbe des Atlantik l\u00e4sst den Wasserstand des Flusses fallen. Die Sonne k\u00e4mpft durch Dunst, bringt den Fluss zum Strahlen und betont den freiwerdenden strukturierten Uferbereich.<\/p>\n","protected":false},"excerpt":{"rendered":"<p>In der Ferne ist das gegen\u00fcberliegende Ufer zu erahnen. Die Ebbe des Atlantik l\u00e4sst den&#8230;<\/p>\n","protected":false},"author":169,"featured_media":29956,"template":"","meta":{"_acf_changed":false,"iawp_total_views":0},"besichtigung":[762],"filter_size":[37],"filter_style":[888],"filter_technique":[97],"kunstler":[1215],"product_brand":[],"product_cat":[944],"product_tag":[],"class_list":{"0":"post-30034","1":"product","2":"type-product","3":"status-publish","4":"has-post-thumbnail","6":"besichtigung-nur-online","7":"filter_size-m","8":"filter_style-fotografie","9":"filter_technique-fotografie","10":"kunstler-rolf-cordes","11":"product_cat-pro","13":"first","14":"instock","15":"shipping-taxable","16":"purchasable","17":"product-type-simple"},"acf":[],"_links":{"self":[{"href":"https:\/\/winstage.at\/en\/wp-json\/wp\/v2\/product\/30034","targetHints":{"allow":["GET"]}}],"collection":[{"href":"https:\/\/winstage.at\/en\/wp-json\/wp\/v2\/product"}],"about":[{"href":"https:\/\/winstage.at\/en\/wp-json\/wp\/v2\/types\/product"}],"author":[{"embeddable":true,"href":"https:\/\/winstage.at\/en\/wp-json\/wp\/v2\/users\/169"}],"wp:featuredmedia":[{"embeddable":true,"href":"https:\/\/winstage.at\/en\/wp-json\/wp\/v2\/media\/29956"}],"wp:attachment":[{"href":"https:\/\/winstage.at\/en\/wp-json\/wp\/v2\/media?parent=30034"}],"wp:term":[{"taxonomy":"besichtigung","embeddable":true,"href":"https:\/\/winstage.at\/en\/wp-json\/wp\/v2\/besichtigung?post=30034"},{"taxonomy":"filter_size","embeddable":true,"href":"https:\/\/winstage.at\/en\/wp-json\/wp\/v2\/filter_size?post=30034"},{"taxonomy":"filter_style","embeddable":true,"href":"https:\/\/winstage.at\/en\/wp-json\/wp\/v2\/filter_style?post=30034"},{"taxonomy":"filter_technique","embeddable":true,"href":"https:\/\/winstage.at\/en\/wp-json\/wp\/v2\/filter_technique?post=30034"},{"taxonomy":"kunstler","embeddable":true,"href":"https:\/\/winstage.at\/en\/wp-json\/wp\/v2\/kunstler?post=30034"},{"taxonomy":"product_brand","embeddable":true,"href":"https:\/\/winstage.at\/en\/wp-json\/wp\/v2\/product_brand?post=30034"},{"taxonomy":"product_cat","embeddable":true,"href":"https:\/\/winstage.at\/en\/wp-json\/wp\/v2\/product_cat?post=30034"},{"taxonomy":"product_tag","embeddable":true,"href":"https:\/\/winstage.at\/en\/wp-json\/wp\/v2\/product_tag?post=30034"}],"curies":[{"name":"wp","href":"https:\/\/api.w.org\/{rel}","templated":true}]}}