{"id":30038,"date":"2025-12-01T09:35:50","date_gmt":"2025-12-01T08:35:50","guid":{"rendered":"https:\/\/winstage.at\/?post_type=product&#038;p=30038"},"modified":"2025-12-01T09:35:51","modified_gmt":"2025-12-01T08:35:51","slug":"kuenstler-stein-und-wind-rolf-cordes","status":"publish","type":"product","link":"https:\/\/winstage.at\/en\/event\/kuenstler-stein-und-wind-rolf-cordes\/","title":{"rendered":"K\u00fcnstler: Stein und Wind"},"content":{"rendered":"<p>Der Stein liegt in einer D\u00fcne. Der Windzug vom Meer wird ver\u00e4ndert und die eigentliche Struktur in der D\u00fcne \u00e4ndert sich.<\/p>\n","protected":false},"excerpt":{"rendered":"<p>Der Stein liegt in einer D\u00fcne. Der Windzug vom Meer wird ver\u00e4ndert und die eigentliche&#8230;<\/p>\n","protected":false},"author":169,"featured_media":29964,"template":"","meta":{"_acf_changed":false,"iawp_total_views":0},"besichtigung":[762],"filter_size":[37],"filter_style":[888],"filter_technique":[97],"kunstler":[1215],"product_brand":[],"product_cat":[944],"product_tag":[],"class_list":{"0":"post-30038","1":"product","2":"type-product","3":"status-publish","4":"has-post-thumbnail","6":"besichtigung-nur-online","7":"filter_size-m","8":"filter_style-fotografie","9":"filter_technique-fotografie","10":"kunstler-rolf-cordes","11":"product_cat-pro","13":"first","14":"instock","15":"shipping-taxable","16":"purchasable","17":"product-type-simple"},"acf":[],"_links":{"self":[{"href":"https:\/\/winstage.at\/en\/wp-json\/wp\/v2\/product\/30038","targetHints":{"allow":["GET"]}}],"collection":[{"href":"https:\/\/winstage.at\/en\/wp-json\/wp\/v2\/product"}],"about":[{"href":"https:\/\/winstage.at\/en\/wp-json\/wp\/v2\/types\/product"}],"author":[{"embeddable":true,"href":"https:\/\/winstage.at\/en\/wp-json\/wp\/v2\/users\/169"}],"wp:featuredmedia":[{"embeddable":true,"href":"https:\/\/winstage.at\/en\/wp-json\/wp\/v2\/media\/29964"}],"wp:attachment":[{"href":"https:\/\/winstage.at\/en\/wp-json\/wp\/v2\/media?parent=30038"}],"wp:term":[{"taxonomy":"besichtigung","embeddable":true,"href":"https:\/\/winstage.at\/en\/wp-json\/wp\/v2\/besichtigung?post=30038"},{"taxonomy":"filter_size","embeddable":true,"href":"https:\/\/winstage.at\/en\/wp-json\/wp\/v2\/filter_size?post=30038"},{"taxonomy":"filter_style","embeddable":true,"href":"https:\/\/winstage.at\/en\/wp-json\/wp\/v2\/filter_style?post=30038"},{"taxonomy":"filter_technique","embeddable":true,"href":"https:\/\/winstage.at\/en\/wp-json\/wp\/v2\/filter_technique?post=30038"},{"taxonomy":"kunstler","embeddable":true,"href":"https:\/\/winstage.at\/en\/wp-json\/wp\/v2\/kunstler?post=30038"},{"taxonomy":"product_brand","embeddable":true,"href":"https:\/\/winstage.at\/en\/wp-json\/wp\/v2\/product_brand?post=30038"},{"taxonomy":"product_cat","embeddable":true,"href":"https:\/\/winstage.at\/en\/wp-json\/wp\/v2\/product_cat?post=30038"},{"taxonomy":"product_tag","embeddable":true,"href":"https:\/\/winstage.at\/en\/wp-json\/wp\/v2\/product_tag?post=30038"}],"curies":[{"name":"wp","href":"https:\/\/api.w.org\/{rel}","templated":true}]}}