{"id":30108,"date":"2025-11-29T15:30:13","date_gmt":"2025-11-29T14:30:13","guid":{"rendered":"https:\/\/winstage.at\/?post_type=product&#038;p=30108"},"modified":"2025-11-29T15:30:14","modified_gmt":"2025-11-29T14:30:14","slug":"freiheitsliebend-gruendel-pfaff-inge","status":"publish","type":"product","link":"https:\/\/winstage.at\/en\/event\/freiheitsliebend-gruendel-pfaff-inge\/","title":{"rendered":"Freiheitsliebend"},"content":{"rendered":"<p>In meiner Sch\u00f6pfung verschmelzen Acryl und \u00d6l zu einer dynamischen Komposition. Das Werk f\u00e4ngt die Essenz der Freiheit ein, symbolisiert durch die kraftvolle Bewegung einer Frau auf der Schaukel, die sich entfesselt in die L\u00fcfte schwingt. Ihr flie\u00dfendes, goldenes Haar und das leuchtend rote Kleid stehen in lebhaftem Kontrast zum wirbelnden blau-gr\u00fcnen Hintergrund, was der Darstellung eine starke emotionale Tiefe verleiht. Dieses Bild ist eine Hommage an den ungeb\u00e4ndigten Geist und die Sehnsucht nach Freiheit und Abenteuer. Es bringt eine inspirierende und belebende Energie in jeden Raum.<\/p>\n","protected":false},"excerpt":{"rendered":"<p>In meiner Sch\u00f6pfung verschmelzen Acryl und \u00d6l zu einer dynamischen Komposition. Das Werk f\u00e4ngt die&#8230;<\/p>\n","protected":false},"author":160,"featured_media":30105,"template":"","meta":{"_acf_changed":false,"iawp_total_views":0},"besichtigung":[762],"filter_size":[34],"filter_style":[856],"filter_technique":[103],"kunstler":[1188],"product_brand":[],"product_cat":[944],"product_tag":[],"class_list":{"0":"post-30108","1":"product","2":"type-product","3":"status-publish","4":"has-post-thumbnail","6":"besichtigung-nur-online","7":"filter_size-l","8":"filter_style-gemaelde","9":"filter_technique-mischtechnik","10":"kunstler-inge-gruendel-pfaff","11":"product_cat-pro","13":"first","14":"instock","15":"shipping-taxable","16":"purchasable","17":"product-type-simple"},"acf":[],"_links":{"self":[{"href":"https:\/\/winstage.at\/en\/wp-json\/wp\/v2\/product\/30108","targetHints":{"allow":["GET"]}}],"collection":[{"href":"https:\/\/winstage.at\/en\/wp-json\/wp\/v2\/product"}],"about":[{"href":"https:\/\/winstage.at\/en\/wp-json\/wp\/v2\/types\/product"}],"author":[{"embeddable":true,"href":"https:\/\/winstage.at\/en\/wp-json\/wp\/v2\/users\/160"}],"wp:featuredmedia":[{"embeddable":true,"href":"https:\/\/winstage.at\/en\/wp-json\/wp\/v2\/media\/30105"}],"wp:attachment":[{"href":"https:\/\/winstage.at\/en\/wp-json\/wp\/v2\/media?parent=30108"}],"wp:term":[{"taxonomy":"besichtigung","embeddable":true,"href":"https:\/\/winstage.at\/en\/wp-json\/wp\/v2\/besichtigung?post=30108"},{"taxonomy":"filter_size","embeddable":true,"href":"https:\/\/winstage.at\/en\/wp-json\/wp\/v2\/filter_size?post=30108"},{"taxonomy":"filter_style","embeddable":true,"href":"https:\/\/winstage.at\/en\/wp-json\/wp\/v2\/filter_style?post=30108"},{"taxonomy":"filter_technique","embeddable":true,"href":"https:\/\/winstage.at\/en\/wp-json\/wp\/v2\/filter_technique?post=30108"},{"taxonomy":"kunstler","embeddable":true,"href":"https:\/\/winstage.at\/en\/wp-json\/wp\/v2\/kunstler?post=30108"},{"taxonomy":"product_brand","embeddable":true,"href":"https:\/\/winstage.at\/en\/wp-json\/wp\/v2\/product_brand?post=30108"},{"taxonomy":"product_cat","embeddable":true,"href":"https:\/\/winstage.at\/en\/wp-json\/wp\/v2\/product_cat?post=30108"},{"taxonomy":"product_tag","embeddable":true,"href":"https:\/\/winstage.at\/en\/wp-json\/wp\/v2\/product_tag?post=30108"}],"curies":[{"name":"wp","href":"https:\/\/api.w.org\/{rel}","templated":true}]}}