{"id":30114,"date":"2025-11-29T15:34:17","date_gmt":"2025-11-29T14:34:17","guid":{"rendered":"https:\/\/winstage.at\/?post_type=product&#038;p=30114"},"modified":"2025-11-29T15:34:18","modified_gmt":"2025-11-29T14:34:18","slug":"freddie-mercury-gruendel-pfaff-inge","status":"publish","type":"product","link":"https:\/\/winstage.at\/en\/event\/freddie-mercury-gruendel-pfaff-inge\/","title":{"rendered":"Freddie Mercury"},"content":{"rendered":"<p>Mit dieser Mischung aus Acryl, \u00d6l, Kohle und Farbspray habe ich die Energie und Freiheit eingefangen, die Musik vermittelt. Die kr\u00e4ftigen Farben und der dynamische Stil spiegeln den unbez\u00e4hmbaren Geist von Freddie Mercury, S\u00e4nger von der Rockband Queen, wider. Dieses Bild bringt Lebendigkeit und Kraft in jeden Raum \u2013 es ist ein leidenschaftliches Bekenntnis zur St\u00e4rke und zum Ausdruck der Individualit\u00e4t. Ein echtes Statement voller Emotionen!<\/p>\n","protected":false},"excerpt":{"rendered":"<p>Mit dieser Mischung aus Acryl, \u00d6l, Kohle und Farbspray habe ich die Energie und Freiheit&#8230;<\/p>\n","protected":false},"author":160,"featured_media":30112,"template":"","meta":{"_acf_changed":false,"iawp_total_views":1},"besichtigung":[762],"filter_size":[37],"filter_style":[856],"filter_technique":[103],"kunstler":[1188],"product_brand":[],"product_cat":[944],"product_tag":[],"class_list":{"0":"post-30114","1":"product","2":"type-product","3":"status-publish","4":"has-post-thumbnail","6":"besichtigung-nur-online","7":"filter_size-m","8":"filter_style-gemaelde","9":"filter_technique-mischtechnik","10":"kunstler-inge-gruendel-pfaff","11":"product_cat-pro","13":"first","14":"instock","15":"shipping-taxable","16":"purchasable","17":"product-type-simple"},"acf":[],"_links":{"self":[{"href":"https:\/\/winstage.at\/en\/wp-json\/wp\/v2\/product\/30114","targetHints":{"allow":["GET"]}}],"collection":[{"href":"https:\/\/winstage.at\/en\/wp-json\/wp\/v2\/product"}],"about":[{"href":"https:\/\/winstage.at\/en\/wp-json\/wp\/v2\/types\/product"}],"author":[{"embeddable":true,"href":"https:\/\/winstage.at\/en\/wp-json\/wp\/v2\/users\/160"}],"wp:featuredmedia":[{"embeddable":true,"href":"https:\/\/winstage.at\/en\/wp-json\/wp\/v2\/media\/30112"}],"wp:attachment":[{"href":"https:\/\/winstage.at\/en\/wp-json\/wp\/v2\/media?parent=30114"}],"wp:term":[{"taxonomy":"besichtigung","embeddable":true,"href":"https:\/\/winstage.at\/en\/wp-json\/wp\/v2\/besichtigung?post=30114"},{"taxonomy":"filter_size","embeddable":true,"href":"https:\/\/winstage.at\/en\/wp-json\/wp\/v2\/filter_size?post=30114"},{"taxonomy":"filter_style","embeddable":true,"href":"https:\/\/winstage.at\/en\/wp-json\/wp\/v2\/filter_style?post=30114"},{"taxonomy":"filter_technique","embeddable":true,"href":"https:\/\/winstage.at\/en\/wp-json\/wp\/v2\/filter_technique?post=30114"},{"taxonomy":"kunstler","embeddable":true,"href":"https:\/\/winstage.at\/en\/wp-json\/wp\/v2\/kunstler?post=30114"},{"taxonomy":"product_brand","embeddable":true,"href":"https:\/\/winstage.at\/en\/wp-json\/wp\/v2\/product_brand?post=30114"},{"taxonomy":"product_cat","embeddable":true,"href":"https:\/\/winstage.at\/en\/wp-json\/wp\/v2\/product_cat?post=30114"},{"taxonomy":"product_tag","embeddable":true,"href":"https:\/\/winstage.at\/en\/wp-json\/wp\/v2\/product_tag?post=30114"}],"curies":[{"name":"wp","href":"https:\/\/api.w.org\/{rel}","templated":true}]}}