{"id":30117,"date":"2025-11-29T15:42:23","date_gmt":"2025-11-29T14:42:23","guid":{"rendered":"https:\/\/winstage.at\/?post_type=product&#038;p=30117"},"modified":"2025-11-29T15:42:23","modified_gmt":"2025-11-29T14:42:23","slug":"lass-konfetti-fuer-dich-regnen-gruendel-pfaff-inge","status":"publish","type":"product","link":"https:\/\/winstage.at\/en\/event\/lass-konfetti-fuer-dich-regnen-gruendel-pfaff-inge\/","title":{"rendered":"Lass Konfetti f\u00fcr Dich regnen"},"content":{"rendered":"<p>In diesem Gem\u00e4lde habe ich ein energiegeladenes Fest der Farben und Emotionen erschaffen. Ich verwendete Acryl, Neon und Farbstifte um eine lebendige Szenerie zu schaffen. Dieses Bild ist eine Feier des Lebens, ausgedr\u00fcckt durch die ekstatische lachende Frau im Zentrum, deren Arme weit ge\u00f6ffnet sind, als wolle sie die Explosion der Farbe und Freude einfangen. Die Frau l\u00e4sst Konfetti regnen f\u00fcr sich und die ganze Welt. Durch die kraftvolle Kombination von realistischen Elementen und traumhaften Farbspielen m\u00f6chte ich beim Betrachter ein Gef\u00fchl des Loslassens und der Freiheit wecken. Jeder Pinselstrich und jede Farbkleckse auf der Leinwand laden dazu ein, sich dem Leben hinzugeben und die Momente der Freude zu genie\u00dfen.<\/p>\n","protected":false},"excerpt":{"rendered":"<p>In diesem Gem\u00e4lde habe ich ein energiegeladenes Fest der Farben und Emotionen erschaffen. Ich verwendete&#8230;<\/p>\n","protected":false},"author":160,"featured_media":30115,"template":"","meta":{"_acf_changed":false,"iawp_total_views":0},"besichtigung":[762],"filter_size":[34],"filter_style":[856],"filter_technique":[103],"kunstler":[1188],"product_brand":[],"product_cat":[944],"product_tag":[],"class_list":{"0":"post-30117","1":"product","2":"type-product","3":"status-publish","4":"has-post-thumbnail","6":"besichtigung-nur-online","7":"filter_size-l","8":"filter_style-gemaelde","9":"filter_technique-mischtechnik","10":"kunstler-inge-gruendel-pfaff","11":"product_cat-pro","13":"first","14":"instock","15":"shipping-taxable","16":"purchasable","17":"product-type-simple"},"acf":[],"_links":{"self":[{"href":"https:\/\/winstage.at\/en\/wp-json\/wp\/v2\/product\/30117","targetHints":{"allow":["GET"]}}],"collection":[{"href":"https:\/\/winstage.at\/en\/wp-json\/wp\/v2\/product"}],"about":[{"href":"https:\/\/winstage.at\/en\/wp-json\/wp\/v2\/types\/product"}],"author":[{"embeddable":true,"href":"https:\/\/winstage.at\/en\/wp-json\/wp\/v2\/users\/160"}],"wp:featuredmedia":[{"embeddable":true,"href":"https:\/\/winstage.at\/en\/wp-json\/wp\/v2\/media\/30115"}],"wp:attachment":[{"href":"https:\/\/winstage.at\/en\/wp-json\/wp\/v2\/media?parent=30117"}],"wp:term":[{"taxonomy":"besichtigung","embeddable":true,"href":"https:\/\/winstage.at\/en\/wp-json\/wp\/v2\/besichtigung?post=30117"},{"taxonomy":"filter_size","embeddable":true,"href":"https:\/\/winstage.at\/en\/wp-json\/wp\/v2\/filter_size?post=30117"},{"taxonomy":"filter_style","embeddable":true,"href":"https:\/\/winstage.at\/en\/wp-json\/wp\/v2\/filter_style?post=30117"},{"taxonomy":"filter_technique","embeddable":true,"href":"https:\/\/winstage.at\/en\/wp-json\/wp\/v2\/filter_technique?post=30117"},{"taxonomy":"kunstler","embeddable":true,"href":"https:\/\/winstage.at\/en\/wp-json\/wp\/v2\/kunstler?post=30117"},{"taxonomy":"product_brand","embeddable":true,"href":"https:\/\/winstage.at\/en\/wp-json\/wp\/v2\/product_brand?post=30117"},{"taxonomy":"product_cat","embeddable":true,"href":"https:\/\/winstage.at\/en\/wp-json\/wp\/v2\/product_cat?post=30117"},{"taxonomy":"product_tag","embeddable":true,"href":"https:\/\/winstage.at\/en\/wp-json\/wp\/v2\/product_tag?post=30117"}],"curies":[{"name":"wp","href":"https:\/\/api.w.org\/{rel}","templated":true}]}}