{"id":30120,"date":"2025-11-29T15:41:59","date_gmt":"2025-11-29T14:41:59","guid":{"rendered":"https:\/\/winstage.at\/?post_type=product&#038;p=30120"},"modified":"2025-11-29T15:41:59","modified_gmt":"2025-11-29T14:41:59","slug":"gluecksmoment-gruendel-pfaff-inge","status":"publish","type":"product","link":"https:\/\/winstage.at\/en\/event\/gluecksmoment-gruendel-pfaff-inge\/","title":{"rendered":"Gl\u00fccksmoment"},"content":{"rendered":"<p>Lachende Frau im Konfetti-Regen, die strahlend den Gl\u00fccksmoment feiert. In diesem Gem\u00e4lde verschmelze ich die Rohheit des Realismus mit der Lebendigkeit des Pop-Art. Ich verwendete Acrylfarben, Holzkohle und Buntstifte, um die dynamische Ausdruckskraft und Emotionen dieser lachenden Frau darzustellen. Die k\u00fchnen, spritzenden Farben symbolisieren Freude und Freiheit, w\u00e4hrend das Gesicht im Zentrum die tiefe menschliche Verbindung und die unbeschwerte Seele einf\u00e4ngt. Dieses Kunstwerk bringt ein Gef\u00fchl von Euphorie und farbenfroher Vitalit\u00e4t in jeden Raum.<\/p>\n","protected":false},"excerpt":{"rendered":"<p>Lachende Frau im Konfetti-Regen, die strahlend den Gl\u00fccksmoment feiert. In diesem Gem\u00e4lde verschmelze ich die&#8230;<\/p>\n","protected":false},"author":160,"featured_media":30118,"template":"","meta":{"_acf_changed":false,"iawp_total_views":0},"besichtigung":[762],"filter_size":[37],"filter_style":[856],"filter_technique":[103],"kunstler":[1188],"product_brand":[],"product_cat":[944],"product_tag":[],"class_list":{"0":"post-30120","1":"product","2":"type-product","3":"status-publish","4":"has-post-thumbnail","6":"besichtigung-nur-online","7":"filter_size-m","8":"filter_style-gemaelde","9":"filter_technique-mischtechnik","10":"kunstler-inge-gruendel-pfaff","11":"product_cat-pro","13":"first","14":"instock","15":"shipping-taxable","16":"purchasable","17":"product-type-simple"},"acf":[],"_links":{"self":[{"href":"https:\/\/winstage.at\/en\/wp-json\/wp\/v2\/product\/30120","targetHints":{"allow":["GET"]}}],"collection":[{"href":"https:\/\/winstage.at\/en\/wp-json\/wp\/v2\/product"}],"about":[{"href":"https:\/\/winstage.at\/en\/wp-json\/wp\/v2\/types\/product"}],"author":[{"embeddable":true,"href":"https:\/\/winstage.at\/en\/wp-json\/wp\/v2\/users\/160"}],"wp:featuredmedia":[{"embeddable":true,"href":"https:\/\/winstage.at\/en\/wp-json\/wp\/v2\/media\/30118"}],"wp:attachment":[{"href":"https:\/\/winstage.at\/en\/wp-json\/wp\/v2\/media?parent=30120"}],"wp:term":[{"taxonomy":"besichtigung","embeddable":true,"href":"https:\/\/winstage.at\/en\/wp-json\/wp\/v2\/besichtigung?post=30120"},{"taxonomy":"filter_size","embeddable":true,"href":"https:\/\/winstage.at\/en\/wp-json\/wp\/v2\/filter_size?post=30120"},{"taxonomy":"filter_style","embeddable":true,"href":"https:\/\/winstage.at\/en\/wp-json\/wp\/v2\/filter_style?post=30120"},{"taxonomy":"filter_technique","embeddable":true,"href":"https:\/\/winstage.at\/en\/wp-json\/wp\/v2\/filter_technique?post=30120"},{"taxonomy":"kunstler","embeddable":true,"href":"https:\/\/winstage.at\/en\/wp-json\/wp\/v2\/kunstler?post=30120"},{"taxonomy":"product_brand","embeddable":true,"href":"https:\/\/winstage.at\/en\/wp-json\/wp\/v2\/product_brand?post=30120"},{"taxonomy":"product_cat","embeddable":true,"href":"https:\/\/winstage.at\/en\/wp-json\/wp\/v2\/product_cat?post=30120"},{"taxonomy":"product_tag","embeddable":true,"href":"https:\/\/winstage.at\/en\/wp-json\/wp\/v2\/product_tag?post=30120"}],"curies":[{"name":"wp","href":"https:\/\/api.w.org\/{rel}","templated":true}]}}