{"id":30137,"date":"2025-11-29T16:18:40","date_gmt":"2025-11-29T15:18:40","guid":{"rendered":"https:\/\/winstage.at\/?post_type=product&#038;p=30137"},"modified":"2025-11-29T16:18:41","modified_gmt":"2025-11-29T15:18:41","slug":"freundschaft-und-verbundenheit-gruendel-pfaff-inge","status":"publish","type":"product","link":"https:\/\/winstage.at\/en\/event\/freundschaft-und-verbundenheit-gruendel-pfaff-inge\/","title":{"rendered":"Freundschaft und Verbundenheit"},"content":{"rendered":"<p>Das Kunstwerk \u201eFreundschaft und Verbundenheit\u201c ist w\u00e4hrend der Pandemie entstanden. Die Natur und Landschaft in der Region ist wieder mehr in den Vordergrund ger\u00fcckt. Es wurde bewusst, wie sch\u00f6n wir eigentlich leben und vor allem, wie wichtig die \u201eFreundschaft\u201c ist.. Durch die Kontaktverbote sind die Treffen mit Einzelpersonen intensiver geworden und fanden meist nur im Freien statt. Deshalb habe ich zwei Frauenfiguren (Symbol f\u00fcr Freundschaft) mit einem Band verbunden (Symbol f\u00fcr Verbundenheit), welches quer durch das Werk zieht. Den Hintergrund bildet &#8211; einem Globus gleich \u2013 Collagen mit Landschafts-Fotografien, die ich selbst im Lockdown bei Sparzierg\u00e4ngen und Fahrradtouren gemacht habe. Schattenfugenrahmen breit, Holztype \u201eAyous\u201c. Profilbreite 50 mm Dieses Bild f\u00e4ngt eine Welt voller Energie und lebendiger Emotionen ein, bereit, jeden Raum zu beleben und zu inspirieren. (Versandkosten je Land extra)<\/p>\n","protected":false},"excerpt":{"rendered":"<p>Das Kunstwerk \u201eFreundschaft und Verbundenheit\u201c ist w\u00e4hrend der Pandemie entstanden. Die Natur und Landschaft in&#8230;<\/p>\n","protected":false},"author":160,"featured_media":30135,"template":"","meta":{"_acf_changed":false,"iawp_total_views":0},"besichtigung":[762],"filter_size":[34],"filter_style":[856],"filter_technique":[103],"kunstler":[1188],"product_brand":[],"product_cat":[944],"product_tag":[],"class_list":{"0":"post-30137","1":"product","2":"type-product","3":"status-publish","4":"has-post-thumbnail","6":"besichtigung-nur-online","7":"filter_size-l","8":"filter_style-gemaelde","9":"filter_technique-mischtechnik","10":"kunstler-inge-gruendel-pfaff","11":"product_cat-pro","13":"first","14":"instock","15":"shipping-taxable","16":"purchasable","17":"product-type-simple"},"acf":[],"_links":{"self":[{"href":"https:\/\/winstage.at\/en\/wp-json\/wp\/v2\/product\/30137","targetHints":{"allow":["GET"]}}],"collection":[{"href":"https:\/\/winstage.at\/en\/wp-json\/wp\/v2\/product"}],"about":[{"href":"https:\/\/winstage.at\/en\/wp-json\/wp\/v2\/types\/product"}],"author":[{"embeddable":true,"href":"https:\/\/winstage.at\/en\/wp-json\/wp\/v2\/users\/160"}],"wp:featuredmedia":[{"embeddable":true,"href":"https:\/\/winstage.at\/en\/wp-json\/wp\/v2\/media\/30135"}],"wp:attachment":[{"href":"https:\/\/winstage.at\/en\/wp-json\/wp\/v2\/media?parent=30137"}],"wp:term":[{"taxonomy":"besichtigung","embeddable":true,"href":"https:\/\/winstage.at\/en\/wp-json\/wp\/v2\/besichtigung?post=30137"},{"taxonomy":"filter_size","embeddable":true,"href":"https:\/\/winstage.at\/en\/wp-json\/wp\/v2\/filter_size?post=30137"},{"taxonomy":"filter_style","embeddable":true,"href":"https:\/\/winstage.at\/en\/wp-json\/wp\/v2\/filter_style?post=30137"},{"taxonomy":"filter_technique","embeddable":true,"href":"https:\/\/winstage.at\/en\/wp-json\/wp\/v2\/filter_technique?post=30137"},{"taxonomy":"kunstler","embeddable":true,"href":"https:\/\/winstage.at\/en\/wp-json\/wp\/v2\/kunstler?post=30137"},{"taxonomy":"product_brand","embeddable":true,"href":"https:\/\/winstage.at\/en\/wp-json\/wp\/v2\/product_brand?post=30137"},{"taxonomy":"product_cat","embeddable":true,"href":"https:\/\/winstage.at\/en\/wp-json\/wp\/v2\/product_cat?post=30137"},{"taxonomy":"product_tag","embeddable":true,"href":"https:\/\/winstage.at\/en\/wp-json\/wp\/v2\/product_tag?post=30137"}],"curies":[{"name":"wp","href":"https:\/\/api.w.org\/{rel}","templated":true}]}}