{"id":30164,"date":"2025-11-29T16:18:32","date_gmt":"2025-11-29T15:18:32","guid":{"rendered":"https:\/\/winstage.at\/?post_type=product&#038;p=30164"},"modified":"2025-11-29T16:18:32","modified_gmt":"2025-11-29T15:18:32","slug":"die-zeit-rennt-nimm-dir-zeit-zu-leben-gruendel-pfaff-inge","status":"publish","type":"product","link":"https:\/\/winstage.at\/en\/event\/die-zeit-rennt-nimm-dir-zeit-zu-leben-gruendel-pfaff-inge\/","title":{"rendered":"Die Zeit rennt &#8211; Nimm Dir Zeit zu leben"},"content":{"rendered":"<p>Mit dieser Arbeit wollte ich das Gef\u00fchl der fliehenden Zeit einfangen und gleichzeitig die Einladung zum bewussten Leben aussprechen. Die lebendigen, kontrastreichen Farben verspr\u00fchen Energie und Lebensfreude, w\u00e4hrend die realistisch gestaltete Kuckucksuhr an unser stetiges Zeitgef\u00fchl erinnert. Diese Kombination aus abstrakten, pop-artigen und realistischen Elementen schafft eine kraftvolle Botschaft f\u00fcr mehr Achtsamkeit in deinem Zuhause. Acryl\/\u00d6l\/Neon\/Farbspray (Versandkosten je nach Land fallen extra an)<\/p>\n","protected":false},"excerpt":{"rendered":"<p>Mit dieser Arbeit wollte ich das Gef\u00fchl der fliehenden Zeit einfangen und gleichzeitig die Einladung&#8230;<\/p>\n","protected":false},"author":160,"featured_media":30138,"template":"","meta":{"_acf_changed":false,"iawp_total_views":1},"besichtigung":[762],"filter_size":[37],"filter_style":[856],"filter_technique":[103],"kunstler":[1188],"product_brand":[],"product_cat":[944],"product_tag":[],"class_list":{"0":"post-30164","1":"product","2":"type-product","3":"status-publish","4":"has-post-thumbnail","6":"besichtigung-nur-online","7":"filter_size-m","8":"filter_style-gemaelde","9":"filter_technique-mischtechnik","10":"kunstler-inge-gruendel-pfaff","11":"product_cat-pro","13":"first","14":"instock","15":"shipping-taxable","16":"purchasable","17":"product-type-simple"},"acf":[],"_links":{"self":[{"href":"https:\/\/winstage.at\/en\/wp-json\/wp\/v2\/product\/30164","targetHints":{"allow":["GET"]}}],"collection":[{"href":"https:\/\/winstage.at\/en\/wp-json\/wp\/v2\/product"}],"about":[{"href":"https:\/\/winstage.at\/en\/wp-json\/wp\/v2\/types\/product"}],"author":[{"embeddable":true,"href":"https:\/\/winstage.at\/en\/wp-json\/wp\/v2\/users\/160"}],"wp:featuredmedia":[{"embeddable":true,"href":"https:\/\/winstage.at\/en\/wp-json\/wp\/v2\/media\/30138"}],"wp:attachment":[{"href":"https:\/\/winstage.at\/en\/wp-json\/wp\/v2\/media?parent=30164"}],"wp:term":[{"taxonomy":"besichtigung","embeddable":true,"href":"https:\/\/winstage.at\/en\/wp-json\/wp\/v2\/besichtigung?post=30164"},{"taxonomy":"filter_size","embeddable":true,"href":"https:\/\/winstage.at\/en\/wp-json\/wp\/v2\/filter_size?post=30164"},{"taxonomy":"filter_style","embeddable":true,"href":"https:\/\/winstage.at\/en\/wp-json\/wp\/v2\/filter_style?post=30164"},{"taxonomy":"filter_technique","embeddable":true,"href":"https:\/\/winstage.at\/en\/wp-json\/wp\/v2\/filter_technique?post=30164"},{"taxonomy":"kunstler","embeddable":true,"href":"https:\/\/winstage.at\/en\/wp-json\/wp\/v2\/kunstler?post=30164"},{"taxonomy":"product_brand","embeddable":true,"href":"https:\/\/winstage.at\/en\/wp-json\/wp\/v2\/product_brand?post=30164"},{"taxonomy":"product_cat","embeddable":true,"href":"https:\/\/winstage.at\/en\/wp-json\/wp\/v2\/product_cat?post=30164"},{"taxonomy":"product_tag","embeddable":true,"href":"https:\/\/winstage.at\/en\/wp-json\/wp\/v2\/product_tag?post=30164"}],"curies":[{"name":"wp","href":"https:\/\/api.w.org\/{rel}","templated":true}]}}