{"id":30167,"date":"2025-11-29T16:18:22","date_gmt":"2025-11-29T15:18:22","guid":{"rendered":"https:\/\/winstage.at\/?post_type=product&#038;p=30167"},"modified":"2025-11-29T16:18:23","modified_gmt":"2025-11-29T15:18:23","slug":"zauber-des-lebens-gruendel-pfaff-inge","status":"publish","type":"product","link":"https:\/\/winstage.at\/en\/event\/zauber-des-lebens-gruendel-pfaff-inge\/","title":{"rendered":"Zauber des Lebens"},"content":{"rendered":"<p>In diesem Werk wollte ich die reine Freude und das Staunen der Kindheit einfangen. Die lebendigen, warmen Rott\u00f6ne und die feinen Details im Gesicht des M\u00e4dchens spiegeln die Energie und die Emotionen eines Moments wider, in dem sie ganz in der Betrachtung eines Vogels vertieft ist. Diese Szene symbolisiert die Sch\u00f6nheit und Verg\u00e4nglichkeit des Augenblicks, und erinnert uns daran, die kleinen Wunder in unserem Leben zu sch\u00e4tzen. (Versandkosten fallen je nach Land extra an)<\/p>\n","protected":false},"excerpt":{"rendered":"<p>In diesem Werk wollte ich die reine Freude und das Staunen der Kindheit einfangen. Die&#8230;<\/p>\n","protected":false},"author":160,"featured_media":30165,"template":"","meta":{"_acf_changed":false,"iawp_total_views":0},"besichtigung":[762],"filter_size":[34],"filter_style":[856],"filter_technique":[103],"kunstler":[1188],"product_brand":[],"product_cat":[944],"product_tag":[],"class_list":{"0":"post-30167","1":"product","2":"type-product","3":"status-publish","4":"has-post-thumbnail","6":"besichtigung-nur-online","7":"filter_size-l","8":"filter_style-gemaelde","9":"filter_technique-mischtechnik","10":"kunstler-inge-gruendel-pfaff","11":"product_cat-pro","13":"first","14":"instock","15":"shipping-taxable","16":"purchasable","17":"product-type-simple"},"acf":[],"_links":{"self":[{"href":"https:\/\/winstage.at\/en\/wp-json\/wp\/v2\/product\/30167","targetHints":{"allow":["GET"]}}],"collection":[{"href":"https:\/\/winstage.at\/en\/wp-json\/wp\/v2\/product"}],"about":[{"href":"https:\/\/winstage.at\/en\/wp-json\/wp\/v2\/types\/product"}],"author":[{"embeddable":true,"href":"https:\/\/winstage.at\/en\/wp-json\/wp\/v2\/users\/160"}],"wp:featuredmedia":[{"embeddable":true,"href":"https:\/\/winstage.at\/en\/wp-json\/wp\/v2\/media\/30165"}],"wp:attachment":[{"href":"https:\/\/winstage.at\/en\/wp-json\/wp\/v2\/media?parent=30167"}],"wp:term":[{"taxonomy":"besichtigung","embeddable":true,"href":"https:\/\/winstage.at\/en\/wp-json\/wp\/v2\/besichtigung?post=30167"},{"taxonomy":"filter_size","embeddable":true,"href":"https:\/\/winstage.at\/en\/wp-json\/wp\/v2\/filter_size?post=30167"},{"taxonomy":"filter_style","embeddable":true,"href":"https:\/\/winstage.at\/en\/wp-json\/wp\/v2\/filter_style?post=30167"},{"taxonomy":"filter_technique","embeddable":true,"href":"https:\/\/winstage.at\/en\/wp-json\/wp\/v2\/filter_technique?post=30167"},{"taxonomy":"kunstler","embeddable":true,"href":"https:\/\/winstage.at\/en\/wp-json\/wp\/v2\/kunstler?post=30167"},{"taxonomy":"product_brand","embeddable":true,"href":"https:\/\/winstage.at\/en\/wp-json\/wp\/v2\/product_brand?post=30167"},{"taxonomy":"product_cat","embeddable":true,"href":"https:\/\/winstage.at\/en\/wp-json\/wp\/v2\/product_cat?post=30167"},{"taxonomy":"product_tag","embeddable":true,"href":"https:\/\/winstage.at\/en\/wp-json\/wp\/v2\/product_tag?post=30167"}],"curies":[{"name":"wp","href":"https:\/\/api.w.org\/{rel}","templated":true}]}}