{"id":30209,"date":"2025-11-29T17:20:47","date_gmt":"2025-11-29T16:20:47","guid":{"rendered":"https:\/\/winstage.at\/?post_type=product&#038;p=30209"},"modified":"2025-11-29T17:33:42","modified_gmt":"2025-11-29T16:33:42","slug":"erdschichten-cornelia-hauch","status":"publish","type":"product","link":"https:\/\/winstage.at\/en\/event\/erdschichten-cornelia-hauch\/","title":{"rendered":"Erdschichten"},"content":{"rendered":"<p>\u201eAus der Erinnerung \u2013 Tiefe Erdschichten\u201c ist ein abstraktes Originalgem\u00e4lde, das sich dem Unsichtbaren widmet \u2013 den Spuren, Schichten und inneren Landschaften, die unser Leben pr\u00e4gen. Aufgetragen in kraftvoller Strukturtechnik mit Erde, Asche, Sand und \u00d6lfarben entfaltet das Werk eine vielschichtige Bildwelt. Die erdige Oberfl\u00e4che erinnert an Gestein, Ablagerung, Zeit \u2013 als w\u00fcrde das Bild arch\u00e4ologische Tiefe in sich tragen. In dunklen Naturt\u00f6nen, durchzogen von helleren Segmenten, entsteht ein Spiel zwischen Licht und Tiefe. Das Bild spricht von Erinnerung, Verg\u00e4nglichkeit, von dem, was sich nicht zeigt \u2013 es sei denn, man nimmt sich Zeit. Ein Werk f\u00fcr R\u00e4ume, in denen Kunst wirken darf. Still. Erdend. Authentisch.<\/p>\n","protected":false},"excerpt":{"rendered":"<p>\u201eAus der Erinnerung \u2013 Tiefe Erdschichten\u201c ist ein abstraktes Originalgem\u00e4lde, das sich dem Unsichtbaren widmet&#8230;<\/p>\n","protected":false},"author":174,"featured_media":30207,"template":"","meta":{"_acf_changed":false,"iawp_total_views":0},"besichtigung":[1058],"filter_size":[1064],"filter_style":[1059],"filter_technique":[1086],"kunstler":[1229],"product_brand":[],"product_cat":[1062],"product_tag":[],"class_list":{"0":"post-30209","1":"product","2":"type-product","3":"status-publish","4":"has-post-thumbnail","6":"besichtigung-nur-online","7":"filter_size-l","8":"filter_style-paintings","9":"filter_technique-mixed-media","10":"kunstler-cornelia-hauch","11":"product_cat-starter","13":"first","14":"instock","15":"shipping-taxable","16":"purchasable","17":"product-type-simple"},"acf":[],"_links":{"self":[{"href":"https:\/\/winstage.at\/en\/wp-json\/wp\/v2\/product\/30209","targetHints":{"allow":["GET"]}}],"collection":[{"href":"https:\/\/winstage.at\/en\/wp-json\/wp\/v2\/product"}],"about":[{"href":"https:\/\/winstage.at\/en\/wp-json\/wp\/v2\/types\/product"}],"author":[{"embeddable":true,"href":"https:\/\/winstage.at\/en\/wp-json\/wp\/v2\/users\/174"}],"wp:featuredmedia":[{"embeddable":true,"href":"https:\/\/winstage.at\/en\/wp-json\/wp\/v2\/media\/30207"}],"wp:attachment":[{"href":"https:\/\/winstage.at\/en\/wp-json\/wp\/v2\/media?parent=30209"}],"wp:term":[{"taxonomy":"besichtigung","embeddable":true,"href":"https:\/\/winstage.at\/en\/wp-json\/wp\/v2\/besichtigung?post=30209"},{"taxonomy":"filter_size","embeddable":true,"href":"https:\/\/winstage.at\/en\/wp-json\/wp\/v2\/filter_size?post=30209"},{"taxonomy":"filter_style","embeddable":true,"href":"https:\/\/winstage.at\/en\/wp-json\/wp\/v2\/filter_style?post=30209"},{"taxonomy":"filter_technique","embeddable":true,"href":"https:\/\/winstage.at\/en\/wp-json\/wp\/v2\/filter_technique?post=30209"},{"taxonomy":"kunstler","embeddable":true,"href":"https:\/\/winstage.at\/en\/wp-json\/wp\/v2\/kunstler?post=30209"},{"taxonomy":"product_brand","embeddable":true,"href":"https:\/\/winstage.at\/en\/wp-json\/wp\/v2\/product_brand?post=30209"},{"taxonomy":"product_cat","embeddable":true,"href":"https:\/\/winstage.at\/en\/wp-json\/wp\/v2\/product_cat?post=30209"},{"taxonomy":"product_tag","embeddable":true,"href":"https:\/\/winstage.at\/en\/wp-json\/wp\/v2\/product_tag?post=30209"}],"curies":[{"name":"wp","href":"https:\/\/api.w.org\/{rel}","templated":true}]}}