{"id":30241,"date":"2025-12-01T10:05:20","date_gmt":"2025-12-01T09:05:20","guid":{"rendered":"https:\/\/winstage.at\/?post_type=product&#038;p=30241"},"modified":"2025-12-01T10:05:21","modified_gmt":"2025-12-01T09:05:21","slug":"zuerich-bahnhofstrasse-alfio-sacco","status":"publish","type":"product","link":"https:\/\/winstage.at\/en\/event\/zuerich-bahnhofstrasse-alfio-sacco\/","title":{"rendered":"Z\u00fcrich Bahnhofstrasse"},"content":{"rendered":"<p>In diesem Foto wollte ich die flie\u00dfende und pulsierende Energie des modernen Stadtlebens einfangen. Die verschwommenen Formen und leuchtenden Farben vermitteln die unaufh\u00f6rliche Bewegung der Stra\u00dfe und erzeugen so ein Gef\u00fchl von Dynamik und Geheimnis. Dieses Werk strahlt eine lebendige, zeitgen\u00f6ssische Energie aus und verwandelt jeden Raum mit seinem Licht und seinem dynamischen Rhythmus.<\/p>\n","protected":false},"excerpt":{"rendered":"<p>In diesem Foto wollte ich die flie\u00dfende und pulsierende Energie des modernen Stadtlebens einfangen. Die&#8230;<\/p>\n","protected":false},"author":175,"featured_media":30221,"template":"","meta":{"_acf_changed":false,"iawp_total_views":0},"besichtigung":[1058],"filter_size":[1064],"filter_style":[1068],"filter_technique":[1092],"kunstler":[1231],"product_brand":[],"product_cat":[1130],"product_tag":[],"class_list":{"0":"post-30241","1":"product","2":"type-product","3":"status-publish","4":"has-post-thumbnail","6":"besichtigung-nur-online","7":"filter_size-l","8":"filter_style-photography","9":"filter_technique-print","10":"kunstler-alfio-sacco","11":"product_cat-pro","13":"first","14":"instock","15":"shipping-taxable","16":"purchasable","17":"product-type-simple"},"acf":[],"_links":{"self":[{"href":"https:\/\/winstage.at\/en\/wp-json\/wp\/v2\/product\/30241","targetHints":{"allow":["GET"]}}],"collection":[{"href":"https:\/\/winstage.at\/en\/wp-json\/wp\/v2\/product"}],"about":[{"href":"https:\/\/winstage.at\/en\/wp-json\/wp\/v2\/types\/product"}],"author":[{"embeddable":true,"href":"https:\/\/winstage.at\/en\/wp-json\/wp\/v2\/users\/175"}],"wp:featuredmedia":[{"embeddable":true,"href":"https:\/\/winstage.at\/en\/wp-json\/wp\/v2\/media\/30221"}],"wp:attachment":[{"href":"https:\/\/winstage.at\/en\/wp-json\/wp\/v2\/media?parent=30241"}],"wp:term":[{"taxonomy":"besichtigung","embeddable":true,"href":"https:\/\/winstage.at\/en\/wp-json\/wp\/v2\/besichtigung?post=30241"},{"taxonomy":"filter_size","embeddable":true,"href":"https:\/\/winstage.at\/en\/wp-json\/wp\/v2\/filter_size?post=30241"},{"taxonomy":"filter_style","embeddable":true,"href":"https:\/\/winstage.at\/en\/wp-json\/wp\/v2\/filter_style?post=30241"},{"taxonomy":"filter_technique","embeddable":true,"href":"https:\/\/winstage.at\/en\/wp-json\/wp\/v2\/filter_technique?post=30241"},{"taxonomy":"kunstler","embeddable":true,"href":"https:\/\/winstage.at\/en\/wp-json\/wp\/v2\/kunstler?post=30241"},{"taxonomy":"product_brand","embeddable":true,"href":"https:\/\/winstage.at\/en\/wp-json\/wp\/v2\/product_brand?post=30241"},{"taxonomy":"product_cat","embeddable":true,"href":"https:\/\/winstage.at\/en\/wp-json\/wp\/v2\/product_cat?post=30241"},{"taxonomy":"product_tag","embeddable":true,"href":"https:\/\/winstage.at\/en\/wp-json\/wp\/v2\/product_tag?post=30241"}],"curies":[{"name":"wp","href":"https:\/\/api.w.org\/{rel}","templated":true}]}}