{"id":30243,"date":"2025-12-01T10:04:24","date_gmt":"2025-12-01T09:04:24","guid":{"rendered":"https:\/\/winstage.at\/?post_type=product&#038;p=30243"},"modified":"2025-12-01T10:04:25","modified_gmt":"2025-12-01T09:04:25","slug":"kuba-alfio-sacco","status":"publish","type":"product","link":"https:\/\/winstage.at\/en\/event\/kuba-alfio-sacco\/","title":{"rendered":"Kuba"},"content":{"rendered":"<p>In diesem Foto wollte ich die pulsierende Energie des Stra\u00dfenlebens einfangen. Gesichter und Bewegungen sind verschwimmend dargestellt, um die Dynamik und den unaufh\u00f6rlichen Fluss der Zeit zu vermitteln. Das Werk evoziert ein Gef\u00fchl harmonischen Chaos und l\u00e4dt den Betrachter ein, die lebendige und authentische Energie des urbanen Raums zu erleben. Es verleiht jedem Umfeld Vitalit\u00e4t und Bewegung.<\/p>\n","protected":false},"excerpt":{"rendered":"<p>In diesem Foto wollte ich die pulsierende Energie des Stra\u00dfenlebens einfangen. Gesichter und Bewegungen sind&#8230;<\/p>\n","protected":false},"author":175,"featured_media":30223,"template":"","meta":{"_acf_changed":false,"iawp_total_views":0},"besichtigung":[1058],"filter_size":[1063],"filter_style":[1068],"filter_technique":[1092],"kunstler":[1231],"product_brand":[],"product_cat":[1130],"product_tag":[],"class_list":{"0":"post-30243","1":"product","2":"type-product","3":"status-publish","4":"has-post-thumbnail","6":"besichtigung-nur-online","7":"filter_size-m","8":"filter_style-photography","9":"filter_technique-print","10":"kunstler-alfio-sacco","11":"product_cat-pro","13":"first","14":"instock","15":"shipping-taxable","16":"purchasable","17":"product-type-simple"},"acf":[],"_links":{"self":[{"href":"https:\/\/winstage.at\/en\/wp-json\/wp\/v2\/product\/30243","targetHints":{"allow":["GET"]}}],"collection":[{"href":"https:\/\/winstage.at\/en\/wp-json\/wp\/v2\/product"}],"about":[{"href":"https:\/\/winstage.at\/en\/wp-json\/wp\/v2\/types\/product"}],"author":[{"embeddable":true,"href":"https:\/\/winstage.at\/en\/wp-json\/wp\/v2\/users\/175"}],"wp:featuredmedia":[{"embeddable":true,"href":"https:\/\/winstage.at\/en\/wp-json\/wp\/v2\/media\/30223"}],"wp:attachment":[{"href":"https:\/\/winstage.at\/en\/wp-json\/wp\/v2\/media?parent=30243"}],"wp:term":[{"taxonomy":"besichtigung","embeddable":true,"href":"https:\/\/winstage.at\/en\/wp-json\/wp\/v2\/besichtigung?post=30243"},{"taxonomy":"filter_size","embeddable":true,"href":"https:\/\/winstage.at\/en\/wp-json\/wp\/v2\/filter_size?post=30243"},{"taxonomy":"filter_style","embeddable":true,"href":"https:\/\/winstage.at\/en\/wp-json\/wp\/v2\/filter_style?post=30243"},{"taxonomy":"filter_technique","embeddable":true,"href":"https:\/\/winstage.at\/en\/wp-json\/wp\/v2\/filter_technique?post=30243"},{"taxonomy":"kunstler","embeddable":true,"href":"https:\/\/winstage.at\/en\/wp-json\/wp\/v2\/kunstler?post=30243"},{"taxonomy":"product_brand","embeddable":true,"href":"https:\/\/winstage.at\/en\/wp-json\/wp\/v2\/product_brand?post=30243"},{"taxonomy":"product_cat","embeddable":true,"href":"https:\/\/winstage.at\/en\/wp-json\/wp\/v2\/product_cat?post=30243"},{"taxonomy":"product_tag","embeddable":true,"href":"https:\/\/winstage.at\/en\/wp-json\/wp\/v2\/product_tag?post=30243"}],"curies":[{"name":"wp","href":"https:\/\/api.w.org\/{rel}","templated":true}]}}