{"id":30245,"date":"2025-12-01T10:04:32","date_gmt":"2025-12-01T09:04:32","guid":{"rendered":"https:\/\/winstage.at\/?post_type=product&#038;p=30245"},"modified":"2025-12-01T10:04:33","modified_gmt":"2025-12-01T09:04:33","slug":"dg-alfio-sacco","status":"publish","type":"product","link":"https:\/\/winstage.at\/en\/event\/dg-alfio-sacco\/","title":{"rendered":"DG"},"content":{"rendered":"<p>In diesem Foto wollte ich die fl\u00fcchtige Energie des Stadtlebens einfangen und die Dynamik der Menschen in Bewegung verewigen. Die verschwommenen R\u00e4nder erinnern an den unaufh\u00f6rlichen Strom von Emotionen und Geschichten, die sich auf den Stra\u00dfen verflechten. Dieses Bild bringt ein Gef\u00fchl von Vitalit\u00e4t, harmonischem Chaos und der Sch\u00f6nheit, die in kleinen, allt\u00e4glichen Momenten verborgen liegt.<\/p>\n","protected":false},"excerpt":{"rendered":"<p>In diesem Foto wollte ich die fl\u00fcchtige Energie des Stadtlebens einfangen und die Dynamik der&#8230;<\/p>\n","protected":false},"author":175,"featured_media":30225,"template":"","meta":{"_acf_changed":false,"iawp_total_views":0},"besichtigung":[1058],"filter_size":[1063],"filter_style":[1068],"filter_technique":[1092],"kunstler":[1231],"product_brand":[],"product_cat":[1130],"product_tag":[],"class_list":{"0":"post-30245","1":"product","2":"type-product","3":"status-publish","4":"has-post-thumbnail","6":"besichtigung-nur-online","7":"filter_size-m","8":"filter_style-photography","9":"filter_technique-print","10":"kunstler-alfio-sacco","11":"product_cat-pro","13":"first","14":"instock","15":"shipping-taxable","16":"purchasable","17":"product-type-simple"},"acf":[],"_links":{"self":[{"href":"https:\/\/winstage.at\/en\/wp-json\/wp\/v2\/product\/30245","targetHints":{"allow":["GET"]}}],"collection":[{"href":"https:\/\/winstage.at\/en\/wp-json\/wp\/v2\/product"}],"about":[{"href":"https:\/\/winstage.at\/en\/wp-json\/wp\/v2\/types\/product"}],"author":[{"embeddable":true,"href":"https:\/\/winstage.at\/en\/wp-json\/wp\/v2\/users\/175"}],"wp:featuredmedia":[{"embeddable":true,"href":"https:\/\/winstage.at\/en\/wp-json\/wp\/v2\/media\/30225"}],"wp:attachment":[{"href":"https:\/\/winstage.at\/en\/wp-json\/wp\/v2\/media?parent=30245"}],"wp:term":[{"taxonomy":"besichtigung","embeddable":true,"href":"https:\/\/winstage.at\/en\/wp-json\/wp\/v2\/besichtigung?post=30245"},{"taxonomy":"filter_size","embeddable":true,"href":"https:\/\/winstage.at\/en\/wp-json\/wp\/v2\/filter_size?post=30245"},{"taxonomy":"filter_style","embeddable":true,"href":"https:\/\/winstage.at\/en\/wp-json\/wp\/v2\/filter_style?post=30245"},{"taxonomy":"filter_technique","embeddable":true,"href":"https:\/\/winstage.at\/en\/wp-json\/wp\/v2\/filter_technique?post=30245"},{"taxonomy":"kunstler","embeddable":true,"href":"https:\/\/winstage.at\/en\/wp-json\/wp\/v2\/kunstler?post=30245"},{"taxonomy":"product_brand","embeddable":true,"href":"https:\/\/winstage.at\/en\/wp-json\/wp\/v2\/product_brand?post=30245"},{"taxonomy":"product_cat","embeddable":true,"href":"https:\/\/winstage.at\/en\/wp-json\/wp\/v2\/product_cat?post=30245"},{"taxonomy":"product_tag","embeddable":true,"href":"https:\/\/winstage.at\/en\/wp-json\/wp\/v2\/product_tag?post=30245"}],"curies":[{"name":"wp","href":"https:\/\/api.w.org\/{rel}","templated":true}]}}