{"id":30247,"date":"2025-12-01T10:04:40","date_gmt":"2025-12-01T09:04:40","guid":{"rendered":"https:\/\/winstage.at\/?post_type=product&#038;p=30247"},"modified":"2025-12-01T10:04:41","modified_gmt":"2025-12-01T09:04:41","slug":"zuerich-urbanitaet-alfio-sacco","status":"publish","type":"product","link":"https:\/\/winstage.at\/en\/event\/zuerich-urbanitaet-alfio-sacco\/","title":{"rendered":"Z\u00fcrich Urbanit\u00e4t"},"content":{"rendered":"<p>diesem Foto habe ich das pulsierende und chaotische Tempo des Stadtlebens eingefangen und die Konturen verwischt, um Energie und Bewegung zu vermitteln. Ich wollte, dass der Betrachter die Dynamik und Intensit\u00e4t eines fl\u00fcchtigen Augenblicks sp\u00fcrt, als w\u00e4re er mitten im st\u00e4ndig wechselnden Gedr\u00e4nge. Dieses Werk bringt eine Explosion von Leben und Dynamik in Ihr Zuhause \u2013 perfekt f\u00fcr alle, die das pulsierende Wesen der Stadt lieben.<\/p>\n","protected":false},"excerpt":{"rendered":"<p>diesem Foto habe ich das pulsierende und chaotische Tempo des Stadtlebens eingefangen und die Konturen&#8230;<\/p>\n","protected":false},"author":175,"featured_media":30227,"template":"","meta":{"_acf_changed":false,"iawp_total_views":0},"besichtigung":[1058],"filter_size":[1064],"filter_style":[1068],"filter_technique":[1092],"kunstler":[1231],"product_brand":[],"product_cat":[1130],"product_tag":[],"class_list":{"0":"post-30247","1":"product","2":"type-product","3":"status-publish","4":"has-post-thumbnail","6":"besichtigung-nur-online","7":"filter_size-l","8":"filter_style-photography","9":"filter_technique-print","10":"kunstler-alfio-sacco","11":"product_cat-pro","13":"first","14":"instock","15":"shipping-taxable","16":"purchasable","17":"product-type-simple"},"acf":[],"_links":{"self":[{"href":"https:\/\/winstage.at\/en\/wp-json\/wp\/v2\/product\/30247","targetHints":{"allow":["GET"]}}],"collection":[{"href":"https:\/\/winstage.at\/en\/wp-json\/wp\/v2\/product"}],"about":[{"href":"https:\/\/winstage.at\/en\/wp-json\/wp\/v2\/types\/product"}],"author":[{"embeddable":true,"href":"https:\/\/winstage.at\/en\/wp-json\/wp\/v2\/users\/175"}],"wp:featuredmedia":[{"embeddable":true,"href":"https:\/\/winstage.at\/en\/wp-json\/wp\/v2\/media\/30227"}],"wp:attachment":[{"href":"https:\/\/winstage.at\/en\/wp-json\/wp\/v2\/media?parent=30247"}],"wp:term":[{"taxonomy":"besichtigung","embeddable":true,"href":"https:\/\/winstage.at\/en\/wp-json\/wp\/v2\/besichtigung?post=30247"},{"taxonomy":"filter_size","embeddable":true,"href":"https:\/\/winstage.at\/en\/wp-json\/wp\/v2\/filter_size?post=30247"},{"taxonomy":"filter_style","embeddable":true,"href":"https:\/\/winstage.at\/en\/wp-json\/wp\/v2\/filter_style?post=30247"},{"taxonomy":"filter_technique","embeddable":true,"href":"https:\/\/winstage.at\/en\/wp-json\/wp\/v2\/filter_technique?post=30247"},{"taxonomy":"kunstler","embeddable":true,"href":"https:\/\/winstage.at\/en\/wp-json\/wp\/v2\/kunstler?post=30247"},{"taxonomy":"product_brand","embeddable":true,"href":"https:\/\/winstage.at\/en\/wp-json\/wp\/v2\/product_brand?post=30247"},{"taxonomy":"product_cat","embeddable":true,"href":"https:\/\/winstage.at\/en\/wp-json\/wp\/v2\/product_cat?post=30247"},{"taxonomy":"product_tag","embeddable":true,"href":"https:\/\/winstage.at\/en\/wp-json\/wp\/v2\/product_tag?post=30247"}],"curies":[{"name":"wp","href":"https:\/\/api.w.org\/{rel}","templated":true}]}}