{"id":30251,"date":"2025-12-01T10:03:50","date_gmt":"2025-12-01T09:03:50","guid":{"rendered":"https:\/\/winstage.at\/?post_type=product&#038;p=30251"},"modified":"2025-12-01T10:03:51","modified_gmt":"2025-12-01T09:03:51","slug":"lange-schritte-alfio-sacco","status":"publish","type":"product","link":"https:\/\/winstage.at\/en\/event\/lange-schritte-alfio-sacco\/","title":{"rendered":"Lange schritte"},"content":{"rendered":"<p>In dieser Arbeit habe ich die fl\u00fcchtige Bewegung von Menschen eingefangen und die Geschwindigkeit und Dynamik des urbanen Lebens erforscht. Ich wollte die pulsierende Energie der Stadt vermitteln, in der jeder Schritt eine andere Geschichte erz\u00e4hlt. Das Werk strahlt Dynamik und Geheimnis aus und verwandelt einen allt\u00e4glichen Blick in einen Moment zwischen Realit\u00e4t und Traum. Eine zeitgen\u00f6ssische Note, die jeden Raum belebt.<\/p>\n","protected":false},"excerpt":{"rendered":"<p>In dieser Arbeit habe ich die fl\u00fcchtige Bewegung von Menschen eingefangen und die Geschwindigkeit und&#8230;<\/p>\n","protected":false},"author":175,"featured_media":30231,"template":"","meta":{"_acf_changed":false,"iawp_total_views":0},"besichtigung":[1058],"filter_size":[1063],"filter_style":[1068],"filter_technique":[1092],"kunstler":[1231],"product_brand":[],"product_cat":[1130],"product_tag":[],"class_list":{"0":"post-30251","1":"product","2":"type-product","3":"status-publish","4":"has-post-thumbnail","6":"besichtigung-nur-online","7":"filter_size-m","8":"filter_style-photography","9":"filter_technique-print","10":"kunstler-alfio-sacco","11":"product_cat-pro","13":"first","14":"instock","15":"shipping-taxable","16":"purchasable","17":"product-type-simple"},"acf":[],"_links":{"self":[{"href":"https:\/\/winstage.at\/en\/wp-json\/wp\/v2\/product\/30251","targetHints":{"allow":["GET"]}}],"collection":[{"href":"https:\/\/winstage.at\/en\/wp-json\/wp\/v2\/product"}],"about":[{"href":"https:\/\/winstage.at\/en\/wp-json\/wp\/v2\/types\/product"}],"author":[{"embeddable":true,"href":"https:\/\/winstage.at\/en\/wp-json\/wp\/v2\/users\/175"}],"wp:featuredmedia":[{"embeddable":true,"href":"https:\/\/winstage.at\/en\/wp-json\/wp\/v2\/media\/30231"}],"wp:attachment":[{"href":"https:\/\/winstage.at\/en\/wp-json\/wp\/v2\/media?parent=30251"}],"wp:term":[{"taxonomy":"besichtigung","embeddable":true,"href":"https:\/\/winstage.at\/en\/wp-json\/wp\/v2\/besichtigung?post=30251"},{"taxonomy":"filter_size","embeddable":true,"href":"https:\/\/winstage.at\/en\/wp-json\/wp\/v2\/filter_size?post=30251"},{"taxonomy":"filter_style","embeddable":true,"href":"https:\/\/winstage.at\/en\/wp-json\/wp\/v2\/filter_style?post=30251"},{"taxonomy":"filter_technique","embeddable":true,"href":"https:\/\/winstage.at\/en\/wp-json\/wp\/v2\/filter_technique?post=30251"},{"taxonomy":"kunstler","embeddable":true,"href":"https:\/\/winstage.at\/en\/wp-json\/wp\/v2\/kunstler?post=30251"},{"taxonomy":"product_brand","embeddable":true,"href":"https:\/\/winstage.at\/en\/wp-json\/wp\/v2\/product_brand?post=30251"},{"taxonomy":"product_cat","embeddable":true,"href":"https:\/\/winstage.at\/en\/wp-json\/wp\/v2\/product_cat?post=30251"},{"taxonomy":"product_tag","embeddable":true,"href":"https:\/\/winstage.at\/en\/wp-json\/wp\/v2\/product_tag?post=30251"}],"curies":[{"name":"wp","href":"https:\/\/api.w.org\/{rel}","templated":true}]}}